{"id":3980,"date":"2015-11-05T12:39:31","date_gmt":"2015-11-05T11:39:31","guid":{"rendered":"https:\/\/www.industriaslaneko.com\/hot-stamped-screws-bolts-track-screws-and-special-equipment-for-road-transport\/"},"modified":"2025-05-22T12:48:52","modified_gmt":"2025-05-22T10:48:52","slug":"hot-stamped-screws-bolts-track-screws-and-special-equipment-for-road-transport","status":"publish","type":"page","link":"https:\/\/www.industriaslaneko.com\/en\/","title":{"rendered":"Hot stamped screws, bolts, track screws and special equipment for road transport"},"content":{"rendered":"<div class=\"wpb-content-wrapper\"><p>[vc_row full_width=&#8221;stretch_row_content_no_spaces&#8221; video_autoplay=&#8221;true&#8221; video_controls=&#8221;true&#8221; video_mute=&#8221;true&#8221; css=&#8221;.vc_custom_1446920005212{margin-top: -80px !important;margin-bottom: 0px !important;}&#8221; el_id=&#8221;first&#8221;][vc_column]\n    <div id=\"veented-slider-4697\" class=\"veented-slider-holder veented-slider-fullscreen\" data-slider-autoplay=\"7000\" data-slider-effect=\"slide\">\n\n\t\t<div class=\"veented-slider-loader\">\n\t\t\t<div class=\"spinner\">\n\t\t\t  <div class=\"dot1\"><\/div>\n\t\t\t  <div class=\"dot2\"><\/div>\n\t\t\t<\/div>\n\t\t<\/div>\n\n\t\t<div class=\"veented-slider swiper-containers\">\n\n\t\t\t<div class=\"veented-slider-inner swiper-wrapper\">\n\n\t\t\t\t\n\t\t\t\t<div class=\"swiper-slide veented-slide swiper-lazy veented-slide-1 veented-slide-align-left veented-slide-color-white veented-slide-heading-transform- veented-slide-heading-weight- veented-slide-overlay-dark\" style=\"background-image:url(https:\/\/www.industriaslaneko.com\/wp-content\/uploads\/2015\/11\/tornillos-para-energia-eolica.jpg);\" data-background=\"https:\/\/www.industriaslaneko.com\/wp-content\/uploads\/2015\/11\/tornillos-para-energia-eolica.jpg\">\n\n\t\t\t\t\t<div class=\"inner\">\n\t\t\t\t\t\t<div class=\"veented-slide-inner\">\n\t\t\t\t\t\t\t\t\t\t\t\t\t\t<h2 class=\"veented-slide-heading animated animatedSlider\"> INDUSTRIAS LANEKO<\/h2>\n\t\t\t\t\t\t\t\t\t\t\t\t\t\t<p class=\"veented-slide-paragraph animated animatedSlider\">Industrias Laneko es una empresa especializada en la fabricaci\u00f3n de torniller\u00eda estampada en caliente, pernos, tirafondos de v\u00eda y equipos especiales para el transporte por carretera.<\/p>\n\t\t\t\t\t\t\t<div class=\"veented-slide-buttons animated animatedSlider\"><a class=\"btn btn-white btn-style-stroke btn-hover-accent4 veented-slide-button1\" href=\"\/nuestros-productos\/tornilleria\/\">NUESTROS PRODUCTOS<\/a><\/div>\t\t\t\t\t\t<\/div>\n\n\t\t\t\t\t<\/div>\n\n\t\t\t\t<\/div>\n\n\t\t\t\t\n\t\t\t\t<div class=\"swiper-slide veented-slide swiper-lazy veented-slide-2 veented-slide-align-center veented-slide-color-white veented-slide-heading-transform- veented-slide-heading-weight- veented-slide-overlay-dark\" style=\"background-image:url(https:\/\/www.industriaslaneko.com\/wp-content\/uploads\/2015\/11\/Calidad-Industrias-Laneko.jpg);\" data-background=\"https:\/\/www.industriaslaneko.com\/wp-content\/uploads\/2015\/11\/Calidad-Industrias-Laneko.jpg\">\n\n\t\t\t\t\t<div class=\"inner\">\n\t\t\t\t\t\t<div class=\"veented-slide-inner\">\n\t\t\t\t\t\t\t\t\t\t\t\t\t\t\t<h3 class=\"veented-slide-secondary-heading animated animatedSlider\">Calidad y monitorizaci\u00f3n<\/h3>\n\t\t\t\t\t\t\t\t\t\t\t\t\t\t\t<h2 class=\"veented-slide-heading animated animatedSlider\"> en mejora continua e innovaci\u00f3n<\/h2>\n\t\t\t\t\t\t\t\t\t\t\t\t\t\t<p class=\"veented-slide-paragraph animated animatedSlider\">Contamos con un sistema de gesti\u00f3n integrado de Calidad, Medio ambiente y Seguridad y salud.<\/p>\n\t\t\t\t\t\t\t<div class=\"veented-slide-buttons animated animatedSlider\"><a class=\"btn btn-accent3 btn-hover-white veented-slide-button1\" href=\"\/calidad\/\">CALIDAD<\/a><\/div>\t\t\t\t\t\t<\/div>\n\n\t\t\t\t\t<\/div>\n\n\t\t\t\t<\/div>\n\n\t\t\t\t\n\t\t\t\t<div class=\"swiper-slide veented-slide swiper-lazy veented-slide-3 veented-slide-align-left veented-slide-color-white veented-slide-heading-transform- veented-slide-heading-weight- veented-slide-overlay-dark\" style=\"background-image:url(https:\/\/www.industriaslaneko.com\/wp-content\/uploads\/2019\/05\/tornilleria-para-industria-1.jpg);\" data-background=\"https:\/\/www.industriaslaneko.com\/wp-content\/uploads\/2019\/05\/tornilleria-para-industria-1.jpg\">\n\n\t\t\t\t\t<div class=\"inner\">\n\t\t\t\t\t\t<div class=\"veented-slide-inner\">\n\t\t\t\t\t\t\t\t\t\t\t\t\t\t\t<h3 class=\"veented-slide-secondary-heading animated animatedSlider\">M\u00e1s de medio siglo<\/h3>\n\t\t\t\t\t\t\t\t\t\t\t\t\t\t\t<h2 class=\"veented-slide-heading animated animatedSlider\"> mejorando la torniller\u00eda especial para la construcci\u00f3n<\/h2>\n\t\t\t\t\t\t\t\t\t\t\t\t\t\t<p class=\"veented-slide-paragraph animated animatedSlider\">Somos referente mundial en el dise\u00f1o y fabricaci\u00f3n de torniller\u00eda especial para construcci\u00f3n<\/p>\n\t\t\t\t\t\t\t<div class=\"veented-slide-buttons animated animatedSlider\"><a class=\"btn btn-white btn-style-stroke btn-hover-accent4 veented-slide-button1\" href=\"https:\/\/www.industriaslaneko.com\/nuestros-productos\/tornilleria\/cemento\/\">TORNILLER\u00cdA PARA CEMENTO<\/a><\/div>\t\t\t\t\t\t<\/div>\n\n\t\t\t\t\t<\/div>\n\n\t\t\t\t<\/div>\n\n\t\t\t\t\n\t\t\t\t<div class=\"swiper-slide veented-slide swiper-lazy veented-slide-4 veented-slide-align-left veented-slide-color-white veented-slide-heading-transform- veented-slide-heading-weight- veented-slide-overlay-dark\" style=\"background-image:url(https:\/\/www.industriaslaneko.com\/wp-content\/uploads\/2019\/06\/Tornillos-via-tren.jpg);\" data-background=\"https:\/\/www.industriaslaneko.com\/wp-content\/uploads\/2019\/06\/Tornillos-via-tren.jpg\">\n\n\t\t\t\t\t<div class=\"inner\">\n\t\t\t\t\t\t<div class=\"veented-slide-inner\">\n\t\t\t\t\t\t\t\t\t\t\t\t\t\t\t<h3 class=\"veented-slide-secondary-heading animated animatedSlider\">INDUSTRIAS LANEKO<\/h3>\n\t\t\t\t\t\t\t\t\t\t\t\t\t\t\t<h2 class=\"veented-slide-heading animated animatedSlider\"> Somos l\u00edderes en la fabricaci\u00f3n de torniller\u00eda para v\u00edas<\/h2>\n\t\t\t\t\t\t\t\t\t\t\t\t\t\t<p class=\"veented-slide-paragraph animated animatedSlider\">Nuestras fijaciones son empleadas en la construcci\u00f3n y mantenimiento de las principales l\u00edneas de alta velocidad, etc.<\/p>\n\t\t\t\t\t\t\t<div class=\"veented-slide-buttons animated animatedSlider\"><a class=\"btn btn-white btn-style-stroke btn-hover-accent4 veented-slide-button1\" href=\"https:\/\/www.industriaslaneko.com\/nuestros-productos\/tornilleria\/vias\/\">TORNILLER\u00cdA PARA V\u00cdAS<\/a><\/div>\t\t\t\t\t\t<\/div>\n\n\t\t\t\t\t<\/div>\n\n\t\t\t\t<\/div>\n\n\t\t\t\t<style type=\"text\/css\">#veented-slider-4697 .inner { padding-top: px; }<\/style>\n\t\t\t<\/div>\n\n\t\t\t<!-- Slider Pagination -->\n\n\t\t\t<div class=\"veented-slider-pagination swiper-pagination\"><\/div>\n\n\t\t\t<!-- Slider Arrows -->\n\n\t\t\t<div class=\"swiper-button-next\"><i class=\"fa fa-angle-right\"><\/i><\/div>\n\t\t\t<div class=\"swiper-button-prev\"><i class=\"fa fa-angle-left\"><\/i><\/div>\n\n\t\t\t\n\t\t<\/div>\n\n\t<\/div>\n\n\t[\/vc_column][\/vc_row][vc_row bg_predefined_color=&#8221;accent4&#8243; video_autoplay=&#8221;true&#8221; video_controls=&#8221;true&#8221; video_mute=&#8221;true&#8221; css=&#8221;.vc_custom_1448797867942{padding-top: 35px !important;padding-bottom: 5px !important;}&#8221; el_id=&#8221;second&#8221;][vc_column width=&#8221;1\/6&#8243;][\/vc_column][vc_column width=&#8221;2\/3&#8243; css=&#8221;.vc_custom_1747907503263{margin-bottom: 30px !important;}&#8221;][vc_column_text font_size=&#8221;p18px&#8221;]<\/p>\n<p style=\"text-align: center; font-family: ubuntu, Helvetica, Arial;\">Quality, Reliability, Quick Response, Customer Satisfaction; these are the values and goals which, armed with Teamwork, Sacrifice and, above all, a great Corporate Spirit, we have transmitted to all the customers that have relied on Industrias Laneko S.A.L. since it was founded.<\/p>\n<p>[\/vc_column_text]<a href=\"https:\/\/www.industriaslaneko.com\/english\/about-us\/\" class=\"btn btn-style-circle btn-accent2 btn-center accent-hover-bg btn-icon\" target=\"_self\"><i class=\"\"><\/i>MORE ABOUT LANEKO<\/a>[\/vc_column][vc_column width=&#8221;1\/6&#8243;][\/vc_column][\/vc_row][vc_row disable_element=&#8221;yes&#8221; bg_predefined_color=&#8221;accent4&#8243; video_autoplay=&#8221;true&#8221; video_controls=&#8221;true&#8221; video_mute=&#8221;true&#8221; css=&#8221;.vc_custom_1738065132939{padding-top: 35px !important;padding-bottom: 5px !important;}&#8221;][vc_column][vc_row_inner][vc_column_inner width=&#8221;1\/2&#8243; css=&#8221;.vc_custom_1557216484285{margin-right: 20px !important;margin-left: 20px !important;padding-right: 20px !important;padding-left: 20px !important;}&#8221;][vc_single_image image=&#8221;3597&#8243; alignment=&#8221;center&#8221; onclick=&#8221;custom_link&#8221; link=&#8221;https:\/\/www.industriaslaneko.com\/en\/our-products\/fasteners\/&#8221;][vc_column_text]<\/p>\n<h2 style=\"text-align: center;\"><a href=\"https:\/\/www.industriaslaneko.com\/en\/our-products\/fasteners\/\">Fasteners<\/a><\/h2>\n<p>[\/vc_column_text][\/vc_column_inner][vc_column_inner width=&#8221;1\/2&#8243; css=&#8221;.vc_custom_1557216491253{margin-right: 20px !important;margin-left: 20px !important;padding-right: 20px !important;padding-left: 20px !important;}&#8221;][vc_single_image image=&#8221;3600&#8243; alignment=&#8221;center&#8221; onclick=&#8221;custom_link&#8221; link=&#8221;https:\/\/www.industriaslaneko.com\/en\/our-products\/special-projects\/&#8221;][vc_column_text]<\/p>\n<h2 style=\"text-align: center;\"><a href=\"https:\/\/www.industriaslaneko.com\/en\/our-products\/special-projects\/\">Special Projects<\/a><\/h2>\n<p>[\/vc_column_text][\/vc_column_inner][\/vc_row_inner][\/vc_column][\/vc_row][vc_row content_placement=&#8221;bottom&#8221; parallax=&#8221;content-moving&#8221; parallax_image=&#8221;3863&#8243; parallax_speed_bg=&#8221;1&#8243; color_scheme=&#8221;white&#8221; bg_overlay=&#8221;dark&#8221; css=&#8221;.vc_custom_1562240963989{padding-top: 70px !important;}&#8221;][vc_column][vc_column_text]<\/p>\n<h1 style=\"text-align: center;\"><strong>LANEKO QUALITY<\/strong><\/h1>\n<p style=\"text-align: center; font-family: ubuntu, Helvetica, Arial; font-style: italic; font-size: 30px; font-weight: 300;\">&#8220;Our production process is carried out under a commitment in quality, environment and safety that are present in all phases.&#8221;<\/p>\n<p>[\/vc_column_text]<div class=\"video-lightbox\"><div class=\"video-lightbox-inner\"><a href=\"https:\/\/www.youtube.com\/watch?v=hECD0TKbPag\" class=\"video-link mp-video\"><i class=\"fa fa-play\"><\/i><\/a><h1 class=\"video-lightbox-title\">video<\/h1><\/div><\/div>[\/vc_column][\/vc_row][vc_row content_placement=&#8221;middle&#8221; bg_predefined_color=&#8221;accent4&#8243; css=&#8221;.vc_custom_1571211948549{margin-bottom: 0px !important;padding-top: 40px !important;}&#8221;][vc_column][vc_column_text]<\/p>\n<h3 style=\"text-align: center;\">Convocatoria de Junta General Ordinaria 2025<\/h3>\n<p style=\"text-align: center;\"><a href=\"https:\/\/www.industriaslaneko.com\/convocatoria-de-junta-general-ordinaria\/\">Read more &gt;&gt;<\/a><\/p>\n<p>[\/vc_column_text][\/vc_column][\/vc_row][vc_row][vc_column][vc_column_text]<\/p>\n<p>[\/vc_column_text][\/vc_column][\/vc_row][vc_row content_placement=&#8221;middle&#8221; css=&#8221;.vc_custom_1568906244038{padding-top: 40px !important;}&#8221;][vc_column width=&#8221;1\/2&#8243;][\/vc_column][\/vc_row][vc_row][vc_column][vc_single_image image=&#8221;4734&#8243; alignment=&#8221;center&#8221;][vc_row_inner][vc_column_inner][vc_column_text]<\/p>\n<p style=\"text-align: center;\"><em>This company has received a grant co-financed at 40% by the European Regional Development Fund through the ERDF Operational Programme 2021-2027 of Navarra.<\/em><\/p>\n<p style=\"text-align: center;\">This company has received a grant from the Government of Navarra under the call for proposals \u2018Fomento de la Empresa Digital Navarra 2024\u2019.<\/p>\n<p style=\"text-align: center;\">This company has received a grant from the Government of Navarra under the 2023 call for proposals \u2018Fomento de la Empresa Digital de Navarra\u2019.<\/p>\n<p>[\/vc_column_text][\/vc_column_inner][\/vc_row_inner][\/vc_column][\/vc_row][vc_row content_placement=&#8221;middle&#8221; bg_predefined_color=&#8221;accent4&#8243; css=&#8221;.vc_custom_1571211948549{margin-bottom: 0px !important;padding-top: 40px !important;}&#8221;][vc_column][vc_single_image image=&#8221;4701&#8243; alignment=&#8221;center&#8221;][vc_column_text]<\/p>\n<p style=\"text-align: center;\"><em>\u2018This company\/entity has received a 100% co-financed aid with REACT EU resources, through the ERDF Operational Programme 2014-2020 of Navarra, from the Specific Objective \u2019EO REACT EU 4. Support for investments contributing to the transition to a green economy\u2018 as part of the Union&#8217;s response to the COVID-19 pandemic.\u2019<\/em><\/p>\n<p>[\/vc_column_text][vc_column_text]<\/p>\n<div style=\"text-align: center;\">\u2018This company has received a grant from the Government of Navarre under the 2023 call for aid to improve competitiveness\u2019.<\/div>\n<p>[\/vc_column_text][\/vc_column][\/vc_row][vc_row css=&#8221;.vc_custom_1747738558416{margin-top: 20px !important;}&#8221;][vc_column width=&#8221;1\/4&#8243;][vc_single_image image=&#8221;4797&#8243; img_size=&#8221;thumbnail&#8221; css=&#8221;&#8221;][\/vc_column][vc_column width=&#8221;3\/4&#8243;][vc_column_text]<\/p>\n<div class=\"elementToProof\"><em>This company has received aid from the \u2018Programa de incentivos ligados a la movilidad el\u00e9ctrica (Programa MOVES III) 2021\u2019 in Navarra, corresponding to Incentive Programme 2: Implantaci\u00f3n de infraestructura de recarga de veh\u00edculos el\u00e9ctricos BDNS 597306 Subject to aid scheme Regulation (EU) 651\/2014. Incentive Programme 2. SA 62820.<\/em><\/div>\n<p>[\/vc_column_text][\/vc_column][\/vc_row]<\/p>\n<\/div>","protected":false},"excerpt":{"rendered":"<p>[vc_row full_width=&#8221;stretch_row_content_no_spaces&#8221; video_autoplay=&#8221;true&#8221; video_controls=&#8221;true&#8221; video_mute=&#8221;true&#8221; css=&#8221;.vc_custom_1446920005212{margin-top: -80px !important;margin-bottom: 0px !important;}&#8221; el_id=&#8221;first&#8221;][vc_column][\/vc_column][\/vc_row][vc_row bg_predefined_color=&#8221;accent4&#8243; video_autoplay=&#8221;true&#8221; video_controls=&#8221;true&#8221; video_mute=&#8221;true&#8221; css=&#8221;.vc_custom_1448797867942{padding-top: 35px !important;padding-bottom: 5px !important;}&#8221; el_id=&#8221;second&#8221;][vc_column width=&#8221;1\/6&#8243;][\/vc_column][vc_column width=&#8221;2\/3&#8243; css=&#8221;.vc_custom_1747907503263{margin-bottom: 30px !important;}&#8221;][vc_column_text font_size=&#8221;p18px&#8221;] Quality, Reliability, Quick Response, Customer Satisfaction; these are the values and goals which, armed with Teamwork, Sacrifice and, above all, a great Corporate [&hellip;]<\/p>\n","protected":false},"author":1,"featured_media":0,"parent":0,"menu_order":0,"comment_status":"closed","ping_status":"closed","template":"","meta":{"content-type":"","footnotes":""},"class_list":["post-3980","page","type-page","status-publish","hentry"],"yoast_head":"<!-- This site is optimized with the Yoast SEO plugin v27.4 - https:\/\/yoast.com\/product\/yoast-seo-wordpress\/ -->\n<title>Hot stamped screws, bolts, track screws and special equipment for road transport - Industrias Laneko<\/title>\n<meta name=\"robots\" content=\"index, follow, max-snippet:-1, max-image-preview:large, max-video-preview:-1\" \/>\n<link rel=\"canonical\" href=\"https:\/\/www.industriaslaneko.com\/en\/\" \/>\n<meta property=\"og:locale\" content=\"en_US\" \/>\n<meta property=\"og:type\" content=\"article\" \/>\n<meta property=\"og:title\" content=\"Hot stamped screws, bolts, track screws and special equipment for road transport - Industrias Laneko\" \/>\n<meta property=\"og:description\" content=\"[vc_row full_width=&#8221;stretch_row_content_no_spaces&#8221; video_autoplay=&#8221;true&#8221; video_controls=&#8221;true&#8221; video_mute=&#8221;true&#8221; css=&#8221;.vc_custom_1446920005212{margin-top: -80px !important;margin-bottom: 0px !important;}&#8221; el_id=&#8221;first&#8221;][vc_column][\/vc_column][\/vc_row][vc_row bg_predefined_color=&#8221;accent4&#8243; video_autoplay=&#8221;true&#8221; video_controls=&#8221;true&#8221; video_mute=&#8221;true&#8221; css=&#8221;.vc_custom_1448797867942{padding-top: 35px !important;padding-bottom: 5px !important;}&#8221; el_id=&#8221;second&#8221;][vc_column width=&#8221;1\/6&#8243;][\/vc_column][vc_column width=&#8221;2\/3&#8243; css=&#8221;.vc_custom_1747907503263{margin-bottom: 30px !important;}&#8221;][vc_column_text font_size=&#8221;p18px&#8221;] Quality, Reliability, Quick Response, Customer Satisfaction; these are the values and goals which, armed with Teamwork, Sacrifice and, above all, a great Corporate [&hellip;]\" \/>\n<meta property=\"og:url\" content=\"https:\/\/www.industriaslaneko.com\/en\/\" \/>\n<meta property=\"og:site_name\" content=\"Industrias Laneko\" \/>\n<meta property=\"article:modified_time\" content=\"2025-05-22T10:48:52+00:00\" \/>\n<meta name=\"twitter:card\" content=\"summary_large_image\" \/>\n<meta name=\"twitter:label1\" content=\"Est. reading time\" \/>\n\t<meta name=\"twitter:data1\" content=\"4 minutes\" \/>\n<script type=\"application\/ld+json\" class=\"yoast-schema-graph\">{\"@context\":\"https:\\\/\\\/schema.org\",\"@graph\":[{\"@type\":\"WebPage\",\"@id\":\"https:\\\/\\\/www.industriaslaneko.com\\\/en\\\/\",\"url\":\"https:\\\/\\\/www.industriaslaneko.com\\\/en\\\/\",\"name\":\"Hot stamped screws, bolts, track screws and special equipment for road transport - Industrias Laneko\",\"isPartOf\":{\"@id\":\"https:\\\/\\\/www.industriaslaneko.com\\\/en\\\/#website\"},\"datePublished\":\"2015-11-05T11:39:31+00:00\",\"dateModified\":\"2025-05-22T10:48:52+00:00\",\"breadcrumb\":{\"@id\":\"https:\\\/\\\/www.industriaslaneko.com\\\/en\\\/#breadcrumb\"},\"inLanguage\":\"en-US\",\"potentialAction\":[{\"@type\":\"ReadAction\",\"target\":[\"https:\\\/\\\/www.industriaslaneko.com\\\/en\\\/\"]}]},{\"@type\":\"BreadcrumbList\",\"@id\":\"https:\\\/\\\/www.industriaslaneko.com\\\/en\\\/#breadcrumb\",\"itemListElement\":[{\"@type\":\"ListItem\",\"position\":1,\"name\":\"Portada\",\"item\":\"https:\\\/\\\/www.industriaslaneko.com\\\/en\\\/\"},{\"@type\":\"ListItem\",\"position\":2,\"name\":\"Hot stamped screws, bolts, track screws and special equipment for road transport\"}]},{\"@type\":\"WebSite\",\"@id\":\"https:\\\/\\\/www.industriaslaneko.com\\\/en\\\/#website\",\"url\":\"https:\\\/\\\/www.industriaslaneko.com\\\/en\\\/\",\"name\":\"Industrias Laneko\",\"description\":\"Industrias Laneko es una empresa especializada en la fabricaci\u00f3n de torniller\u00eda estampada en caliente, pernos, tirafondos de v\u00eda y proyectos especiales de calderer\u00eda, bienes de equipos, estructura met\u00e1lica, etc.\",\"potentialAction\":[{\"@type\":\"SearchAction\",\"target\":{\"@type\":\"EntryPoint\",\"urlTemplate\":\"https:\\\/\\\/www.industriaslaneko.com\\\/en\\\/?s={search_term_string}\"},\"query-input\":{\"@type\":\"PropertyValueSpecification\",\"valueRequired\":true,\"valueName\":\"search_term_string\"}}],\"inLanguage\":\"en-US\"}]}<\/script>\n<!-- \/ Yoast SEO plugin. -->","yoast_head_json":{"title":"Hot stamped screws, bolts, track screws and special equipment for road transport - Industrias Laneko","robots":{"index":"index","follow":"follow","max-snippet":"max-snippet:-1","max-image-preview":"max-image-preview:large","max-video-preview":"max-video-preview:-1"},"canonical":"https:\/\/www.industriaslaneko.com\/en\/","og_locale":"en_US","og_type":"article","og_title":"Hot stamped screws, bolts, track screws and special equipment for road transport - Industrias Laneko","og_description":"[vc_row full_width=&#8221;stretch_row_content_no_spaces&#8221; video_autoplay=&#8221;true&#8221; video_controls=&#8221;true&#8221; video_mute=&#8221;true&#8221; css=&#8221;.vc_custom_1446920005212{margin-top: -80px !important;margin-bottom: 0px !important;}&#8221; el_id=&#8221;first&#8221;][vc_column][\/vc_column][\/vc_row][vc_row bg_predefined_color=&#8221;accent4&#8243; video_autoplay=&#8221;true&#8221; video_controls=&#8221;true&#8221; video_mute=&#8221;true&#8221; css=&#8221;.vc_custom_1448797867942{padding-top: 35px !important;padding-bottom: 5px !important;}&#8221; el_id=&#8221;second&#8221;][vc_column width=&#8221;1\/6&#8243;][\/vc_column][vc_column width=&#8221;2\/3&#8243; css=&#8221;.vc_custom_1747907503263{margin-bottom: 30px !important;}&#8221;][vc_column_text font_size=&#8221;p18px&#8221;] Quality, Reliability, Quick Response, Customer Satisfaction; these are the values and goals which, armed with Teamwork, Sacrifice and, above all, a great Corporate [&hellip;]","og_url":"https:\/\/www.industriaslaneko.com\/en\/","og_site_name":"Industrias Laneko","article_modified_time":"2025-05-22T10:48:52+00:00","twitter_card":"summary_large_image","twitter_misc":{"Est. reading time":"4 minutes"},"schema":{"@context":"https:\/\/schema.org","@graph":[{"@type":"WebPage","@id":"https:\/\/www.industriaslaneko.com\/en\/","url":"https:\/\/www.industriaslaneko.com\/en\/","name":"Hot stamped screws, bolts, track screws and special equipment for road transport - Industrias Laneko","isPartOf":{"@id":"https:\/\/www.industriaslaneko.com\/en\/#website"},"datePublished":"2015-11-05T11:39:31+00:00","dateModified":"2025-05-22T10:48:52+00:00","breadcrumb":{"@id":"https:\/\/www.industriaslaneko.com\/en\/#breadcrumb"},"inLanguage":"en-US","potentialAction":[{"@type":"ReadAction","target":["https:\/\/www.industriaslaneko.com\/en\/"]}]},{"@type":"BreadcrumbList","@id":"https:\/\/www.industriaslaneko.com\/en\/#breadcrumb","itemListElement":[{"@type":"ListItem","position":1,"name":"Portada","item":"https:\/\/www.industriaslaneko.com\/en\/"},{"@type":"ListItem","position":2,"name":"Hot stamped screws, bolts, track screws and special equipment for road transport"}]},{"@type":"WebSite","@id":"https:\/\/www.industriaslaneko.com\/en\/#website","url":"https:\/\/www.industriaslaneko.com\/en\/","name":"Industrias Laneko","description":"Industrias Laneko es una empresa especializada en la fabricaci\u00f3n de torniller\u00eda estampada en caliente, pernos, tirafondos de v\u00eda y proyectos especiales de calderer\u00eda, bienes de equipos, estructura met\u00e1lica, etc.","potentialAction":[{"@type":"SearchAction","target":{"@type":"EntryPoint","urlTemplate":"https:\/\/www.industriaslaneko.com\/en\/?s={search_term_string}"},"query-input":{"@type":"PropertyValueSpecification","valueRequired":true,"valueName":"search_term_string"}}],"inLanguage":"en-US"}]}},"_links":{"self":[{"href":"https:\/\/www.industriaslaneko.com\/en\/wp-json\/wp\/v2\/pages\/3980","targetHints":{"allow":["GET"]}}],"collection":[{"href":"https:\/\/www.industriaslaneko.com\/en\/wp-json\/wp\/v2\/pages"}],"about":[{"href":"https:\/\/www.industriaslaneko.com\/en\/wp-json\/wp\/v2\/types\/page"}],"author":[{"embeddable":true,"href":"https:\/\/www.industriaslaneko.com\/en\/wp-json\/wp\/v2\/users\/1"}],"replies":[{"embeddable":true,"href":"https:\/\/www.industriaslaneko.com\/en\/wp-json\/wp\/v2\/comments?post=3980"}],"version-history":[{"count":16,"href":"https:\/\/www.industriaslaneko.com\/en\/wp-json\/wp\/v2\/pages\/3980\/revisions"}],"predecessor-version":[{"id":4819,"href":"https:\/\/www.industriaslaneko.com\/en\/wp-json\/wp\/v2\/pages\/3980\/revisions\/4819"}],"wp:attachment":[{"href":"https:\/\/www.industriaslaneko.com\/en\/wp-json\/wp\/v2\/media?parent=3980"}],"curies":[{"name":"wp","href":"https:\/\/api.w.org\/{rel}","templated":true}]}}