{"id":4130,"date":"2019-08-06T09:02:58","date_gmt":"2019-08-06T07:02:58","guid":{"rendered":"https:\/\/www.industriaslaneko.com\/history\/"},"modified":"2019-10-23T14:05:21","modified_gmt":"2019-10-23T12:05:21","slug":"history","status":"publish","type":"page","link":"https:\/\/www.industriaslaneko.com\/en\/history\/","title":{"rendered":"History"},"content":{"rendered":"<div class=\"wpb-content-wrapper\"><p>[vc_row content_placement=&#8221;middle&#8221; css=&#8221;.vc_custom_1560334251718{padding-top: 55px !important;padding-bottom: 35px !important;}&#8221;][vc_column width=&#8221;1\/4&#8243;][vc_single_image image=&#8221;3869&#8243; alignment=&#8221;center&#8221;][\/vc_column][vc_column width=&#8221;3\/4&#8243;][vc_column_text]<\/p>\n<h2>History<\/h2>\n<p>Laneko is the continuation of the company Piezas Forjadas S.A., which was established in Pamplona in 1955. Needing a new facility, it moved to Uharte-Arakil in 1959. In 1980 the workers decided to back a new philosophy of business organization and formed Industrias Laneko, S.A.L. Since then, the company has worked as a worker-owned limited company (Sociedad An\u00f3nima Laboral). This legal form is based on each worker\u2019s sense of belonging to Laneko and is the one with which the company best identifies.<\/p>\n<p>In 1990 the semi-trailers and boilermaking division moved to Sargaiz industrial estate, occupying a facility covering 5,000m2 on a 45,000m2 plot of land. The old factory was dedicated exclusively to fasteners.<\/p>\n<p>10 years later, the fasteners division also moved to the new site, the company taking the opportunity to expand the surface area occupied by its three divisions. It unified its offices and brought in new, more modern plant for production.<\/p>\n<p>The company expanded again in 2008 to cover 19,000 constructed square metres, adapting the facility to the new reality with significant R&amp;D projects and renewing its production plant and storage resources.<\/p>\n<p>We now have over 63 years of experience and are present on every continent in the world.[\/vc_column_text][\/vc_column][\/vc_row]<\/p>\n<\/div>","protected":false},"excerpt":{"rendered":"<p>[vc_row content_placement=&#8221;middle&#8221; css=&#8221;.vc_custom_1560334251718{padding-top: 55px !important;padding-bottom: 35px !important;}&#8221;][vc_column width=&#8221;1\/4&#8243;][vc_single_image image=&#8221;3869&#8243; alignment=&#8221;center&#8221;][\/vc_column][vc_column width=&#8221;3\/4&#8243;][vc_column_text] History Laneko is the continuation of the company Piezas Forjadas S.A., which was established in Pamplona in 1955. Needing a new facility, it moved to Uharte-Arakil in 1959. In 1980 the workers decided to back a new philosophy of [&hellip;]<\/p>\n","protected":false},"author":1,"featured_media":0,"parent":0,"menu_order":0,"comment_status":"open","ping_status":"open","template":"","meta":{"content-type":"","footnotes":""},"class_list":["post-4130","page","type-page","status-publish","hentry"],"yoast_head":"<!-- This site is optimized with the Yoast SEO plugin v27.5 - https:\/\/yoast.com\/product\/yoast-seo-wordpress\/ -->\n<title>History - Industrias Laneko<\/title>\n<meta name=\"robots\" content=\"index, follow, max-snippet:-1, max-image-preview:large, max-video-preview:-1\" \/>\n<link rel=\"canonical\" href=\"https:\/\/www.industriaslaneko.com\/en\/history\/\" \/>\n<meta property=\"og:locale\" content=\"en_US\" \/>\n<meta property=\"og:type\" content=\"article\" \/>\n<meta property=\"og:title\" content=\"History - Industrias Laneko\" \/>\n<meta property=\"og:description\" content=\"[vc_row content_placement=&#8221;middle&#8221; css=&#8221;.vc_custom_1560334251718{padding-top: 55px !important;padding-bottom: 35px !important;}&#8221;][vc_column width=&#8221;1\/4&#8243;][vc_single_image image=&#8221;3869&#8243; alignment=&#8221;center&#8221;][\/vc_column][vc_column width=&#8221;3\/4&#8243;][vc_column_text] History Laneko is the continuation of the company Piezas Forjadas S.A., which was established in Pamplona in 1955. Needing a new facility, it moved to Uharte-Arakil in 1959. In 1980 the workers decided to back a new philosophy of [&hellip;]\" \/>\n<meta property=\"og:url\" content=\"https:\/\/www.industriaslaneko.com\/en\/history\/\" \/>\n<meta property=\"og:site_name\" content=\"Industrias Laneko\" \/>\n<meta property=\"article:modified_time\" content=\"2019-10-23T12:05:21+00:00\" \/>\n<meta name=\"twitter:card\" content=\"summary_large_image\" \/>\n<meta name=\"twitter:label1\" content=\"Est. reading time\" \/>\n\t<meta name=\"twitter:data1\" content=\"1 minute\" \/>\n<script type=\"application\/ld+json\" class=\"yoast-schema-graph\">{\"@context\":\"https:\\\/\\\/schema.org\",\"@graph\":[{\"@type\":\"WebPage\",\"@id\":\"https:\\\/\\\/www.industriaslaneko.com\\\/en\\\/history\\\/\",\"url\":\"https:\\\/\\\/www.industriaslaneko.com\\\/en\\\/history\\\/\",\"name\":\"History - Industrias Laneko\",\"isPartOf\":{\"@id\":\"https:\\\/\\\/www.industriaslaneko.com\\\/en\\\/#website\"},\"datePublished\":\"2019-08-06T07:02:58+00:00\",\"dateModified\":\"2019-10-23T12:05:21+00:00\",\"breadcrumb\":{\"@id\":\"https:\\\/\\\/www.industriaslaneko.com\\\/en\\\/history\\\/#breadcrumb\"},\"inLanguage\":\"en-US\",\"potentialAction\":[{\"@type\":\"ReadAction\",\"target\":[\"https:\\\/\\\/www.industriaslaneko.com\\\/en\\\/history\\\/\"]}]},{\"@type\":\"BreadcrumbList\",\"@id\":\"https:\\\/\\\/www.industriaslaneko.com\\\/en\\\/history\\\/#breadcrumb\",\"itemListElement\":[{\"@type\":\"ListItem\",\"position\":1,\"name\":\"Portada\",\"item\":\"https:\\\/\\\/www.industriaslaneko.com\\\/en\\\/\"},{\"@type\":\"ListItem\",\"position\":2,\"name\":\"History\"}]},{\"@type\":\"WebSite\",\"@id\":\"https:\\\/\\\/www.industriaslaneko.com\\\/en\\\/#website\",\"url\":\"https:\\\/\\\/www.industriaslaneko.com\\\/en\\\/\",\"name\":\"Industrias Laneko\",\"description\":\"Industrias Laneko es una empresa especializada en la fabricaci\u00f3n de torniller\u00eda estampada en caliente, pernos, tirafondos de v\u00eda y proyectos especiales de calderer\u00eda, bienes de equipos, estructura met\u00e1lica, etc.\",\"potentialAction\":[{\"@type\":\"SearchAction\",\"target\":{\"@type\":\"EntryPoint\",\"urlTemplate\":\"https:\\\/\\\/www.industriaslaneko.com\\\/en\\\/?s={search_term_string}\"},\"query-input\":{\"@type\":\"PropertyValueSpecification\",\"valueRequired\":true,\"valueName\":\"search_term_string\"}}],\"inLanguage\":\"en-US\"}]}<\/script>\n<!-- \/ Yoast SEO plugin. -->","yoast_head_json":{"title":"History - Industrias Laneko","robots":{"index":"index","follow":"follow","max-snippet":"max-snippet:-1","max-image-preview":"max-image-preview:large","max-video-preview":"max-video-preview:-1"},"canonical":"https:\/\/www.industriaslaneko.com\/en\/history\/","og_locale":"en_US","og_type":"article","og_title":"History - Industrias Laneko","og_description":"[vc_row content_placement=&#8221;middle&#8221; css=&#8221;.vc_custom_1560334251718{padding-top: 55px !important;padding-bottom: 35px !important;}&#8221;][vc_column width=&#8221;1\/4&#8243;][vc_single_image image=&#8221;3869&#8243; alignment=&#8221;center&#8221;][\/vc_column][vc_column width=&#8221;3\/4&#8243;][vc_column_text] History Laneko is the continuation of the company Piezas Forjadas S.A., which was established in Pamplona in 1955. Needing a new facility, it moved to Uharte-Arakil in 1959. In 1980 the workers decided to back a new philosophy of [&hellip;]","og_url":"https:\/\/www.industriaslaneko.com\/en\/history\/","og_site_name":"Industrias Laneko","article_modified_time":"2019-10-23T12:05:21+00:00","twitter_card":"summary_large_image","twitter_misc":{"Est. reading time":"1 minute"},"schema":{"@context":"https:\/\/schema.org","@graph":[{"@type":"WebPage","@id":"https:\/\/www.industriaslaneko.com\/en\/history\/","url":"https:\/\/www.industriaslaneko.com\/en\/history\/","name":"History - Industrias Laneko","isPartOf":{"@id":"https:\/\/www.industriaslaneko.com\/en\/#website"},"datePublished":"2019-08-06T07:02:58+00:00","dateModified":"2019-10-23T12:05:21+00:00","breadcrumb":{"@id":"https:\/\/www.industriaslaneko.com\/en\/history\/#breadcrumb"},"inLanguage":"en-US","potentialAction":[{"@type":"ReadAction","target":["https:\/\/www.industriaslaneko.com\/en\/history\/"]}]},{"@type":"BreadcrumbList","@id":"https:\/\/www.industriaslaneko.com\/en\/history\/#breadcrumb","itemListElement":[{"@type":"ListItem","position":1,"name":"Portada","item":"https:\/\/www.industriaslaneko.com\/en\/"},{"@type":"ListItem","position":2,"name":"History"}]},{"@type":"WebSite","@id":"https:\/\/www.industriaslaneko.com\/en\/#website","url":"https:\/\/www.industriaslaneko.com\/en\/","name":"Industrias Laneko","description":"Industrias Laneko es una empresa especializada en la fabricaci\u00f3n de torniller\u00eda estampada en caliente, pernos, tirafondos de v\u00eda y proyectos especiales de calderer\u00eda, bienes de equipos, estructura met\u00e1lica, etc.","potentialAction":[{"@type":"SearchAction","target":{"@type":"EntryPoint","urlTemplate":"https:\/\/www.industriaslaneko.com\/en\/?s={search_term_string}"},"query-input":{"@type":"PropertyValueSpecification","valueRequired":true,"valueName":"search_term_string"}}],"inLanguage":"en-US"}]}},"_links":{"self":[{"href":"https:\/\/www.industriaslaneko.com\/en\/wp-json\/wp\/v2\/pages\/4130","targetHints":{"allow":["GET"]}}],"collection":[{"href":"https:\/\/www.industriaslaneko.com\/en\/wp-json\/wp\/v2\/pages"}],"about":[{"href":"https:\/\/www.industriaslaneko.com\/en\/wp-json\/wp\/v2\/types\/page"}],"author":[{"embeddable":true,"href":"https:\/\/www.industriaslaneko.com\/en\/wp-json\/wp\/v2\/users\/1"}],"replies":[{"embeddable":true,"href":"https:\/\/www.industriaslaneko.com\/en\/wp-json\/wp\/v2\/comments?post=4130"}],"version-history":[{"count":2,"href":"https:\/\/www.industriaslaneko.com\/en\/wp-json\/wp\/v2\/pages\/4130\/revisions"}],"predecessor-version":[{"id":4132,"href":"https:\/\/www.industriaslaneko.com\/en\/wp-json\/wp\/v2\/pages\/4130\/revisions\/4132"}],"wp:attachment":[{"href":"https:\/\/www.industriaslaneko.com\/en\/wp-json\/wp\/v2\/media?parent=4130"}],"curies":[{"name":"wp","href":"https:\/\/api.w.org\/{rel}","templated":true}]}}