{"id":4154,"date":"2019-05-05T11:05:54","date_gmt":"2019-05-05T09:05:54","guid":{"rendered":"https:\/\/www.industriaslaneko.com\/our-products\/"},"modified":"2020-07-20T18:24:49","modified_gmt":"2020-07-20T16:24:49","slug":"our-products","status":"publish","type":"page","link":"https:\/\/www.industriaslaneko.com\/en\/our-products\/","title":{"rendered":"Our products"},"content":{"rendered":"<div class=\"wpb-content-wrapper\"><p>[vc_row css=&#8221;.vc_custom_1448701543327{margin-bottom: 45px !important;padding-top: 22px !important;}&#8221;][vc_column width=&#8221;1\/6&#8243;][\/vc_column][vc_column width=&#8221;2\/3&#8243;][vc_column_text]<\/p>\n<p style=\"text-align: center; font-family: ubuntu, Helvetica, Arial; font-style: italic; font-size: 30px; font-weight: 300;\">At Laneko we integrate our production and quality processes according to the specifications and deadlines agreed on with our customers.<\/p>\n<p>[\/vc_column_text][\/vc_column][vc_column width=&#8221;1\/6&#8243;][\/vc_column][\/vc_row][vc_row full_width=&#8221;stretch_row_content&#8221; gap=&#8221;35&#8243; css=&#8221;.vc_custom_1558700483355{margin-bottom: 40px !important;padding-right: 20px !important;padding-left: 20px !important;}&#8221;][vc_column parallax=&#8221;content-moving&#8221; parallax_image=&#8221;3420&#8243; width=&#8221;1\/2&#8243; css=&#8221;.vc_custom_1558700172525{border-right-width: 20px !important;border-left-width: 20px !important;padding-top: 110px !important;padding-bottom: 110px !important;border-left-color: #ffffff !important;border-left-style: solid !important;border-right-color: #ffffff !important;border-right-style: solid !important;}&#8221;]<a href=\"https:\/\/www.industriaslaneko.com\/english\/our-products\/fasteners\/\" class=\"btn btn-style-square btn-accent2 btn-center\" target=\"_self\">FASTENERS<\/a>[\/vc_column][vc_column parallax=&#8221;content-moving&#8221; parallax_image=&#8221;3446&#8243; width=&#8221;1\/2&#8243; css=&#8221;.vc_custom_1558700216890{border-right-width: 20px !important;border-left-width: 20px !important;padding-top: 110px !important;padding-bottom: 110px !important;border-left-color: #ffffff !important;border-left-style: solid !important;border-right-color: #ffffff !important;border-right-style: solid !important;}&#8221;]<a href=\"https:\/\/www.industriaslaneko.com\/english\/our-products\/special-projects\/\" class=\"btn btn-style-square btn-accent2 btn-center\" target=\"_self\">SPECIAL PROJECTS<\/a>[\/vc_column][\/vc_row][vc_row css=&#8221;.vc_custom_1557302011184{margin-top: 0px !important;margin-bottom: 0px !important;padding-top: 90px !important;padding-bottom: 90px !important;background-color: #fbfaf8 !important;}&#8221;][vc_column width=&#8221;1\/4&#8243;]<div id=\"counter-985\" class=\"vntd-counter counter-color-accent counter-style-default\" data-perc=\"64\"><div class=\"counter-icon\"><i class=\"typcn typcn-thumbs-ok\"><\/i><\/div><div class=\"counter-value\"><div class=\"counter-number\">0<\/div><\/div><div class=\"counter-title\"><h6>years of experience<\/h6><\/div><\/div>[\/vc_column][vc_column width=&#8221;1\/4&#8243;]<div id=\"counter-918\" class=\"vntd-counter counter-color-accent counter-style-default\" data-perc=\"10987\"><div class=\"counter-icon\"><i class=\"typcn typcn-cog-outline\"><\/i><\/div><div class=\"counter-value\"><div class=\"counter-number\">0<\/div><\/div><div class=\"counter-title\"><h6>finished projects<\/h6><\/div><\/div>[\/vc_column][vc_column width=&#8221;1\/4&#8243;]<div id=\"counter-462\" class=\"vntd-counter counter-color-accent counter-style-default\" data-perc=\"16\"><div class=\"counter-icon\"><i class=\"typcn typcn-input-checked-outline\"><\/i><\/div><div class=\"counter-value\"><div class=\"counter-number\">0<\/div><\/div><div class=\"counter-title\"><h6>quality certificates<\/h6><\/div><\/div>[\/vc_column][vc_column width=&#8221;1\/4&#8243;]<div id=\"counter-796\" class=\"vntd-counter counter-color-accent counter-style-default\" data-perc=\"49\"><div class=\"counter-icon\"><i class=\"typcn typcn-heart-outline\"><\/i><\/div><div class=\"counter-value\"><div class=\"counter-number\">0<\/div><\/div><div class=\"counter-title\"><h6>satisfied customers<\/h6><\/div><\/div>[\/vc_column][\/vc_row]<\/p>\n<\/div>","protected":false},"excerpt":{"rendered":"<p>[vc_row css=&#8221;.vc_custom_1448701543327{margin-bottom: 45px !important;padding-top: 22px !important;}&#8221;][vc_column width=&#8221;1\/6&#8243;][\/vc_column][vc_column width=&#8221;2\/3&#8243;][vc_column_text] At Laneko we integrate our production and quality processes according to the specifications and deadlines agreed on with our customers. [\/vc_column_text][\/vc_column][vc_column width=&#8221;1\/6&#8243;][\/vc_column][\/vc_row][vc_row full_width=&#8221;stretch_row_content&#8221; gap=&#8221;35&#8243; css=&#8221;.vc_custom_1558700483355{margin-bottom: 40px !important;padding-right: 20px !important;padding-left: 20px !important;}&#8221;][vc_column parallax=&#8221;content-moving&#8221; parallax_image=&#8221;3420&#8243; width=&#8221;1\/2&#8243; css=&#8221;.vc_custom_1558700172525{border-right-width: 20px !important;border-left-width: 20px !important;padding-top: 110px !important;padding-bottom: 110px [&hellip;]<\/p>\n","protected":false},"author":1,"featured_media":0,"parent":0,"menu_order":0,"comment_status":"closed","ping_status":"closed","template":"","meta":{"content-type":"","footnotes":""},"class_list":["post-4154","page","type-page","status-publish","hentry"],"yoast_head":"<!-- This site is optimized with the Yoast SEO plugin v27.5 - https:\/\/yoast.com\/product\/yoast-seo-wordpress\/ -->\n<title>Our products - Industrias Laneko<\/title>\n<meta name=\"robots\" content=\"index, follow, max-snippet:-1, max-image-preview:large, max-video-preview:-1\" \/>\n<link rel=\"canonical\" href=\"https:\/\/www.industriaslaneko.com\/en\/our-products\/\" \/>\n<meta property=\"og:locale\" content=\"en_US\" \/>\n<meta property=\"og:type\" content=\"article\" \/>\n<meta property=\"og:title\" content=\"Our products - Industrias Laneko\" \/>\n<meta property=\"og:description\" content=\"[vc_row css=&#8221;.vc_custom_1448701543327{margin-bottom: 45px !important;padding-top: 22px !important;}&#8221;][vc_column width=&#8221;1\/6&#8243;][\/vc_column][vc_column width=&#8221;2\/3&#8243;][vc_column_text] At Laneko we integrate our production and quality processes according to the specifications and deadlines agreed on with our customers. [\/vc_column_text][\/vc_column][vc_column width=&#8221;1\/6&#8243;][\/vc_column][\/vc_row][vc_row full_width=&#8221;stretch_row_content&#8221; gap=&#8221;35&#8243; css=&#8221;.vc_custom_1558700483355{margin-bottom: 40px !important;padding-right: 20px !important;padding-left: 20px !important;}&#8221;][vc_column parallax=&#8221;content-moving&#8221; parallax_image=&#8221;3420&#8243; width=&#8221;1\/2&#8243; css=&#8221;.vc_custom_1558700172525{border-right-width: 20px !important;border-left-width: 20px !important;padding-top: 110px !important;padding-bottom: 110px [&hellip;]\" \/>\n<meta property=\"og:url\" content=\"https:\/\/www.industriaslaneko.com\/en\/our-products\/\" \/>\n<meta property=\"og:site_name\" content=\"Industrias Laneko\" \/>\n<meta property=\"article:modified_time\" content=\"2020-07-20T16:24:49+00:00\" \/>\n<meta name=\"twitter:card\" content=\"summary_large_image\" \/>\n<meta name=\"twitter:label1\" content=\"Est. reading time\" \/>\n\t<meta name=\"twitter:data1\" content=\"1 minute\" \/>\n<script type=\"application\/ld+json\" class=\"yoast-schema-graph\">{\"@context\":\"https:\\\/\\\/schema.org\",\"@graph\":[{\"@type\":\"WebPage\",\"@id\":\"https:\\\/\\\/www.industriaslaneko.com\\\/en\\\/our-products\\\/\",\"url\":\"https:\\\/\\\/www.industriaslaneko.com\\\/en\\\/our-products\\\/\",\"name\":\"Our products - Industrias Laneko\",\"isPartOf\":{\"@id\":\"https:\\\/\\\/www.industriaslaneko.com\\\/en\\\/#website\"},\"datePublished\":\"2019-05-05T09:05:54+00:00\",\"dateModified\":\"2020-07-20T16:24:49+00:00\",\"breadcrumb\":{\"@id\":\"https:\\\/\\\/www.industriaslaneko.com\\\/en\\\/our-products\\\/#breadcrumb\"},\"inLanguage\":\"en-US\",\"potentialAction\":[{\"@type\":\"ReadAction\",\"target\":[\"https:\\\/\\\/www.industriaslaneko.com\\\/en\\\/our-products\\\/\"]}]},{\"@type\":\"BreadcrumbList\",\"@id\":\"https:\\\/\\\/www.industriaslaneko.com\\\/en\\\/our-products\\\/#breadcrumb\",\"itemListElement\":[{\"@type\":\"ListItem\",\"position\":1,\"name\":\"Portada\",\"item\":\"https:\\\/\\\/www.industriaslaneko.com\\\/en\\\/\"},{\"@type\":\"ListItem\",\"position\":2,\"name\":\"Our products\"}]},{\"@type\":\"WebSite\",\"@id\":\"https:\\\/\\\/www.industriaslaneko.com\\\/en\\\/#website\",\"url\":\"https:\\\/\\\/www.industriaslaneko.com\\\/en\\\/\",\"name\":\"Industrias Laneko\",\"description\":\"Industrias Laneko es una empresa especializada en la fabricaci\u00f3n de torniller\u00eda estampada en caliente, pernos, tirafondos de v\u00eda y proyectos especiales de calderer\u00eda, bienes de equipos, estructura met\u00e1lica, etc.\",\"potentialAction\":[{\"@type\":\"SearchAction\",\"target\":{\"@type\":\"EntryPoint\",\"urlTemplate\":\"https:\\\/\\\/www.industriaslaneko.com\\\/en\\\/?s={search_term_string}\"},\"query-input\":{\"@type\":\"PropertyValueSpecification\",\"valueRequired\":true,\"valueName\":\"search_term_string\"}}],\"inLanguage\":\"en-US\"}]}<\/script>\n<!-- \/ Yoast SEO plugin. -->","yoast_head_json":{"title":"Our products - Industrias Laneko","robots":{"index":"index","follow":"follow","max-snippet":"max-snippet:-1","max-image-preview":"max-image-preview:large","max-video-preview":"max-video-preview:-1"},"canonical":"https:\/\/www.industriaslaneko.com\/en\/our-products\/","og_locale":"en_US","og_type":"article","og_title":"Our products - Industrias Laneko","og_description":"[vc_row css=&#8221;.vc_custom_1448701543327{margin-bottom: 45px !important;padding-top: 22px !important;}&#8221;][vc_column width=&#8221;1\/6&#8243;][\/vc_column][vc_column width=&#8221;2\/3&#8243;][vc_column_text] At Laneko we integrate our production and quality processes according to the specifications and deadlines agreed on with our customers. [\/vc_column_text][\/vc_column][vc_column width=&#8221;1\/6&#8243;][\/vc_column][\/vc_row][vc_row full_width=&#8221;stretch_row_content&#8221; gap=&#8221;35&#8243; css=&#8221;.vc_custom_1558700483355{margin-bottom: 40px !important;padding-right: 20px !important;padding-left: 20px !important;}&#8221;][vc_column parallax=&#8221;content-moving&#8221; parallax_image=&#8221;3420&#8243; width=&#8221;1\/2&#8243; css=&#8221;.vc_custom_1558700172525{border-right-width: 20px !important;border-left-width: 20px !important;padding-top: 110px !important;padding-bottom: 110px [&hellip;]","og_url":"https:\/\/www.industriaslaneko.com\/en\/our-products\/","og_site_name":"Industrias Laneko","article_modified_time":"2020-07-20T16:24:49+00:00","twitter_card":"summary_large_image","twitter_misc":{"Est. reading time":"1 minute"},"schema":{"@context":"https:\/\/schema.org","@graph":[{"@type":"WebPage","@id":"https:\/\/www.industriaslaneko.com\/en\/our-products\/","url":"https:\/\/www.industriaslaneko.com\/en\/our-products\/","name":"Our products - Industrias Laneko","isPartOf":{"@id":"https:\/\/www.industriaslaneko.com\/en\/#website"},"datePublished":"2019-05-05T09:05:54+00:00","dateModified":"2020-07-20T16:24:49+00:00","breadcrumb":{"@id":"https:\/\/www.industriaslaneko.com\/en\/our-products\/#breadcrumb"},"inLanguage":"en-US","potentialAction":[{"@type":"ReadAction","target":["https:\/\/www.industriaslaneko.com\/en\/our-products\/"]}]},{"@type":"BreadcrumbList","@id":"https:\/\/www.industriaslaneko.com\/en\/our-products\/#breadcrumb","itemListElement":[{"@type":"ListItem","position":1,"name":"Portada","item":"https:\/\/www.industriaslaneko.com\/en\/"},{"@type":"ListItem","position":2,"name":"Our products"}]},{"@type":"WebSite","@id":"https:\/\/www.industriaslaneko.com\/en\/#website","url":"https:\/\/www.industriaslaneko.com\/en\/","name":"Industrias Laneko","description":"Industrias Laneko es una empresa especializada en la fabricaci\u00f3n de torniller\u00eda estampada en caliente, pernos, tirafondos de v\u00eda y proyectos especiales de calderer\u00eda, bienes de equipos, estructura met\u00e1lica, etc.","potentialAction":[{"@type":"SearchAction","target":{"@type":"EntryPoint","urlTemplate":"https:\/\/www.industriaslaneko.com\/en\/?s={search_term_string}"},"query-input":{"@type":"PropertyValueSpecification","valueRequired":true,"valueName":"search_term_string"}}],"inLanguage":"en-US"}]}},"_links":{"self":[{"href":"https:\/\/www.industriaslaneko.com\/en\/wp-json\/wp\/v2\/pages\/4154","targetHints":{"allow":["GET"]}}],"collection":[{"href":"https:\/\/www.industriaslaneko.com\/en\/wp-json\/wp\/v2\/pages"}],"about":[{"href":"https:\/\/www.industriaslaneko.com\/en\/wp-json\/wp\/v2\/types\/page"}],"author":[{"embeddable":true,"href":"https:\/\/www.industriaslaneko.com\/en\/wp-json\/wp\/v2\/users\/1"}],"replies":[{"embeddable":true,"href":"https:\/\/www.industriaslaneko.com\/en\/wp-json\/wp\/v2\/comments?post=4154"}],"version-history":[{"count":3,"href":"https:\/\/www.industriaslaneko.com\/en\/wp-json\/wp\/v2\/pages\/4154\/revisions"}],"predecessor-version":[{"id":4521,"href":"https:\/\/www.industriaslaneko.com\/en\/wp-json\/wp\/v2\/pages\/4154\/revisions\/4521"}],"wp:attachment":[{"href":"https:\/\/www.industriaslaneko.com\/en\/wp-json\/wp\/v2\/media?parent=4154"}],"curies":[{"name":"wp","href":"https:\/\/api.w.org\/{rel}","templated":true}]}}