{"id":4133,"date":"2019-08-06T09:02:58","date_gmt":"2019-08-06T07:02:58","guid":{"rendered":"https:\/\/www.industriaslaneko.com\/histoire\/"},"modified":"2019-10-23T14:06:17","modified_gmt":"2019-10-23T12:06:17","slug":"histoire","status":"publish","type":"page","link":"https:\/\/www.industriaslaneko.com\/fr\/histoire\/","title":{"rendered":"Histoire"},"content":{"rendered":"<div class=\"wpb-content-wrapper\"><p>[vc_row content_placement=\u00a0\u00bbmiddle\u00a0\u00bb css=\u00a0\u00bb.vc_custom_1560334251718{padding-top: 55px !important;padding-bottom: 35px !important;}\u00a0\u00bb][vc_column width=\u00a0\u00bb1\/4&Prime;][vc_single_image image=\u00a0\u00bb4058&Prime; alignment=\u00a0\u00bbcenter\u00a0\u00bb][\/vc_column][vc_column width=\u00a0\u00bb3\/4&Prime;][vc_column_text]<\/p>\n<h2>Histoire<\/h2>\n<p>Laneko a repris le flambeau de l\u2019entreprise S.A. Piezas Forjadas, constitu\u00e9e en 1955 \u00e0 Pampelune. En 1959, l\u2019entreprise s\u2019installe dans ses nouveaux locaux \u00e0 Huarte-Arakil. En 1980, les employ\u00e9s d\u00e9cident de miser sur la nouvelle philosophie d\u2019entreprise de travail et cr\u00e9ent l\u2019appellation Industrias Laneko, S.A.L. Depuis, elle adopte l\u2019id\u00e9e d\u2019entreprise de travail associ\u00e9e sous la forme juridique de Soci\u00e9t\u00e9 Anonyme de Travailleurs. Cette adoption juridique se base sur l\u2019id\u00e9e que chaque travailleur appartient \u00e0 Laneko et c\u2019est la d\u00e9nomination \u00e0 laquelle elle s\u2019identifie le plus. <\/p>\n<p>En 1990 elle d\u00e9place la section des semi-remorques et de chaudronnerie \u00e0 la zone industrielle de Sargaiz, dans un site de 5 000 m2, sur une parcelle de 45 000m2. L\u2019ancienne usine se consacre exclusivement \u00e0 la visserie.<\/p>\n<p>10 ans apr\u00e8s, la section de visserie s\u2019installe sur cette parcelle et en profite pour agrandir la surface de ses trois sections. Les bureaux ont \u00e9t\u00e9 ainsi unifi\u00e9s et la production a \u00e9t\u00e9 dot\u00e9e de nouveaux \u00e9l\u00e9ments de derni\u00e8re g\u00e9n\u00e9ration.<\/p>\n<p>Au cours de l\u2019ann\u00e9e 2008, un nouvel agrandissement a lieu, et une superficie 19 000 m2  permet  d\u2019adapter les installations aux nouvelles r\u00e9alit\u00e9s, avec d\u2019importants projets de R+D et le renouvellement des \u00e9l\u00e9ments de production et de stockage. <\/p>\n<p>Aujourd\u2019hui, forts d\u2019une exp\u00e9rience de plus de 63 ans, nous sommes pr\u00e9sents sur tous les continents.[\/vc_column_text][\/vc_column][\/vc_row]<\/p>\n<\/div>","protected":false},"excerpt":{"rendered":"<p>[vc_row content_placement=\u00a0\u00bbmiddle\u00a0\u00bb css=\u00a0\u00bb.vc_custom_1560334251718{padding-top: 55px !important;padding-bottom: 35px !important;}\u00a0\u00bb][vc_column width=\u00a0\u00bb1\/4&Prime;][vc_single_image image=\u00a0\u00bb4058&Prime; alignment=\u00a0\u00bbcenter\u00a0\u00bb][\/vc_column][vc_column width=\u00a0\u00bb3\/4&Prime;][vc_column_text] Histoire Laneko a repris le flambeau de l\u2019entreprise S.A. Piezas Forjadas, constitu\u00e9e en 1955 \u00e0 Pampelune. En 1959, l\u2019entreprise s\u2019installe dans ses nouveaux locaux \u00e0 Huarte-Arakil. En 1980, les employ\u00e9s d\u00e9cident de miser sur la nouvelle philosophie d\u2019entreprise de [&hellip;]<\/p>\n","protected":false},"author":1,"featured_media":0,"parent":0,"menu_order":0,"comment_status":"open","ping_status":"open","template":"","meta":{"content-type":"","footnotes":""},"class_list":["post-4133","page","type-page","status-publish","hentry"],"yoast_head":"<!-- This site is optimized with the Yoast SEO plugin v27.5 - https:\/\/yoast.com\/product\/yoast-seo-wordpress\/ -->\n<title>Histoire - Industrias Laneko<\/title>\n<meta name=\"robots\" content=\"index, follow, max-snippet:-1, max-image-preview:large, max-video-preview:-1\" \/>\n<link rel=\"canonical\" href=\"https:\/\/www.industriaslaneko.com\/fr\/histoire\/\" \/>\n<meta property=\"og:locale\" content=\"fr_FR\" \/>\n<meta property=\"og:type\" content=\"article\" \/>\n<meta property=\"og:title\" content=\"Histoire - Industrias Laneko\" \/>\n<meta property=\"og:description\" content=\"[vc_row content_placement=\u00a0\u00bbmiddle\u00a0\u00bb css=\u00a0\u00bb.vc_custom_1560334251718{padding-top: 55px !important;padding-bottom: 35px !important;}\u00a0\u00bb][vc_column width=\u00a0\u00bb1\/4&Prime;][vc_single_image image=\u00a0\u00bb4058&Prime; alignment=\u00a0\u00bbcenter\u00a0\u00bb][\/vc_column][vc_column width=\u00a0\u00bb3\/4&Prime;][vc_column_text] Histoire Laneko a repris le flambeau de l\u2019entreprise S.A. Piezas Forjadas, constitu\u00e9e en 1955 \u00e0 Pampelune. En 1959, l\u2019entreprise s\u2019installe dans ses nouveaux locaux \u00e0 Huarte-Arakil. En 1980, les employ\u00e9s d\u00e9cident de miser sur la nouvelle philosophie d\u2019entreprise de [&hellip;]\" \/>\n<meta property=\"og:url\" content=\"https:\/\/www.industriaslaneko.com\/fr\/histoire\/\" \/>\n<meta property=\"og:site_name\" content=\"Industrias Laneko\" \/>\n<meta property=\"article:modified_time\" content=\"2019-10-23T12:06:17+00:00\" \/>\n<meta name=\"twitter:card\" content=\"summary_large_image\" \/>\n<meta name=\"twitter:label1\" content=\"Dur\u00e9e de lecture estim\u00e9e\" \/>\n\t<meta name=\"twitter:data1\" content=\"1 minute\" \/>\n<script type=\"application\/ld+json\" class=\"yoast-schema-graph\">{\"@context\":\"https:\\\/\\\/schema.org\",\"@graph\":[{\"@type\":\"WebPage\",\"@id\":\"https:\\\/\\\/www.industriaslaneko.com\\\/fr\\\/histoire\\\/\",\"url\":\"https:\\\/\\\/www.industriaslaneko.com\\\/fr\\\/histoire\\\/\",\"name\":\"Histoire - Industrias Laneko\",\"isPartOf\":{\"@id\":\"https:\\\/\\\/www.industriaslaneko.com\\\/fr\\\/#website\"},\"datePublished\":\"2019-08-06T07:02:58+00:00\",\"dateModified\":\"2019-10-23T12:06:17+00:00\",\"breadcrumb\":{\"@id\":\"https:\\\/\\\/www.industriaslaneko.com\\\/fr\\\/histoire\\\/#breadcrumb\"},\"inLanguage\":\"fr-FR\",\"potentialAction\":[{\"@type\":\"ReadAction\",\"target\":[\"https:\\\/\\\/www.industriaslaneko.com\\\/fr\\\/histoire\\\/\"]}]},{\"@type\":\"BreadcrumbList\",\"@id\":\"https:\\\/\\\/www.industriaslaneko.com\\\/fr\\\/histoire\\\/#breadcrumb\",\"itemListElement\":[{\"@type\":\"ListItem\",\"position\":1,\"name\":\"Portada\",\"item\":\"https:\\\/\\\/www.industriaslaneko.com\\\/fr\\\/\"},{\"@type\":\"ListItem\",\"position\":2,\"name\":\"Histoire\"}]},{\"@type\":\"WebSite\",\"@id\":\"https:\\\/\\\/www.industriaslaneko.com\\\/fr\\\/#website\",\"url\":\"https:\\\/\\\/www.industriaslaneko.com\\\/fr\\\/\",\"name\":\"Industrias Laneko\",\"description\":\"Industrias Laneko es una empresa especializada en la fabricaci\u00f3n de torniller\u00eda estampada en caliente, pernos, tirafondos de v\u00eda y proyectos especiales de calderer\u00eda, bienes de equipos, estructura met\u00e1lica, etc.\",\"potentialAction\":[{\"@type\":\"SearchAction\",\"target\":{\"@type\":\"EntryPoint\",\"urlTemplate\":\"https:\\\/\\\/www.industriaslaneko.com\\\/fr\\\/?s={search_term_string}\"},\"query-input\":{\"@type\":\"PropertyValueSpecification\",\"valueRequired\":true,\"valueName\":\"search_term_string\"}}],\"inLanguage\":\"fr-FR\"}]}<\/script>\n<!-- \/ Yoast SEO plugin. -->","yoast_head_json":{"title":"Histoire - Industrias Laneko","robots":{"index":"index","follow":"follow","max-snippet":"max-snippet:-1","max-image-preview":"max-image-preview:large","max-video-preview":"max-video-preview:-1"},"canonical":"https:\/\/www.industriaslaneko.com\/fr\/histoire\/","og_locale":"fr_FR","og_type":"article","og_title":"Histoire - Industrias Laneko","og_description":"[vc_row content_placement=\u00a0\u00bbmiddle\u00a0\u00bb css=\u00a0\u00bb.vc_custom_1560334251718{padding-top: 55px !important;padding-bottom: 35px !important;}\u00a0\u00bb][vc_column width=\u00a0\u00bb1\/4&Prime;][vc_single_image image=\u00a0\u00bb4058&Prime; alignment=\u00a0\u00bbcenter\u00a0\u00bb][\/vc_column][vc_column width=\u00a0\u00bb3\/4&Prime;][vc_column_text] Histoire Laneko a repris le flambeau de l\u2019entreprise S.A. Piezas Forjadas, constitu\u00e9e en 1955 \u00e0 Pampelune. En 1959, l\u2019entreprise s\u2019installe dans ses nouveaux locaux \u00e0 Huarte-Arakil. En 1980, les employ\u00e9s d\u00e9cident de miser sur la nouvelle philosophie d\u2019entreprise de [&hellip;]","og_url":"https:\/\/www.industriaslaneko.com\/fr\/histoire\/","og_site_name":"Industrias Laneko","article_modified_time":"2019-10-23T12:06:17+00:00","twitter_card":"summary_large_image","twitter_misc":{"Dur\u00e9e de lecture estim\u00e9e":"1 minute"},"schema":{"@context":"https:\/\/schema.org","@graph":[{"@type":"WebPage","@id":"https:\/\/www.industriaslaneko.com\/fr\/histoire\/","url":"https:\/\/www.industriaslaneko.com\/fr\/histoire\/","name":"Histoire - Industrias Laneko","isPartOf":{"@id":"https:\/\/www.industriaslaneko.com\/fr\/#website"},"datePublished":"2019-08-06T07:02:58+00:00","dateModified":"2019-10-23T12:06:17+00:00","breadcrumb":{"@id":"https:\/\/www.industriaslaneko.com\/fr\/histoire\/#breadcrumb"},"inLanguage":"fr-FR","potentialAction":[{"@type":"ReadAction","target":["https:\/\/www.industriaslaneko.com\/fr\/histoire\/"]}]},{"@type":"BreadcrumbList","@id":"https:\/\/www.industriaslaneko.com\/fr\/histoire\/#breadcrumb","itemListElement":[{"@type":"ListItem","position":1,"name":"Portada","item":"https:\/\/www.industriaslaneko.com\/fr\/"},{"@type":"ListItem","position":2,"name":"Histoire"}]},{"@type":"WebSite","@id":"https:\/\/www.industriaslaneko.com\/fr\/#website","url":"https:\/\/www.industriaslaneko.com\/fr\/","name":"Industrias Laneko","description":"Industrias Laneko es una empresa especializada en la fabricaci\u00f3n de torniller\u00eda estampada en caliente, pernos, tirafondos de v\u00eda y proyectos especiales de calderer\u00eda, bienes de equipos, estructura met\u00e1lica, etc.","potentialAction":[{"@type":"SearchAction","target":{"@type":"EntryPoint","urlTemplate":"https:\/\/www.industriaslaneko.com\/fr\/?s={search_term_string}"},"query-input":{"@type":"PropertyValueSpecification","valueRequired":true,"valueName":"search_term_string"}}],"inLanguage":"fr-FR"}]}},"_links":{"self":[{"href":"https:\/\/www.industriaslaneko.com\/fr\/wp-json\/wp\/v2\/pages\/4133","targetHints":{"allow":["GET"]}}],"collection":[{"href":"https:\/\/www.industriaslaneko.com\/fr\/wp-json\/wp\/v2\/pages"}],"about":[{"href":"https:\/\/www.industriaslaneko.com\/fr\/wp-json\/wp\/v2\/types\/page"}],"author":[{"embeddable":true,"href":"https:\/\/www.industriaslaneko.com\/fr\/wp-json\/wp\/v2\/users\/1"}],"replies":[{"embeddable":true,"href":"https:\/\/www.industriaslaneko.com\/fr\/wp-json\/wp\/v2\/comments?post=4133"}],"version-history":[{"count":2,"href":"https:\/\/www.industriaslaneko.com\/fr\/wp-json\/wp\/v2\/pages\/4133\/revisions"}],"predecessor-version":[{"id":4135,"href":"https:\/\/www.industriaslaneko.com\/fr\/wp-json\/wp\/v2\/pages\/4133\/revisions\/4135"}],"wp:attachment":[{"href":"https:\/\/www.industriaslaneko.com\/fr\/wp-json\/wp\/v2\/media?parent=4133"}],"curies":[{"name":"wp","href":"https:\/\/api.w.org\/{rel}","templated":true}]}}