{"id":4152,"date":"2019-06-19T15:01:52","date_gmt":"2019-06-19T13:01:52","guid":{"rendered":"https:\/\/www.industriaslaneko.com\/qui-nous-sommes\/clients\/"},"modified":"2020-07-16T15:03:24","modified_gmt":"2020-07-16T13:03:24","slug":"clients","status":"publish","type":"page","link":"https:\/\/www.industriaslaneko.com\/fr\/qui-nous-sommes\/clients\/","title":{"rendered":"Clients"},"content":{"rendered":"<div class=\"wpb-content-wrapper\"><p>[vc_row bg_predefined_color=\u00a0\u00bbaccent4&Prime; css=\u00a0\u00bb.vc_custom_1560949012077{margin-top: -80px !important;margin-bottom: 45px !important;padding-top: 50px !important;padding-bottom: 20px !important;}\u00a0\u00bb][vc_column width=\u00a0\u00bb1\/6&Prime;][\/vc_column][vc_column width=\u00a0\u00bb2\/3&Prime;][vc_column_text]<\/p>\n<p style=\"text-align: center; font-family: ubuntu, Helvetica, Arial; font-style: italic; font-size: 30px; font-weight: 300;\" data-mce-style=\"text-align: center; font-family: ubuntu, Helvetica, Arial; font-style: italic; font-size: 30px; font-weight: 300;\">Nous desservons des entreprises \u00e0 la pointe dans diff\u00e9rents secteurs<\/p>\n<p>[\/vc_column_text][\/vc_column][vc_column width=\u00a0\u00bb1\/6&Prime;][\/vc_column][\/vc_row][vc_row][vc_column width=\u00a0\u00bb1\/6&Prime;][\/vc_column][vc_column width=\u00a0\u00bb2\/3&Prime;][vc_column_text]<\/p>\n<p>Industrias Laneko fabrique des vis et des projets sp\u00e9ciaux sur mesure, selon les besoins de chaque client. C\u2019est pourquoi, des entreprises aussi importantes que celles indiqu\u00e9es ci-dessous nous ont accord\u00e9 leur confiance :<\/p>\n<p>[\/vc_column_text][\/vc_column][vc_column width=\u00a0\u00bb1\/6&Prime;][\/vc_column][\/vc_row][vc_row][vc_column]<\/p>\n<div class=\"vntd-carousel-holder logos-overlay-no\"><div class=\"vntd-carousel vntd-logos-carousel vntd-logos logos-style-regular logos-height-high carousel-nav-false nav-position-bottom\" data-cols=\"4\" data-autoplay=\"true\" data-autoplay-timeout=\"1000\" data-margin=\"30\" data-dots=\"true\" data-nav=\"false\">\t\t\t<a  class=\"item logo-item\">\n\t\t\t\t<img decoding=\"async\" src=\"https:\/\/www.industriaslaneko.com\/wp-content\/uploads\/2019\/06\/CEMEX.jpg\" alt=\"CEMEX\">\n\t\t\t<\/a>\t\t\t\t\n\t\t\t\t\t\t<a  class=\"item logo-item\">\n\t\t\t\t<img decoding=\"async\" src=\"https:\/\/www.industriaslaneko.com\/wp-content\/uploads\/2019\/06\/ESTANDA.jpg\" alt=\"ESTANDA\">\n\t\t\t<\/a>\t\t\t\t\n\t\t\t\t\t\t<a  class=\"item logo-item\">\n\t\t\t\t<img decoding=\"async\" src=\"https:\/\/www.industriaslaneko.com\/wp-content\/uploads\/2020\/07\/comansa.jpg\" alt=\"COMANSA\">\n\t\t\t<\/a>\t\t\t\t\n\t\t\t\t\t\t<a  class=\"item logo-item\">\n\t\t\t\t<img decoding=\"async\" src=\"https:\/\/www.industriaslaneko.com\/wp-content\/uploads\/2019\/06\/LAFARGE.jpg\" alt=\"LAFARGE\">\n\t\t\t<\/a>\t\t\t\t\n\t\t\t\t\t\t<a  class=\"item logo-item\">\n\t\t\t\t<img decoding=\"async\" src=\"https:\/\/www.industriaslaneko.com\/wp-content\/uploads\/2019\/06\/LOESCHE.jpg\" alt=\"LOESCHE\">\n\t\t\t<\/a>\t\t\t\t\n\t\t\t\t\t\t<a  class=\"item logo-item\">\n\t\t\t\t<img decoding=\"async\" src=\"https:\/\/www.industriaslaneko.com\/wp-content\/uploads\/2019\/06\/MAGOTTEAUX.jpg\" alt=\"MAGOTTEAUX\">\n\t\t\t<\/a>\t\t\t\t\n\t\t\t\t\t\t<a  class=\"item logo-item\">\n\t\t\t\t<img decoding=\"async\" src=\"https:\/\/www.industriaslaneko.com\/wp-content\/uploads\/2019\/06\/PANDROL.jpg\" alt=\"PANDROL\">\n\t\t\t<\/a>\t\t\t\t\n\t\t\t\t\t\t<a  class=\"item logo-item\">\n\t\t\t\t<img decoding=\"async\" src=\"https:\/\/www.industriaslaneko.com\/wp-content\/uploads\/2019\/06\/SNCF.jpg\" alt=\"SNCF\">\n\t\t\t<\/a>\t\t\t\t\n\t\t\t\t\t\t<a  class=\"item logo-item\">\n\t\t\t\t<img decoding=\"async\" src=\"https:\/\/www.industriaslaneko.com\/wp-content\/uploads\/2019\/06\/VAPE-RAIL.jpg\" alt=\"VAPE-RAIL\">\n\t\t\t<\/a>\t\t\t\t\n\t\t\t\t\t\t<a  class=\"item logo-item\">\n\t\t\t\t<img decoding=\"async\" src=\"https:\/\/www.industriaslaneko.com\/wp-content\/uploads\/2019\/06\/ACCIONA.jpg\" alt=\"ACCIONA\">\n\t\t\t<\/a>\t\t\t\t\n\t\t\t\t\t\t<a  class=\"item logo-item\">\n\t\t\t\t<img decoding=\"async\" src=\"https:\/\/www.industriaslaneko.com\/wp-content\/uploads\/2019\/06\/ADIF.jpg\" alt=\"ADIF\">\n\t\t\t<\/a>\t\t\t\t\n\t\t\t\t\t\t<a  class=\"item logo-item\">\n\t\t\t\t<img decoding=\"async\" src=\"https:\/\/www.industriaslaneko.com\/wp-content\/uploads\/2019\/06\/NORDEX.jpg\" alt=\"NORDEX\">\n\t\t\t<\/a>\t\t\t\t\n\t\t\t\t\t\t<a  class=\"item logo-item\">\n\t\t\t\t<img decoding=\"async\" src=\"https:\/\/www.industriaslaneko.com\/wp-content\/uploads\/2019\/06\/SIEMENS-GAMESA.jpg\" alt=\"SIEMENS-GAMESA\">\n\t\t\t<\/a>\t\t\t\t\n\t\t\t\t\t\t<a  class=\"item logo-item\">\n\t\t\t\t<img decoding=\"async\" src=\"https:\/\/www.industriaslaneko.com\/wp-content\/uploads\/2019\/06\/POLYSIUS-THYSSEN.jpg\" alt>\n\t\t\t<\/a>\t\t\t\t\n\t\t\t<\/div><\/div>\n<p>[\/vc_column][\/vc_row]<\/p>\n<\/div>","protected":false},"excerpt":{"rendered":"<p>[vc_row bg_predefined_color=\u00a0\u00bbaccent4&Prime; css=\u00a0\u00bb.vc_custom_1560949012077{margin-top: -80px !important;margin-bottom: 45px !important;padding-top: 50px !important;padding-bottom: 20px !important;}\u00a0\u00bb][vc_column width=\u00a0\u00bb1\/6&Prime;][\/vc_column][vc_column width=\u00a0\u00bb2\/3&Prime;][vc_column_text] Nous desservons des entreprises \u00e0 la pointe dans diff\u00e9rents secteurs [\/vc_column_text][\/vc_column][vc_column width=\u00a0\u00bb1\/6&Prime;][\/vc_column][\/vc_row][vc_row][vc_column width=\u00a0\u00bb1\/6&Prime;][\/vc_column][vc_column width=\u00a0\u00bb2\/3&Prime;][vc_column_text] Industrias Laneko fabrique des vis et des projets sp\u00e9ciaux sur mesure, selon les besoins de chaque client. C\u2019est pourquoi, des entreprises aussi importantes [&hellip;]<\/p>\n","protected":false},"author":1,"featured_media":0,"parent":4052,"menu_order":0,"comment_status":"closed","ping_status":"closed","template":"","meta":{"content-type":"","footnotes":""},"class_list":["post-4152","page","type-page","status-publish","hentry"],"yoast_head":"<!-- This site is optimized with the Yoast SEO plugin v27.5 - https:\/\/yoast.com\/product\/yoast-seo-wordpress\/ -->\n<title>Clients - Industrias Laneko<\/title>\n<meta name=\"robots\" content=\"index, follow, max-snippet:-1, max-image-preview:large, max-video-preview:-1\" \/>\n<link rel=\"canonical\" href=\"https:\/\/www.industriaslaneko.com\/fr\/qui-nous-sommes\/clients\/\" \/>\n<meta property=\"og:locale\" content=\"fr_FR\" \/>\n<meta property=\"og:type\" content=\"article\" \/>\n<meta property=\"og:title\" content=\"Clients - Industrias Laneko\" \/>\n<meta property=\"og:description\" content=\"[vc_row bg_predefined_color=\u00a0\u00bbaccent4&Prime; css=\u00a0\u00bb.vc_custom_1560949012077{margin-top: -80px !important;margin-bottom: 45px !important;padding-top: 50px !important;padding-bottom: 20px !important;}\u00a0\u00bb][vc_column width=\u00a0\u00bb1\/6&Prime;][\/vc_column][vc_column width=\u00a0\u00bb2\/3&Prime;][vc_column_text] Nous desservons des entreprises \u00e0 la pointe dans diff\u00e9rents secteurs [\/vc_column_text][\/vc_column][vc_column width=\u00a0\u00bb1\/6&Prime;][\/vc_column][\/vc_row][vc_row][vc_column width=\u00a0\u00bb1\/6&Prime;][\/vc_column][vc_column width=\u00a0\u00bb2\/3&Prime;][vc_column_text] Industrias Laneko fabrique des vis et des projets sp\u00e9ciaux sur mesure, selon les besoins de chaque client. C\u2019est pourquoi, des entreprises aussi importantes [&hellip;]\" \/>\n<meta property=\"og:url\" content=\"https:\/\/www.industriaslaneko.com\/fr\/qui-nous-sommes\/clients\/\" \/>\n<meta property=\"og:site_name\" content=\"Industrias Laneko\" \/>\n<meta property=\"article:modified_time\" content=\"2020-07-16T13:03:24+00:00\" \/>\n<meta name=\"twitter:card\" content=\"summary_large_image\" \/>\n<meta name=\"twitter:label1\" content=\"Dur\u00e9e de lecture estim\u00e9e\" \/>\n\t<meta name=\"twitter:data1\" content=\"1 minute\" \/>\n<script type=\"application\/ld+json\" class=\"yoast-schema-graph\">{\"@context\":\"https:\\\/\\\/schema.org\",\"@graph\":[{\"@type\":\"WebPage\",\"@id\":\"https:\\\/\\\/www.industriaslaneko.com\\\/fr\\\/qui-nous-sommes\\\/clients\\\/\",\"url\":\"https:\\\/\\\/www.industriaslaneko.com\\\/fr\\\/qui-nous-sommes\\\/clients\\\/\",\"name\":\"Clients - Industrias Laneko\",\"isPartOf\":{\"@id\":\"https:\\\/\\\/www.industriaslaneko.com\\\/fr\\\/#website\"},\"datePublished\":\"2019-06-19T13:01:52+00:00\",\"dateModified\":\"2020-07-16T13:03:24+00:00\",\"breadcrumb\":{\"@id\":\"https:\\\/\\\/www.industriaslaneko.com\\\/fr\\\/qui-nous-sommes\\\/clients\\\/#breadcrumb\"},\"inLanguage\":\"fr-FR\",\"potentialAction\":[{\"@type\":\"ReadAction\",\"target\":[\"https:\\\/\\\/www.industriaslaneko.com\\\/fr\\\/qui-nous-sommes\\\/clients\\\/\"]}]},{\"@type\":\"BreadcrumbList\",\"@id\":\"https:\\\/\\\/www.industriaslaneko.com\\\/fr\\\/qui-nous-sommes\\\/clients\\\/#breadcrumb\",\"itemListElement\":[{\"@type\":\"ListItem\",\"position\":1,\"name\":\"Portada\",\"item\":\"https:\\\/\\\/www.industriaslaneko.com\\\/fr\\\/\"},{\"@type\":\"ListItem\",\"position\":2,\"name\":\"Qui nous sommes\",\"item\":\"https:\\\/\\\/www.industriaslaneko.com\\\/fr\\\/qui-nous-sommes\\\/\"},{\"@type\":\"ListItem\",\"position\":3,\"name\":\"Clients\"}]},{\"@type\":\"WebSite\",\"@id\":\"https:\\\/\\\/www.industriaslaneko.com\\\/fr\\\/#website\",\"url\":\"https:\\\/\\\/www.industriaslaneko.com\\\/fr\\\/\",\"name\":\"Industrias Laneko\",\"description\":\"Industrias Laneko es una empresa especializada en la fabricaci\u00f3n de torniller\u00eda estampada en caliente, pernos, tirafondos de v\u00eda y proyectos especiales de calderer\u00eda, bienes de equipos, estructura met\u00e1lica, etc.\",\"potentialAction\":[{\"@type\":\"SearchAction\",\"target\":{\"@type\":\"EntryPoint\",\"urlTemplate\":\"https:\\\/\\\/www.industriaslaneko.com\\\/fr\\\/?s={search_term_string}\"},\"query-input\":{\"@type\":\"PropertyValueSpecification\",\"valueRequired\":true,\"valueName\":\"search_term_string\"}}],\"inLanguage\":\"fr-FR\"}]}<\/script>\n<!-- \/ Yoast SEO plugin. -->","yoast_head_json":{"title":"Clients - Industrias Laneko","robots":{"index":"index","follow":"follow","max-snippet":"max-snippet:-1","max-image-preview":"max-image-preview:large","max-video-preview":"max-video-preview:-1"},"canonical":"https:\/\/www.industriaslaneko.com\/fr\/qui-nous-sommes\/clients\/","og_locale":"fr_FR","og_type":"article","og_title":"Clients - Industrias Laneko","og_description":"[vc_row bg_predefined_color=\u00a0\u00bbaccent4&Prime; css=\u00a0\u00bb.vc_custom_1560949012077{margin-top: -80px !important;margin-bottom: 45px !important;padding-top: 50px !important;padding-bottom: 20px !important;}\u00a0\u00bb][vc_column width=\u00a0\u00bb1\/6&Prime;][\/vc_column][vc_column width=\u00a0\u00bb2\/3&Prime;][vc_column_text] Nous desservons des entreprises \u00e0 la pointe dans diff\u00e9rents secteurs [\/vc_column_text][\/vc_column][vc_column width=\u00a0\u00bb1\/6&Prime;][\/vc_column][\/vc_row][vc_row][vc_column width=\u00a0\u00bb1\/6&Prime;][\/vc_column][vc_column width=\u00a0\u00bb2\/3&Prime;][vc_column_text] Industrias Laneko fabrique des vis et des projets sp\u00e9ciaux sur mesure, selon les besoins de chaque client. C\u2019est pourquoi, des entreprises aussi importantes [&hellip;]","og_url":"https:\/\/www.industriaslaneko.com\/fr\/qui-nous-sommes\/clients\/","og_site_name":"Industrias Laneko","article_modified_time":"2020-07-16T13:03:24+00:00","twitter_card":"summary_large_image","twitter_misc":{"Dur\u00e9e de lecture estim\u00e9e":"1 minute"},"schema":{"@context":"https:\/\/schema.org","@graph":[{"@type":"WebPage","@id":"https:\/\/www.industriaslaneko.com\/fr\/qui-nous-sommes\/clients\/","url":"https:\/\/www.industriaslaneko.com\/fr\/qui-nous-sommes\/clients\/","name":"Clients - Industrias Laneko","isPartOf":{"@id":"https:\/\/www.industriaslaneko.com\/fr\/#website"},"datePublished":"2019-06-19T13:01:52+00:00","dateModified":"2020-07-16T13:03:24+00:00","breadcrumb":{"@id":"https:\/\/www.industriaslaneko.com\/fr\/qui-nous-sommes\/clients\/#breadcrumb"},"inLanguage":"fr-FR","potentialAction":[{"@type":"ReadAction","target":["https:\/\/www.industriaslaneko.com\/fr\/qui-nous-sommes\/clients\/"]}]},{"@type":"BreadcrumbList","@id":"https:\/\/www.industriaslaneko.com\/fr\/qui-nous-sommes\/clients\/#breadcrumb","itemListElement":[{"@type":"ListItem","position":1,"name":"Portada","item":"https:\/\/www.industriaslaneko.com\/fr\/"},{"@type":"ListItem","position":2,"name":"Qui nous sommes","item":"https:\/\/www.industriaslaneko.com\/fr\/qui-nous-sommes\/"},{"@type":"ListItem","position":3,"name":"Clients"}]},{"@type":"WebSite","@id":"https:\/\/www.industriaslaneko.com\/fr\/#website","url":"https:\/\/www.industriaslaneko.com\/fr\/","name":"Industrias Laneko","description":"Industrias Laneko es una empresa especializada en la fabricaci\u00f3n de torniller\u00eda estampada en caliente, pernos, tirafondos de v\u00eda y proyectos especiales de calderer\u00eda, bienes de equipos, estructura met\u00e1lica, etc.","potentialAction":[{"@type":"SearchAction","target":{"@type":"EntryPoint","urlTemplate":"https:\/\/www.industriaslaneko.com\/fr\/?s={search_term_string}"},"query-input":{"@type":"PropertyValueSpecification","valueRequired":true,"valueName":"search_term_string"}}],"inLanguage":"fr-FR"}]}},"_links":{"self":[{"href":"https:\/\/www.industriaslaneko.com\/fr\/wp-json\/wp\/v2\/pages\/4152","targetHints":{"allow":["GET"]}}],"collection":[{"href":"https:\/\/www.industriaslaneko.com\/fr\/wp-json\/wp\/v2\/pages"}],"about":[{"href":"https:\/\/www.industriaslaneko.com\/fr\/wp-json\/wp\/v2\/types\/page"}],"author":[{"embeddable":true,"href":"https:\/\/www.industriaslaneko.com\/fr\/wp-json\/wp\/v2\/users\/1"}],"replies":[{"embeddable":true,"href":"https:\/\/www.industriaslaneko.com\/fr\/wp-json\/wp\/v2\/comments?post=4152"}],"version-history":[{"count":4,"href":"https:\/\/www.industriaslaneko.com\/fr\/wp-json\/wp\/v2\/pages\/4152\/revisions"}],"predecessor-version":[{"id":4492,"href":"https:\/\/www.industriaslaneko.com\/fr\/wp-json\/wp\/v2\/pages\/4152\/revisions\/4492"}],"up":[{"embeddable":true,"href":"https:\/\/www.industriaslaneko.com\/fr\/wp-json\/wp\/v2\/pages\/4052"}],"wp:attachment":[{"href":"https:\/\/www.industriaslaneko.com\/fr\/wp-json\/wp\/v2\/media?parent=4152"}],"curies":[{"name":"wp","href":"https:\/\/api.w.org\/{rel}","templated":true}]}}