{"id":4218,"date":"2019-05-09T15:15:33","date_gmt":"2019-05-09T13:15:33","guid":{"rendered":"https:\/\/www.industriaslaneko.com\/nos-produits\/visserie\/visserie-pour-voies\/"},"modified":"2020-07-21T10:28:20","modified_gmt":"2020-07-21T08:28:20","slug":"visserie-pour-voies","status":"publish","type":"page","link":"https:\/\/www.industriaslaneko.com\/fr\/nos-produits\/visserie\/visserie-pour-voies\/","title":{"rendered":"Visserie pour voies"},"content":{"rendered":"<div class=\"wpb-content-wrapper\"><p>[vc_row css=\u00a0\u00bb.vc_custom_1557305175793{margin-bottom: 0px !important;padding-bottom: 0px !important;}\u00a0\u00bb][vc_column][vc_single_image image=\u00a0\u00bb4170&Prime; alignment=\u00a0\u00bbcenter\u00a0\u00bb][vc_column_text]<\/p>\n<h2 class=\"p1\">Nous sommes leaders dans le domaine de la fabrication de visserie pour voies<\/h2>\n<p>[\/vc_column_text][\/vc_column][\/vc_row][vc_row css=\u00a0\u00bb.vc_custom_1557305197936{margin-top: 0px !important;margin-bottom: 50px !important;padding-top: 0px !important;}\u00a0\u00bb][vc_column width=\u00a0\u00bb1\/2&Prime;][vc_column_text]Nous sommes leaders dans le domaine de la fabrication de visserie pour voies. Nos fixations sont utilis\u00e9es dans la construction et la maintenance des principales lignes de haute vitesse, lignes conventionnelles, lignes de transport de chargements lourds, r\u00e9seaux m\u00e9tropolitains (proximit\u00e9, m\u00e9tros et tramways), voies de service pour la construction de tunnels, etc.[\/vc_column_text][vc_column_text css=\u00a0\u00bb.vc_custom_1557304227082{padding-top: 20px !important;padding-right: 20px !important;padding-bottom: 20px !important;padding-left: 20px !important;background-color: #f8f8f8 !important;}\u00a0\u00bb]Nos solutions sont :<\/p>\n<h3>TIREFONDS DE VOIES<\/h3>\n<ul>\n<li>Filetage \u00e0 chaud<\/li>\n<li>Filetage \u00e0 froid<\/li>\n<\/ul>\n<p>&nbsp;<\/p>\n<h3>VIS DE VOIES<\/h3>\n<ul>\n<li>Vis Bride t\u00eate Sabot<\/li>\n<li>Vis Bride t\u00eate pyramidale<\/li>\n<li>Vis \u00e0 crochet<\/li>\n<li>Vis de traverse<\/li>\n<li>Vis de changement<\/li>\n<\/ul>\n<p>&nbsp;<\/p>\n<h3>FIXATIONS POUR VOIES DE SERVICE POUR LA CONSTRUCTION DE TUNNELS<\/h3>\n<p>&nbsp;<\/p>\n<h3>AUTRE MAT\u00c9RIEL FERROVIAIRE<\/h3>\n<ul>\n<li>Coussinets<\/li>\n<li>Brides<\/li>\n<li>Rondelles<\/li>\n<\/ul>\n<p>[\/vc_column_text][\/vc_column][vc_column width=\u00a0\u00bb1\/2&Prime;][vc_single_image image=\u00a0\u00bb4169&Prime;][vc_single_image image=\u00a0\u00bb4216&Prime; onclick=\u00a0\u00bblink_image\u00a0\u00bb]<a href=\"https:\/\/www.industriaslaneko.com\/fr\/contact\/\" class=\"btn btn-style-circle btn-custom btn-center btn-icon\" target=\"_self\" style=\"background-color:#c4c4c4;border-color:#c4c4c4;\" ><i class=\"\"><\/i>As-tu besoin de plus d'informations?<\/a>[vc_column_text css=\u00a0\u00bb.vc_custom_1557305353527{margin-top: 20px !important;}\u00a0\u00bb]<\/p>\n<p class=\"p1\" style=\"text-align: center;\"><strong>Ventes (Espagne)<br \/>\n<\/strong>I\u00f1aki Betelu: betelu@laneko.es<\/p>\n<p class=\"p1\" style=\"text-align: center;\"><strong>Ventes (Exportation)<br \/>\n<\/strong>Amaya Lozano: a.lozano@laneko.es<\/p>\n<p>[\/vc_column_text][\/vc_column][\/vc_row]<\/p>\n<\/div>","protected":false},"excerpt":{"rendered":"<p>[vc_row css=\u00a0\u00bb.vc_custom_1557305175793{margin-bottom: 0px !important;padding-bottom: 0px !important;}\u00a0\u00bb][vc_column][vc_single_image image=\u00a0\u00bb4170&Prime; alignment=\u00a0\u00bbcenter\u00a0\u00bb][vc_column_text] Nous sommes leaders dans le domaine de la fabrication de visserie pour voies [\/vc_column_text][\/vc_column][\/vc_row][vc_row css=\u00a0\u00bb.vc_custom_1557305197936{margin-top: 0px !important;margin-bottom: 50px !important;padding-top: 0px !important;}\u00a0\u00bb][vc_column width=\u00a0\u00bb1\/2&Prime;][vc_column_text]Nous sommes leaders dans le domaine de la fabrication de visserie pour voies. Nos fixations sont utilis\u00e9es dans la construction et [&hellip;]<\/p>\n","protected":false},"author":1,"featured_media":0,"parent":4164,"menu_order":0,"comment_status":"closed","ping_status":"closed","template":"","meta":{"content-type":"","footnotes":""},"class_list":["post-4218","page","type-page","status-publish","hentry"],"yoast_head":"<!-- This site is optimized with the Yoast SEO plugin v27.5 - https:\/\/yoast.com\/product\/yoast-seo-wordpress\/ -->\n<title>Visserie pour voies - Industrias Laneko<\/title>\n<meta name=\"robots\" content=\"index, follow, max-snippet:-1, max-image-preview:large, max-video-preview:-1\" \/>\n<link rel=\"canonical\" href=\"https:\/\/www.industriaslaneko.com\/fr\/nos-produits\/visserie\/visserie-pour-voies\/\" \/>\n<meta property=\"og:locale\" content=\"fr_FR\" \/>\n<meta property=\"og:type\" content=\"article\" \/>\n<meta property=\"og:title\" content=\"Visserie pour voies - Industrias Laneko\" \/>\n<meta property=\"og:description\" content=\"[vc_row css=\u00a0\u00bb.vc_custom_1557305175793{margin-bottom: 0px !important;padding-bottom: 0px !important;}\u00a0\u00bb][vc_column][vc_single_image image=\u00a0\u00bb4170&Prime; alignment=\u00a0\u00bbcenter\u00a0\u00bb][vc_column_text] Nous sommes leaders dans le domaine de la fabrication de visserie pour voies [\/vc_column_text][\/vc_column][\/vc_row][vc_row css=\u00a0\u00bb.vc_custom_1557305197936{margin-top: 0px !important;margin-bottom: 50px !important;padding-top: 0px !important;}\u00a0\u00bb][vc_column width=\u00a0\u00bb1\/2&Prime;][vc_column_text]Nous sommes leaders dans le domaine de la fabrication de visserie pour voies. Nos fixations sont utilis\u00e9es dans la construction et [&hellip;]\" \/>\n<meta property=\"og:url\" content=\"https:\/\/www.industriaslaneko.com\/fr\/nos-produits\/visserie\/visserie-pour-voies\/\" \/>\n<meta property=\"og:site_name\" content=\"Industrias Laneko\" \/>\n<meta property=\"article:modified_time\" content=\"2020-07-21T08:28:20+00:00\" \/>\n<meta name=\"twitter:card\" content=\"summary_large_image\" \/>\n<meta name=\"twitter:label1\" content=\"Dur\u00e9e de lecture estim\u00e9e\" \/>\n\t<meta name=\"twitter:data1\" content=\"1 minute\" \/>\n<script type=\"application\/ld+json\" class=\"yoast-schema-graph\">{\"@context\":\"https:\\\/\\\/schema.org\",\"@graph\":[{\"@type\":\"WebPage\",\"@id\":\"https:\\\/\\\/www.industriaslaneko.com\\\/fr\\\/nos-produits\\\/visserie\\\/visserie-pour-voies\\\/\",\"url\":\"https:\\\/\\\/www.industriaslaneko.com\\\/fr\\\/nos-produits\\\/visserie\\\/visserie-pour-voies\\\/\",\"name\":\"Visserie pour voies - Industrias Laneko\",\"isPartOf\":{\"@id\":\"https:\\\/\\\/www.industriaslaneko.com\\\/fr\\\/#website\"},\"datePublished\":\"2019-05-09T13:15:33+00:00\",\"dateModified\":\"2020-07-21T08:28:20+00:00\",\"breadcrumb\":{\"@id\":\"https:\\\/\\\/www.industriaslaneko.com\\\/fr\\\/nos-produits\\\/visserie\\\/visserie-pour-voies\\\/#breadcrumb\"},\"inLanguage\":\"fr-FR\",\"potentialAction\":[{\"@type\":\"ReadAction\",\"target\":[\"https:\\\/\\\/www.industriaslaneko.com\\\/fr\\\/nos-produits\\\/visserie\\\/visserie-pour-voies\\\/\"]}]},{\"@type\":\"BreadcrumbList\",\"@id\":\"https:\\\/\\\/www.industriaslaneko.com\\\/fr\\\/nos-produits\\\/visserie\\\/visserie-pour-voies\\\/#breadcrumb\",\"itemListElement\":[{\"@type\":\"ListItem\",\"position\":1,\"name\":\"Portada\",\"item\":\"https:\\\/\\\/www.industriaslaneko.com\\\/fr\\\/\"},{\"@type\":\"ListItem\",\"position\":2,\"name\":\"Nos produits\",\"item\":\"https:\\\/\\\/www.industriaslaneko.com\\\/fr\\\/nos-produits\\\/\"},{\"@type\":\"ListItem\",\"position\":3,\"name\":\"Visserie\",\"item\":\"https:\\\/\\\/www.industriaslaneko.com\\\/fr\\\/nos-produits\\\/visserie\\\/\"},{\"@type\":\"ListItem\",\"position\":4,\"name\":\"Visserie pour voies\"}]},{\"@type\":\"WebSite\",\"@id\":\"https:\\\/\\\/www.industriaslaneko.com\\\/fr\\\/#website\",\"url\":\"https:\\\/\\\/www.industriaslaneko.com\\\/fr\\\/\",\"name\":\"Industrias Laneko\",\"description\":\"Industrias Laneko es una empresa especializada en la fabricaci\u00f3n de torniller\u00eda estampada en caliente, pernos, tirafondos de v\u00eda y proyectos especiales de calderer\u00eda, bienes de equipos, estructura met\u00e1lica, etc.\",\"potentialAction\":[{\"@type\":\"SearchAction\",\"target\":{\"@type\":\"EntryPoint\",\"urlTemplate\":\"https:\\\/\\\/www.industriaslaneko.com\\\/fr\\\/?s={search_term_string}\"},\"query-input\":{\"@type\":\"PropertyValueSpecification\",\"valueRequired\":true,\"valueName\":\"search_term_string\"}}],\"inLanguage\":\"fr-FR\"}]}<\/script>\n<!-- \/ Yoast SEO plugin. -->","yoast_head_json":{"title":"Visserie pour voies - Industrias Laneko","robots":{"index":"index","follow":"follow","max-snippet":"max-snippet:-1","max-image-preview":"max-image-preview:large","max-video-preview":"max-video-preview:-1"},"canonical":"https:\/\/www.industriaslaneko.com\/fr\/nos-produits\/visserie\/visserie-pour-voies\/","og_locale":"fr_FR","og_type":"article","og_title":"Visserie pour voies - Industrias Laneko","og_description":"[vc_row css=\u00a0\u00bb.vc_custom_1557305175793{margin-bottom: 0px !important;padding-bottom: 0px !important;}\u00a0\u00bb][vc_column][vc_single_image image=\u00a0\u00bb4170&Prime; alignment=\u00a0\u00bbcenter\u00a0\u00bb][vc_column_text] Nous sommes leaders dans le domaine de la fabrication de visserie pour voies [\/vc_column_text][\/vc_column][\/vc_row][vc_row css=\u00a0\u00bb.vc_custom_1557305197936{margin-top: 0px !important;margin-bottom: 50px !important;padding-top: 0px !important;}\u00a0\u00bb][vc_column width=\u00a0\u00bb1\/2&Prime;][vc_column_text]Nous sommes leaders dans le domaine de la fabrication de visserie pour voies. Nos fixations sont utilis\u00e9es dans la construction et [&hellip;]","og_url":"https:\/\/www.industriaslaneko.com\/fr\/nos-produits\/visserie\/visserie-pour-voies\/","og_site_name":"Industrias Laneko","article_modified_time":"2020-07-21T08:28:20+00:00","twitter_card":"summary_large_image","twitter_misc":{"Dur\u00e9e de lecture estim\u00e9e":"1 minute"},"schema":{"@context":"https:\/\/schema.org","@graph":[{"@type":"WebPage","@id":"https:\/\/www.industriaslaneko.com\/fr\/nos-produits\/visserie\/visserie-pour-voies\/","url":"https:\/\/www.industriaslaneko.com\/fr\/nos-produits\/visserie\/visserie-pour-voies\/","name":"Visserie pour voies - Industrias Laneko","isPartOf":{"@id":"https:\/\/www.industriaslaneko.com\/fr\/#website"},"datePublished":"2019-05-09T13:15:33+00:00","dateModified":"2020-07-21T08:28:20+00:00","breadcrumb":{"@id":"https:\/\/www.industriaslaneko.com\/fr\/nos-produits\/visserie\/visserie-pour-voies\/#breadcrumb"},"inLanguage":"fr-FR","potentialAction":[{"@type":"ReadAction","target":["https:\/\/www.industriaslaneko.com\/fr\/nos-produits\/visserie\/visserie-pour-voies\/"]}]},{"@type":"BreadcrumbList","@id":"https:\/\/www.industriaslaneko.com\/fr\/nos-produits\/visserie\/visserie-pour-voies\/#breadcrumb","itemListElement":[{"@type":"ListItem","position":1,"name":"Portada","item":"https:\/\/www.industriaslaneko.com\/fr\/"},{"@type":"ListItem","position":2,"name":"Nos produits","item":"https:\/\/www.industriaslaneko.com\/fr\/nos-produits\/"},{"@type":"ListItem","position":3,"name":"Visserie","item":"https:\/\/www.industriaslaneko.com\/fr\/nos-produits\/visserie\/"},{"@type":"ListItem","position":4,"name":"Visserie pour voies"}]},{"@type":"WebSite","@id":"https:\/\/www.industriaslaneko.com\/fr\/#website","url":"https:\/\/www.industriaslaneko.com\/fr\/","name":"Industrias Laneko","description":"Industrias Laneko es una empresa especializada en la fabricaci\u00f3n de torniller\u00eda estampada en caliente, pernos, tirafondos de v\u00eda y proyectos especiales de calderer\u00eda, bienes de equipos, estructura met\u00e1lica, etc.","potentialAction":[{"@type":"SearchAction","target":{"@type":"EntryPoint","urlTemplate":"https:\/\/www.industriaslaneko.com\/fr\/?s={search_term_string}"},"query-input":{"@type":"PropertyValueSpecification","valueRequired":true,"valueName":"search_term_string"}}],"inLanguage":"fr-FR"}]}},"_links":{"self":[{"href":"https:\/\/www.industriaslaneko.com\/fr\/wp-json\/wp\/v2\/pages\/4218","targetHints":{"allow":["GET"]}}],"collection":[{"href":"https:\/\/www.industriaslaneko.com\/fr\/wp-json\/wp\/v2\/pages"}],"about":[{"href":"https:\/\/www.industriaslaneko.com\/fr\/wp-json\/wp\/v2\/types\/page"}],"author":[{"embeddable":true,"href":"https:\/\/www.industriaslaneko.com\/fr\/wp-json\/wp\/v2\/users\/1"}],"replies":[{"embeddable":true,"href":"https:\/\/www.industriaslaneko.com\/fr\/wp-json\/wp\/v2\/comments?post=4218"}],"version-history":[{"count":3,"href":"https:\/\/www.industriaslaneko.com\/fr\/wp-json\/wp\/v2\/pages\/4218\/revisions"}],"predecessor-version":[{"id":4538,"href":"https:\/\/www.industriaslaneko.com\/fr\/wp-json\/wp\/v2\/pages\/4218\/revisions\/4538"}],"up":[{"embeddable":true,"href":"https:\/\/www.industriaslaneko.com\/fr\/wp-json\/wp\/v2\/pages\/4164"}],"wp:attachment":[{"href":"https:\/\/www.industriaslaneko.com\/fr\/wp-json\/wp\/v2\/media?parent=4218"}],"curies":[{"name":"wp","href":"https:\/\/api.w.org\/{rel}","templated":true}]}}