{"id":4226,"date":"2019-05-09T15:36:30","date_gmt":"2019-05-09T13:36:30","guid":{"rendered":"https:\/\/www.industriaslaneko.com\/nos-produits\/visserie\/visserie-pour-aerogenerateurs\/"},"modified":"2020-07-21T10:29:26","modified_gmt":"2020-07-21T08:29:26","slug":"visserie-pour-aerogenerateurs","status":"publish","type":"page","link":"https:\/\/www.industriaslaneko.com\/fr\/nos-produits\/visserie\/visserie-pour-aerogenerateurs\/","title":{"rendered":"Visserie pour a\u00e9rog\u00e9n\u00e9rateurs"},"content":{"rendered":"<div class=\"wpb-content-wrapper\"><p>[vc_row css=\u00a0\u00bb.vc_custom_1557305175793{margin-bottom: 0px !important;padding-bottom: 0px !important;}\u00a0\u00bb][vc_column][vc_single_image image=\u00a0\u00bb3941&Prime; alignment=\u00a0\u00bbcenter\u00a0\u00bb][vc_column_text]<\/p>\n<h2 class=\"p1\">Nous fournissons les principaux fabricants d\u2019a\u00e9rog\u00e9n\u00e9rateurs (WTG) du monde<\/h2>\n<p>[\/vc_column_text][\/vc_column][\/vc_row][vc_row css=\u00a0\u00bb.vc_custom_1557305197936{margin-top: 0px !important;margin-bottom: 50px !important;padding-top: 0px !important;}\u00a0\u00bb][vc_column width=\u00a0\u00bb1\/2&Prime;][vc_column_text]Nous sommes pr\u00e9sents \u00e9galement dans le secteur de l\u2019\u00e9nergie \u00e9olienne. Nous fournissons les principaux fabricants de WGT du monde dans le respect des standards les plus exigeants. Nous fournissons selon le syst\u00e8me \u00ab\u00a0juste \u00e0 temps\u00a0\u00bb en nous adaptant aux quantit\u00e9s et aux formats demand\u00e9s, selon les pr\u00e9visions.[\/vc_column_text][vc_column_text css=\u00a0\u00bb.vc_custom_1558697801978{margin-bottom: 50px !important;padding-top: 20px !important;padding-right: 20px !important;padding-bottom: 20px !important;padding-left: 20px !important;background-color: #f8f8f8 !important;}\u00a0\u00bb]Laneko donne r\u00e9ponse \u00e0 tous les besoins en visserie (boulons et vis) au-dessus de M-20 dont un WTG a besoin :<\/p>\n<ul>\n<li>Boulons tensionn\u00e9s de pale.<\/li>\n<li>Unions viss\u00e9es de moyeu.<\/li>\n<li>Visserie de nacelle (couronne syst\u00e8me yaw int\u00e9rieur et ext\u00e9rieur, freins, ancrage \u00e9quipements)<\/li>\n<li>Raccords viss\u00e9es de tron\u00e7ons de tour.<\/li>\n<li>Fondations de tour.<\/li>\n<\/ul>\n<p>[\/vc_column_text][\/vc_column][vc_column width=\u00a0\u00bb1\/2&Prime;][vc_single_image image=\u00a0\u00bb4223&Prime; onclick=\u00a0\u00bblink_image\u00a0\u00bb]<a href=\"https:\/\/www.industriaslaneko.com\/fr\/contact\/\" class=\"btn btn-style-circle btn-custom btn-center btn-icon\" target=\"_self\" style=\"background-color:#c4c4c4;border-color:#c4c4c4;\" ><i class=\"\"><\/i>As-tu besoin de plus d'informations?<\/a>[vc_column_text css=\u00a0\u00bb.vc_custom_1557305353527{margin-top: 20px !important;}\u00a0\u00bb]<\/p>\n<p class=\"p1\" style=\"text-align: center;\"><strong>Ventes (Espagne)<br \/>\n<\/strong>I\u00f1aki Betelu: betelu@laneko.es<\/p>\n<p class=\"p1\" style=\"text-align: center;\"><strong>Ventes (Exportation)<br \/>\n<\/strong>Amaya Lozano: a.lozano@laneko.es<\/p>\n<p>[\/vc_column_text][\/vc_column][\/vc_row]<\/p>\n<\/div>","protected":false},"excerpt":{"rendered":"<p>[vc_row css=\u00a0\u00bb.vc_custom_1557305175793{margin-bottom: 0px !important;padding-bottom: 0px !important;}\u00a0\u00bb][vc_column][vc_single_image image=\u00a0\u00bb3941&Prime; alignment=\u00a0\u00bbcenter\u00a0\u00bb][vc_column_text] Nous fournissons les principaux fabricants d\u2019a\u00e9rog\u00e9n\u00e9rateurs (WTG) du monde [\/vc_column_text][\/vc_column][\/vc_row][vc_row css=\u00a0\u00bb.vc_custom_1557305197936{margin-top: 0px !important;margin-bottom: 50px !important;padding-top: 0px !important;}\u00a0\u00bb][vc_column width=\u00a0\u00bb1\/2&Prime;][vc_column_text]Nous sommes pr\u00e9sents \u00e9galement dans le secteur de l\u2019\u00e9nergie \u00e9olienne. Nous fournissons les principaux fabricants de WGT du monde dans le respect des standards les [&hellip;]<\/p>\n","protected":false},"author":1,"featured_media":0,"parent":4164,"menu_order":0,"comment_status":"closed","ping_status":"closed","template":"","meta":{"content-type":"","footnotes":""},"class_list":["post-4226","page","type-page","status-publish","hentry"],"yoast_head":"<!-- This site is optimized with the Yoast SEO plugin v27.5 - https:\/\/yoast.com\/product\/yoast-seo-wordpress\/ -->\n<title>Visserie pour a\u00e9rog\u00e9n\u00e9rateurs - Industrias Laneko<\/title>\n<meta name=\"robots\" content=\"index, follow, max-snippet:-1, max-image-preview:large, max-video-preview:-1\" \/>\n<link rel=\"canonical\" href=\"https:\/\/www.industriaslaneko.com\/fr\/nos-produits\/visserie\/visserie-pour-aerogenerateurs\/\" \/>\n<meta property=\"og:locale\" content=\"fr_FR\" \/>\n<meta property=\"og:type\" content=\"article\" \/>\n<meta property=\"og:title\" content=\"Visserie pour a\u00e9rog\u00e9n\u00e9rateurs - Industrias Laneko\" \/>\n<meta property=\"og:description\" content=\"[vc_row css=\u00a0\u00bb.vc_custom_1557305175793{margin-bottom: 0px !important;padding-bottom: 0px !important;}\u00a0\u00bb][vc_column][vc_single_image image=\u00a0\u00bb3941&Prime; alignment=\u00a0\u00bbcenter\u00a0\u00bb][vc_column_text] Nous fournissons les principaux fabricants d\u2019a\u00e9rog\u00e9n\u00e9rateurs (WTG) du monde [\/vc_column_text][\/vc_column][\/vc_row][vc_row css=\u00a0\u00bb.vc_custom_1557305197936{margin-top: 0px !important;margin-bottom: 50px !important;padding-top: 0px !important;}\u00a0\u00bb][vc_column width=\u00a0\u00bb1\/2&Prime;][vc_column_text]Nous sommes pr\u00e9sents \u00e9galement dans le secteur de l\u2019\u00e9nergie \u00e9olienne. Nous fournissons les principaux fabricants de WGT du monde dans le respect des standards les [&hellip;]\" \/>\n<meta property=\"og:url\" content=\"https:\/\/www.industriaslaneko.com\/fr\/nos-produits\/visserie\/visserie-pour-aerogenerateurs\/\" \/>\n<meta property=\"og:site_name\" content=\"Industrias Laneko\" \/>\n<meta property=\"article:modified_time\" content=\"2020-07-21T08:29:26+00:00\" \/>\n<meta name=\"twitter:card\" content=\"summary_large_image\" \/>\n<meta name=\"twitter:label1\" content=\"Dur\u00e9e de lecture estim\u00e9e\" \/>\n\t<meta name=\"twitter:data1\" content=\"1 minute\" \/>\n<script type=\"application\/ld+json\" class=\"yoast-schema-graph\">{\"@context\":\"https:\\\/\\\/schema.org\",\"@graph\":[{\"@type\":\"WebPage\",\"@id\":\"https:\\\/\\\/www.industriaslaneko.com\\\/fr\\\/nos-produits\\\/visserie\\\/visserie-pour-aerogenerateurs\\\/\",\"url\":\"https:\\\/\\\/www.industriaslaneko.com\\\/fr\\\/nos-produits\\\/visserie\\\/visserie-pour-aerogenerateurs\\\/\",\"name\":\"Visserie pour a\u00e9rog\u00e9n\u00e9rateurs - Industrias Laneko\",\"isPartOf\":{\"@id\":\"https:\\\/\\\/www.industriaslaneko.com\\\/fr\\\/#website\"},\"datePublished\":\"2019-05-09T13:36:30+00:00\",\"dateModified\":\"2020-07-21T08:29:26+00:00\",\"breadcrumb\":{\"@id\":\"https:\\\/\\\/www.industriaslaneko.com\\\/fr\\\/nos-produits\\\/visserie\\\/visserie-pour-aerogenerateurs\\\/#breadcrumb\"},\"inLanguage\":\"fr-FR\",\"potentialAction\":[{\"@type\":\"ReadAction\",\"target\":[\"https:\\\/\\\/www.industriaslaneko.com\\\/fr\\\/nos-produits\\\/visserie\\\/visserie-pour-aerogenerateurs\\\/\"]}]},{\"@type\":\"BreadcrumbList\",\"@id\":\"https:\\\/\\\/www.industriaslaneko.com\\\/fr\\\/nos-produits\\\/visserie\\\/visserie-pour-aerogenerateurs\\\/#breadcrumb\",\"itemListElement\":[{\"@type\":\"ListItem\",\"position\":1,\"name\":\"Portada\",\"item\":\"https:\\\/\\\/www.industriaslaneko.com\\\/fr\\\/\"},{\"@type\":\"ListItem\",\"position\":2,\"name\":\"Nos produits\",\"item\":\"https:\\\/\\\/www.industriaslaneko.com\\\/fr\\\/nos-produits\\\/\"},{\"@type\":\"ListItem\",\"position\":3,\"name\":\"Visserie\",\"item\":\"https:\\\/\\\/www.industriaslaneko.com\\\/fr\\\/nos-produits\\\/visserie\\\/\"},{\"@type\":\"ListItem\",\"position\":4,\"name\":\"Visserie pour a\u00e9rog\u00e9n\u00e9rateurs\"}]},{\"@type\":\"WebSite\",\"@id\":\"https:\\\/\\\/www.industriaslaneko.com\\\/fr\\\/#website\",\"url\":\"https:\\\/\\\/www.industriaslaneko.com\\\/fr\\\/\",\"name\":\"Industrias Laneko\",\"description\":\"Industrias Laneko es una empresa especializada en la fabricaci\u00f3n de torniller\u00eda estampada en caliente, pernos, tirafondos de v\u00eda y proyectos especiales de calderer\u00eda, bienes de equipos, estructura met\u00e1lica, etc.\",\"potentialAction\":[{\"@type\":\"SearchAction\",\"target\":{\"@type\":\"EntryPoint\",\"urlTemplate\":\"https:\\\/\\\/www.industriaslaneko.com\\\/fr\\\/?s={search_term_string}\"},\"query-input\":{\"@type\":\"PropertyValueSpecification\",\"valueRequired\":true,\"valueName\":\"search_term_string\"}}],\"inLanguage\":\"fr-FR\"}]}<\/script>\n<!-- \/ Yoast SEO plugin. -->","yoast_head_json":{"title":"Visserie pour a\u00e9rog\u00e9n\u00e9rateurs - Industrias Laneko","robots":{"index":"index","follow":"follow","max-snippet":"max-snippet:-1","max-image-preview":"max-image-preview:large","max-video-preview":"max-video-preview:-1"},"canonical":"https:\/\/www.industriaslaneko.com\/fr\/nos-produits\/visserie\/visserie-pour-aerogenerateurs\/","og_locale":"fr_FR","og_type":"article","og_title":"Visserie pour a\u00e9rog\u00e9n\u00e9rateurs - Industrias Laneko","og_description":"[vc_row css=\u00a0\u00bb.vc_custom_1557305175793{margin-bottom: 0px !important;padding-bottom: 0px !important;}\u00a0\u00bb][vc_column][vc_single_image image=\u00a0\u00bb3941&Prime; alignment=\u00a0\u00bbcenter\u00a0\u00bb][vc_column_text] Nous fournissons les principaux fabricants d\u2019a\u00e9rog\u00e9n\u00e9rateurs (WTG) du monde [\/vc_column_text][\/vc_column][\/vc_row][vc_row css=\u00a0\u00bb.vc_custom_1557305197936{margin-top: 0px !important;margin-bottom: 50px !important;padding-top: 0px !important;}\u00a0\u00bb][vc_column width=\u00a0\u00bb1\/2&Prime;][vc_column_text]Nous sommes pr\u00e9sents \u00e9galement dans le secteur de l\u2019\u00e9nergie \u00e9olienne. Nous fournissons les principaux fabricants de WGT du monde dans le respect des standards les [&hellip;]","og_url":"https:\/\/www.industriaslaneko.com\/fr\/nos-produits\/visserie\/visserie-pour-aerogenerateurs\/","og_site_name":"Industrias Laneko","article_modified_time":"2020-07-21T08:29:26+00:00","twitter_card":"summary_large_image","twitter_misc":{"Dur\u00e9e de lecture estim\u00e9e":"1 minute"},"schema":{"@context":"https:\/\/schema.org","@graph":[{"@type":"WebPage","@id":"https:\/\/www.industriaslaneko.com\/fr\/nos-produits\/visserie\/visserie-pour-aerogenerateurs\/","url":"https:\/\/www.industriaslaneko.com\/fr\/nos-produits\/visserie\/visserie-pour-aerogenerateurs\/","name":"Visserie pour a\u00e9rog\u00e9n\u00e9rateurs - Industrias Laneko","isPartOf":{"@id":"https:\/\/www.industriaslaneko.com\/fr\/#website"},"datePublished":"2019-05-09T13:36:30+00:00","dateModified":"2020-07-21T08:29:26+00:00","breadcrumb":{"@id":"https:\/\/www.industriaslaneko.com\/fr\/nos-produits\/visserie\/visserie-pour-aerogenerateurs\/#breadcrumb"},"inLanguage":"fr-FR","potentialAction":[{"@type":"ReadAction","target":["https:\/\/www.industriaslaneko.com\/fr\/nos-produits\/visserie\/visserie-pour-aerogenerateurs\/"]}]},{"@type":"BreadcrumbList","@id":"https:\/\/www.industriaslaneko.com\/fr\/nos-produits\/visserie\/visserie-pour-aerogenerateurs\/#breadcrumb","itemListElement":[{"@type":"ListItem","position":1,"name":"Portada","item":"https:\/\/www.industriaslaneko.com\/fr\/"},{"@type":"ListItem","position":2,"name":"Nos produits","item":"https:\/\/www.industriaslaneko.com\/fr\/nos-produits\/"},{"@type":"ListItem","position":3,"name":"Visserie","item":"https:\/\/www.industriaslaneko.com\/fr\/nos-produits\/visserie\/"},{"@type":"ListItem","position":4,"name":"Visserie pour a\u00e9rog\u00e9n\u00e9rateurs"}]},{"@type":"WebSite","@id":"https:\/\/www.industriaslaneko.com\/fr\/#website","url":"https:\/\/www.industriaslaneko.com\/fr\/","name":"Industrias Laneko","description":"Industrias Laneko es una empresa especializada en la fabricaci\u00f3n de torniller\u00eda estampada en caliente, pernos, tirafondos de v\u00eda y proyectos especiales de calderer\u00eda, bienes de equipos, estructura met\u00e1lica, etc.","potentialAction":[{"@type":"SearchAction","target":{"@type":"EntryPoint","urlTemplate":"https:\/\/www.industriaslaneko.com\/fr\/?s={search_term_string}"},"query-input":{"@type":"PropertyValueSpecification","valueRequired":true,"valueName":"search_term_string"}}],"inLanguage":"fr-FR"}]}},"_links":{"self":[{"href":"https:\/\/www.industriaslaneko.com\/fr\/wp-json\/wp\/v2\/pages\/4226","targetHints":{"allow":["GET"]}}],"collection":[{"href":"https:\/\/www.industriaslaneko.com\/fr\/wp-json\/wp\/v2\/pages"}],"about":[{"href":"https:\/\/www.industriaslaneko.com\/fr\/wp-json\/wp\/v2\/types\/page"}],"author":[{"embeddable":true,"href":"https:\/\/www.industriaslaneko.com\/fr\/wp-json\/wp\/v2\/users\/1"}],"replies":[{"embeddable":true,"href":"https:\/\/www.industriaslaneko.com\/fr\/wp-json\/wp\/v2\/comments?post=4226"}],"version-history":[{"count":3,"href":"https:\/\/www.industriaslaneko.com\/fr\/wp-json\/wp\/v2\/pages\/4226\/revisions"}],"predecessor-version":[{"id":4539,"href":"https:\/\/www.industriaslaneko.com\/fr\/wp-json\/wp\/v2\/pages\/4226\/revisions\/4539"}],"up":[{"embeddable":true,"href":"https:\/\/www.industriaslaneko.com\/fr\/wp-json\/wp\/v2\/pages\/4164"}],"wp:attachment":[{"href":"https:\/\/www.industriaslaneko.com\/fr\/wp-json\/wp\/v2\/media?parent=4226"}],"curies":[{"name":"wp","href":"https:\/\/api.w.org\/{rel}","templated":true}]}}