{"id":4232,"date":"2019-05-21T12:26:32","date_gmt":"2019-05-21T10:26:32","guid":{"rendered":"https:\/\/www.industriaslaneko.com\/nos-produits\/visserie\/visserie-pour-ciment\/"},"modified":"2020-07-21T10:30:05","modified_gmt":"2020-07-21T08:30:05","slug":"visserie-pour-ciment","status":"publish","type":"page","link":"https:\/\/www.industriaslaneko.com\/fr\/nos-produits\/visserie\/visserie-pour-ciment\/","title":{"rendered":"Visserie pour ciment"},"content":{"rendered":"<div class=\"wpb-content-wrapper\"><p>[vc_row css=\u00a0\u00bb.vc_custom_1557305175793{margin-bottom: 0px !important;padding-bottom: 0px !important;}\u00a0\u00bb][vc_column][vc_single_image image=\u00a0\u00bb3976&Prime; alignment=\u00a0\u00bbcenter\u00a0\u00bb][vc_column_text]<\/p>\n<h2 class=\"p1\">Cela fait plus d\u2019un demi-si\u00e8cle que nous travaillons \u00e0 l\u2019am\u00e9lioration de la visserie sp\u00e9ciale pour le b\u00e2timent<\/h2>\n<p>[\/vc_column_text][\/vc_column][\/vc_row][vc_row css=\u00a0\u00bb.vc_custom_1557305197936{margin-top: 0px !important;margin-bottom: 50px !important;padding-top: 0px !important;}\u00a0\u00bb][vc_column width=\u00a0\u00bb1\/2&Prime;][vc_column_text]Notre exp\u00e9rience de plus de 50 ans nous situe comme un r\u00e9f\u00e9rent mondial dans le design et la fabrication de visserie sp\u00e9ciale associ\u00e9e \u00e0 des processus industriels continus ou r\u00e9alis\u00e9s dans des milieux sous pression, temp\u00e9rature, vibrations, ambiances purulentes, abrasives, acides, corrosives&#8230;[\/vc_column_text][vc_column_text css=\u00a0\u00bb.vc_custom_1558434383054{padding-top: 20px !important;padding-right: 20px !important;padding-bottom: 20px !important;padding-left: 20px !important;background-color: #f8f8f8 !important;}\u00a0\u00bb]Nous fabriquons de la visserie pour le ciment avec les caract\u00e9ristiques suivantes :<\/p>\n<ul>\n<li>Diam\u00e8tre de vis : de M20 \u00e0 M80.<\/li>\n<li>Longueur : 1\u00a0000 mm.<\/li>\n<li>Qualit\u00e9 : 5.6 34\u00a0943 10.9 12.9 14.9<\/li>\n<li>Aciers : au carbone, alliages, aciers r\u00e9fractaires, aciers inoxydables.<\/li>\n<li>Types de rev\u00eatement : galvanis\u00e9s \u00e0 chaud et zingu\u00e9s \u00e9lectrolytiques.<\/li>\n<li>Types de t\u00eates : sous la norme, plate ou \u00e9chantillon. Avec n\u2019importe quel type de t\u00eate (ronde \u00e0 t\u00eate cylindrique DIN792, frais\u00e9e, ovale, carr\u00e9e, \u00e0 creux allen, de rupture, rectangulaire, en T, marteau, hexagonale DIN931, DIN933, etc.)<\/li>\n<li>Applications : vis pour machines de carri\u00e8re, le concasseur moulin \u00e0 cru, moulins \u00e0 ciment, pr\u00e9chauffage \u00e0 cyclones, fours \u00e0 cuissons rotatifs clinker, fixation de blindages dans refroidisseurs \u00e0 grille ou satellites, \u00e9l\u00e9vateurs, broyeurs de m\u00e9taux et autres produits, etc.<\/li>\n<\/ul>\n<p>[\/vc_column_text][\/vc_column][vc_column width=\u00a0\u00bb1\/2&Prime;][vc_single_image image=\u00a0\u00bb4163&Prime;]<a href=\"https:\/\/www.industriaslaneko.com\/fr\/contact\/\" class=\"btn btn-style-circle btn-custom btn-center btn-icon\" target=\"_self\" style=\"background-color:#c4c4c4;border-color:#c4c4c4;\" ><i class=\"\"><\/i>As-tu besoin de plus d'informations?<\/a>[vc_column_text css=\u00a0\u00bb.vc_custom_1557305353527{margin-top: 20px !important;}\u00a0\u00bb]<\/p>\n<p class=\"p1\" style=\"text-align: center;\"><strong>Ventes (Espagne)<br \/>\n<\/strong>I\u00f1aki Betelu: betelu@laneko.es<\/p>\n<p class=\"p1\" style=\"text-align: center;\"><strong>Ventes (Exportation)<br \/>\n<\/strong>Amaya Lozano: a.lozano@laneko.es<\/p>\n<p>[\/vc_column_text][\/vc_column][\/vc_row]<\/p>\n<\/div>","protected":false},"excerpt":{"rendered":"<p>[vc_row css=\u00a0\u00bb.vc_custom_1557305175793{margin-bottom: 0px !important;padding-bottom: 0px !important;}\u00a0\u00bb][vc_column][vc_single_image image=\u00a0\u00bb3976&Prime; alignment=\u00a0\u00bbcenter\u00a0\u00bb][vc_column_text] Cela fait plus d\u2019un demi-si\u00e8cle que nous travaillons \u00e0 l\u2019am\u00e9lioration de la visserie sp\u00e9ciale pour le b\u00e2timent [\/vc_column_text][\/vc_column][\/vc_row][vc_row css=\u00a0\u00bb.vc_custom_1557305197936{margin-top: 0px !important;margin-bottom: 50px !important;padding-top: 0px !important;}\u00a0\u00bb][vc_column width=\u00a0\u00bb1\/2&Prime;][vc_column_text]Notre exp\u00e9rience de plus de 50 ans nous situe comme un r\u00e9f\u00e9rent mondial dans le design et [&hellip;]<\/p>\n","protected":false},"author":1,"featured_media":0,"parent":4164,"menu_order":0,"comment_status":"closed","ping_status":"closed","template":"","meta":{"content-type":"","footnotes":""},"class_list":["post-4232","page","type-page","status-publish","hentry"],"yoast_head":"<!-- This site is optimized with the Yoast SEO plugin v27.5 - https:\/\/yoast.com\/product\/yoast-seo-wordpress\/ -->\n<title>Visserie pour ciment - Industrias Laneko<\/title>\n<meta name=\"robots\" content=\"index, follow, max-snippet:-1, max-image-preview:large, max-video-preview:-1\" \/>\n<link rel=\"canonical\" href=\"https:\/\/www.industriaslaneko.com\/fr\/nos-produits\/visserie\/visserie-pour-ciment\/\" \/>\n<meta property=\"og:locale\" content=\"fr_FR\" \/>\n<meta property=\"og:type\" content=\"article\" \/>\n<meta property=\"og:title\" content=\"Visserie pour ciment - Industrias Laneko\" \/>\n<meta property=\"og:description\" content=\"[vc_row css=\u00a0\u00bb.vc_custom_1557305175793{margin-bottom: 0px !important;padding-bottom: 0px !important;}\u00a0\u00bb][vc_column][vc_single_image image=\u00a0\u00bb3976&Prime; alignment=\u00a0\u00bbcenter\u00a0\u00bb][vc_column_text] Cela fait plus d\u2019un demi-si\u00e8cle que nous travaillons \u00e0 l\u2019am\u00e9lioration de la visserie sp\u00e9ciale pour le b\u00e2timent [\/vc_column_text][\/vc_column][\/vc_row][vc_row css=\u00a0\u00bb.vc_custom_1557305197936{margin-top: 0px !important;margin-bottom: 50px !important;padding-top: 0px !important;}\u00a0\u00bb][vc_column width=\u00a0\u00bb1\/2&Prime;][vc_column_text]Notre exp\u00e9rience de plus de 50 ans nous situe comme un r\u00e9f\u00e9rent mondial dans le design et [&hellip;]\" \/>\n<meta property=\"og:url\" content=\"https:\/\/www.industriaslaneko.com\/fr\/nos-produits\/visserie\/visserie-pour-ciment\/\" \/>\n<meta property=\"og:site_name\" content=\"Industrias Laneko\" \/>\n<meta property=\"article:modified_time\" content=\"2020-07-21T08:30:05+00:00\" \/>\n<meta name=\"twitter:card\" content=\"summary_large_image\" \/>\n<meta name=\"twitter:label1\" content=\"Dur\u00e9e de lecture estim\u00e9e\" \/>\n\t<meta name=\"twitter:data1\" content=\"2 minutes\" \/>\n<script type=\"application\/ld+json\" class=\"yoast-schema-graph\">{\"@context\":\"https:\\\/\\\/schema.org\",\"@graph\":[{\"@type\":\"WebPage\",\"@id\":\"https:\\\/\\\/www.industriaslaneko.com\\\/fr\\\/nos-produits\\\/visserie\\\/visserie-pour-ciment\\\/\",\"url\":\"https:\\\/\\\/www.industriaslaneko.com\\\/fr\\\/nos-produits\\\/visserie\\\/visserie-pour-ciment\\\/\",\"name\":\"Visserie pour ciment - Industrias Laneko\",\"isPartOf\":{\"@id\":\"https:\\\/\\\/www.industriaslaneko.com\\\/fr\\\/#website\"},\"datePublished\":\"2019-05-21T10:26:32+00:00\",\"dateModified\":\"2020-07-21T08:30:05+00:00\",\"breadcrumb\":{\"@id\":\"https:\\\/\\\/www.industriaslaneko.com\\\/fr\\\/nos-produits\\\/visserie\\\/visserie-pour-ciment\\\/#breadcrumb\"},\"inLanguage\":\"fr-FR\",\"potentialAction\":[{\"@type\":\"ReadAction\",\"target\":[\"https:\\\/\\\/www.industriaslaneko.com\\\/fr\\\/nos-produits\\\/visserie\\\/visserie-pour-ciment\\\/\"]}]},{\"@type\":\"BreadcrumbList\",\"@id\":\"https:\\\/\\\/www.industriaslaneko.com\\\/fr\\\/nos-produits\\\/visserie\\\/visserie-pour-ciment\\\/#breadcrumb\",\"itemListElement\":[{\"@type\":\"ListItem\",\"position\":1,\"name\":\"Portada\",\"item\":\"https:\\\/\\\/www.industriaslaneko.com\\\/fr\\\/\"},{\"@type\":\"ListItem\",\"position\":2,\"name\":\"Nos produits\",\"item\":\"https:\\\/\\\/www.industriaslaneko.com\\\/fr\\\/nos-produits\\\/\"},{\"@type\":\"ListItem\",\"position\":3,\"name\":\"Visserie\",\"item\":\"https:\\\/\\\/www.industriaslaneko.com\\\/fr\\\/nos-produits\\\/visserie\\\/\"},{\"@type\":\"ListItem\",\"position\":4,\"name\":\"Visserie pour ciment\"}]},{\"@type\":\"WebSite\",\"@id\":\"https:\\\/\\\/www.industriaslaneko.com\\\/fr\\\/#website\",\"url\":\"https:\\\/\\\/www.industriaslaneko.com\\\/fr\\\/\",\"name\":\"Industrias Laneko\",\"description\":\"Industrias Laneko es una empresa especializada en la fabricaci\u00f3n de torniller\u00eda estampada en caliente, pernos, tirafondos de v\u00eda y proyectos especiales de calderer\u00eda, bienes de equipos, estructura met\u00e1lica, etc.\",\"potentialAction\":[{\"@type\":\"SearchAction\",\"target\":{\"@type\":\"EntryPoint\",\"urlTemplate\":\"https:\\\/\\\/www.industriaslaneko.com\\\/fr\\\/?s={search_term_string}\"},\"query-input\":{\"@type\":\"PropertyValueSpecification\",\"valueRequired\":true,\"valueName\":\"search_term_string\"}}],\"inLanguage\":\"fr-FR\"}]}<\/script>\n<!-- \/ Yoast SEO plugin. -->","yoast_head_json":{"title":"Visserie pour ciment - Industrias Laneko","robots":{"index":"index","follow":"follow","max-snippet":"max-snippet:-1","max-image-preview":"max-image-preview:large","max-video-preview":"max-video-preview:-1"},"canonical":"https:\/\/www.industriaslaneko.com\/fr\/nos-produits\/visserie\/visserie-pour-ciment\/","og_locale":"fr_FR","og_type":"article","og_title":"Visserie pour ciment - Industrias Laneko","og_description":"[vc_row css=\u00a0\u00bb.vc_custom_1557305175793{margin-bottom: 0px !important;padding-bottom: 0px !important;}\u00a0\u00bb][vc_column][vc_single_image image=\u00a0\u00bb3976&Prime; alignment=\u00a0\u00bbcenter\u00a0\u00bb][vc_column_text] Cela fait plus d\u2019un demi-si\u00e8cle que nous travaillons \u00e0 l\u2019am\u00e9lioration de la visserie sp\u00e9ciale pour le b\u00e2timent [\/vc_column_text][\/vc_column][\/vc_row][vc_row css=\u00a0\u00bb.vc_custom_1557305197936{margin-top: 0px !important;margin-bottom: 50px !important;padding-top: 0px !important;}\u00a0\u00bb][vc_column width=\u00a0\u00bb1\/2&Prime;][vc_column_text]Notre exp\u00e9rience de plus de 50 ans nous situe comme un r\u00e9f\u00e9rent mondial dans le design et [&hellip;]","og_url":"https:\/\/www.industriaslaneko.com\/fr\/nos-produits\/visserie\/visserie-pour-ciment\/","og_site_name":"Industrias Laneko","article_modified_time":"2020-07-21T08:30:05+00:00","twitter_card":"summary_large_image","twitter_misc":{"Dur\u00e9e de lecture estim\u00e9e":"2 minutes"},"schema":{"@context":"https:\/\/schema.org","@graph":[{"@type":"WebPage","@id":"https:\/\/www.industriaslaneko.com\/fr\/nos-produits\/visserie\/visserie-pour-ciment\/","url":"https:\/\/www.industriaslaneko.com\/fr\/nos-produits\/visserie\/visserie-pour-ciment\/","name":"Visserie pour ciment - Industrias Laneko","isPartOf":{"@id":"https:\/\/www.industriaslaneko.com\/fr\/#website"},"datePublished":"2019-05-21T10:26:32+00:00","dateModified":"2020-07-21T08:30:05+00:00","breadcrumb":{"@id":"https:\/\/www.industriaslaneko.com\/fr\/nos-produits\/visserie\/visserie-pour-ciment\/#breadcrumb"},"inLanguage":"fr-FR","potentialAction":[{"@type":"ReadAction","target":["https:\/\/www.industriaslaneko.com\/fr\/nos-produits\/visserie\/visserie-pour-ciment\/"]}]},{"@type":"BreadcrumbList","@id":"https:\/\/www.industriaslaneko.com\/fr\/nos-produits\/visserie\/visserie-pour-ciment\/#breadcrumb","itemListElement":[{"@type":"ListItem","position":1,"name":"Portada","item":"https:\/\/www.industriaslaneko.com\/fr\/"},{"@type":"ListItem","position":2,"name":"Nos produits","item":"https:\/\/www.industriaslaneko.com\/fr\/nos-produits\/"},{"@type":"ListItem","position":3,"name":"Visserie","item":"https:\/\/www.industriaslaneko.com\/fr\/nos-produits\/visserie\/"},{"@type":"ListItem","position":4,"name":"Visserie pour ciment"}]},{"@type":"WebSite","@id":"https:\/\/www.industriaslaneko.com\/fr\/#website","url":"https:\/\/www.industriaslaneko.com\/fr\/","name":"Industrias Laneko","description":"Industrias Laneko es una empresa especializada en la fabricaci\u00f3n de torniller\u00eda estampada en caliente, pernos, tirafondos de v\u00eda y proyectos especiales de calderer\u00eda, bienes de equipos, estructura met\u00e1lica, etc.","potentialAction":[{"@type":"SearchAction","target":{"@type":"EntryPoint","urlTemplate":"https:\/\/www.industriaslaneko.com\/fr\/?s={search_term_string}"},"query-input":{"@type":"PropertyValueSpecification","valueRequired":true,"valueName":"search_term_string"}}],"inLanguage":"fr-FR"}]}},"_links":{"self":[{"href":"https:\/\/www.industriaslaneko.com\/fr\/wp-json\/wp\/v2\/pages\/4232","targetHints":{"allow":["GET"]}}],"collection":[{"href":"https:\/\/www.industriaslaneko.com\/fr\/wp-json\/wp\/v2\/pages"}],"about":[{"href":"https:\/\/www.industriaslaneko.com\/fr\/wp-json\/wp\/v2\/types\/page"}],"author":[{"embeddable":true,"href":"https:\/\/www.industriaslaneko.com\/fr\/wp-json\/wp\/v2\/users\/1"}],"replies":[{"embeddable":true,"href":"https:\/\/www.industriaslaneko.com\/fr\/wp-json\/wp\/v2\/comments?post=4232"}],"version-history":[{"count":5,"href":"https:\/\/www.industriaslaneko.com\/fr\/wp-json\/wp\/v2\/pages\/4232\/revisions"}],"predecessor-version":[{"id":4540,"href":"https:\/\/www.industriaslaneko.com\/fr\/wp-json\/wp\/v2\/pages\/4232\/revisions\/4540"}],"up":[{"embeddable":true,"href":"https:\/\/www.industriaslaneko.com\/fr\/wp-json\/wp\/v2\/pages\/4164"}],"wp:attachment":[{"href":"https:\/\/www.industriaslaneko.com\/fr\/wp-json\/wp\/v2\/media?parent=4232"}],"curies":[{"name":"wp","href":"https:\/\/api.w.org\/{rel}","templated":true}]}}