{"id":4241,"date":"2019-05-21T12:34:55","date_gmt":"2019-05-21T10:34:55","guid":{"rendered":"https:\/\/www.industriaslaneko.com\/nos-produits\/visserie\/visserie-pour-carrieres-exploitations-minieres-et-tunnels\/"},"modified":"2020-07-21T10:30:48","modified_gmt":"2020-07-21T08:30:48","slug":"visserie-pour-carrieres-exploitations-minieres-et-tunnels","status":"publish","type":"page","link":"https:\/\/www.industriaslaneko.com\/fr\/nos-produits\/visserie\/visserie-pour-carrieres-exploitations-minieres-et-tunnels\/","title":{"rendered":"Visserie pour carri\u00e8res, exploitations mini\u00e8res et tunnels"},"content":{"rendered":"<div class=\"wpb-content-wrapper\"><p>[vc_row css=\u00a0\u00bb.vc_custom_1557305175793{margin-bottom: 0px !important;padding-bottom: 0px !important;}\u00a0\u00bb][vc_column][vc_single_image image=\u00a0\u00bb4239&Prime;][vc_column_text]<\/p>\n<h2 class=\"p1\">Nous sommes fabricants de visserie sp\u00e9cifique pour carri\u00e8res, exploitations mini\u00e8res et tunnels<\/h2>\n<p>[\/vc_column_text][\/vc_column][\/vc_row][vc_row css=\u00a0\u00bb.vc_custom_1557305197936{margin-top: 0px !important;margin-bottom: 50px !important;padding-top: 0px !important;}\u00a0\u00bb][vc_column width=\u00a0\u00bb1\/2&Prime;][vc_column_text css=\u00a0\u00bb.vc_custom_1558434888039{padding-top: 20px !important;padding-right: 20px !important;padding-bottom: 20px !important;padding-left: 20px !important;background-color: #f8f8f8 !important;}\u00a0\u00bb]Certaines des caract\u00e9ristiques et des options de nos vis pour mines :<\/p>\n<ul>\n<li>Diam\u00e8tre de vis : de M20 \u00e0 M80.<\/li>\n<li>Longueur : 1\u00a0000 mm.<\/li>\n<li>Qualit\u00e9 : 5.6 34\u00a0943 10.9 12.9 14.9<\/li>\n<li>Aciers : au carbone, alliages, aciers r\u00e9fractaires, aciers inoxydables.<\/li>\n<li>Types de rev\u00eatement : galvanis\u00e9s \u00e0 chaud et zingu\u00e9s \u00e9lectrolytiques.<\/li>\n<li>Types de t\u00eates : sous la norme, plate ou \u00e9chantillon. Avec n\u2019importe quel type de t\u00eate (cylindrique avec ergot DIN792, frais\u00e9e, ovale, carr\u00e9e, \u00e0 creux allen, de rupture, rectangulaire, en T, marteau.<\/li>\n<li>Hexagonale DIN931, DIN933, etc.<\/li>\n<li>Applications : vis pour machines de carri\u00e8re, le concasseur moulin \u00e0 cru, moulins \u00e0 ciment, pr\u00e9chauffage \u00e0 cyclones, fours \u00e0 cuissons rotatifs clinker, fixation de blindages dans refroidisseurs \u00e0 grille ou satellites, \u00e9l\u00e9vateurs, broyeurs de m\u00e9taux et autres produits, etc.<\/li>\n<\/ul>\n<p>[\/vc_column_text][\/vc_column][vc_column width=\u00a0\u00bb1\/2&Prime;][vc_single_image image=\u00a0\u00bb4238&Prime;]<a href=\"https:\/\/www.industriaslaneko.com\/fr\/contact\/\" class=\"btn btn-style-circle btn-custom btn-center btn-icon\" target=\"_self\" style=\"background-color:#c4c4c4;border-color:#c4c4c4;\" ><i class=\"\"><\/i>As-tu besoin de plus d'informations?<\/a>[vc_column_text css=\u00a0\u00bb.vc_custom_1557305353527{margin-top: 20px !important;}\u00a0\u00bb]<\/p>\n<p class=\"p1\" style=\"text-align: center;\"><strong>Ventes (Espagne)<br \/>\n<\/strong>I\u00f1aki Betelu: betelu@laneko.es<\/p>\n<p class=\"p1\" style=\"text-align: center;\"><strong>Ventes (Exportation)<br \/>\n<\/strong>Amaya Lozano: a.lozano@laneko.es<\/p>\n<p>[\/vc_column_text][\/vc_column][\/vc_row]<\/p>\n<\/div>","protected":false},"excerpt":{"rendered":"<p>[vc_row css=\u00a0\u00bb.vc_custom_1557305175793{margin-bottom: 0px !important;padding-bottom: 0px !important;}\u00a0\u00bb][vc_column][vc_single_image image=\u00a0\u00bb4239&Prime;][vc_column_text] Nous sommes fabricants de visserie sp\u00e9cifique pour carri\u00e8res, exploitations mini\u00e8res et tunnels [\/vc_column_text][\/vc_column][\/vc_row][vc_row css=\u00a0\u00bb.vc_custom_1557305197936{margin-top: 0px !important;margin-bottom: 50px !important;padding-top: 0px !important;}\u00a0\u00bb][vc_column width=\u00a0\u00bb1\/2&Prime;][vc_column_text css=\u00a0\u00bb.vc_custom_1558434888039{padding-top: 20px !important;padding-right: 20px !important;padding-bottom: 20px !important;padding-left: 20px !important;background-color: #f8f8f8 !important;}\u00a0\u00bb]Certaines des caract\u00e9ristiques et des options de nos vis pour mines : [&hellip;]<\/p>\n","protected":false},"author":1,"featured_media":0,"parent":4164,"menu_order":0,"comment_status":"closed","ping_status":"closed","template":"","meta":{"content-type":"","footnotes":""},"class_list":["post-4241","page","type-page","status-publish","hentry"],"yoast_head":"<!-- This site is optimized with the Yoast SEO plugin v27.5 - https:\/\/yoast.com\/product\/yoast-seo-wordpress\/ -->\n<title>Visserie pour carri\u00e8res, exploitations mini\u00e8res et tunnels - Industrias Laneko<\/title>\n<meta name=\"robots\" content=\"index, follow, max-snippet:-1, max-image-preview:large, max-video-preview:-1\" \/>\n<link rel=\"canonical\" href=\"https:\/\/www.industriaslaneko.com\/fr\/nos-produits\/visserie\/visserie-pour-carrieres-exploitations-minieres-et-tunnels\/\" \/>\n<meta property=\"og:locale\" content=\"fr_FR\" \/>\n<meta property=\"og:type\" content=\"article\" \/>\n<meta property=\"og:title\" content=\"Visserie pour carri\u00e8res, exploitations mini\u00e8res et tunnels - Industrias Laneko\" \/>\n<meta property=\"og:description\" content=\"[vc_row css=\u00a0\u00bb.vc_custom_1557305175793{margin-bottom: 0px !important;padding-bottom: 0px !important;}\u00a0\u00bb][vc_column][vc_single_image image=\u00a0\u00bb4239&Prime;][vc_column_text] Nous sommes fabricants de visserie sp\u00e9cifique pour carri\u00e8res, exploitations mini\u00e8res et tunnels [\/vc_column_text][\/vc_column][\/vc_row][vc_row css=\u00a0\u00bb.vc_custom_1557305197936{margin-top: 0px !important;margin-bottom: 50px !important;padding-top: 0px !important;}\u00a0\u00bb][vc_column width=\u00a0\u00bb1\/2&Prime;][vc_column_text css=\u00a0\u00bb.vc_custom_1558434888039{padding-top: 20px !important;padding-right: 20px !important;padding-bottom: 20px !important;padding-left: 20px !important;background-color: #f8f8f8 !important;}\u00a0\u00bb]Certaines des caract\u00e9ristiques et des options de nos vis pour mines : [&hellip;]\" \/>\n<meta property=\"og:url\" content=\"https:\/\/www.industriaslaneko.com\/fr\/nos-produits\/visserie\/visserie-pour-carrieres-exploitations-minieres-et-tunnels\/\" \/>\n<meta property=\"og:site_name\" content=\"Industrias Laneko\" \/>\n<meta property=\"article:modified_time\" content=\"2020-07-21T08:30:48+00:00\" \/>\n<meta name=\"twitter:card\" content=\"summary_large_image\" \/>\n<meta name=\"twitter:label1\" content=\"Dur\u00e9e de lecture estim\u00e9e\" \/>\n\t<meta name=\"twitter:data1\" content=\"1 minute\" \/>\n<script type=\"application\/ld+json\" class=\"yoast-schema-graph\">{\"@context\":\"https:\\\/\\\/schema.org\",\"@graph\":[{\"@type\":\"WebPage\",\"@id\":\"https:\\\/\\\/www.industriaslaneko.com\\\/fr\\\/nos-produits\\\/visserie\\\/visserie-pour-carrieres-exploitations-minieres-et-tunnels\\\/\",\"url\":\"https:\\\/\\\/www.industriaslaneko.com\\\/fr\\\/nos-produits\\\/visserie\\\/visserie-pour-carrieres-exploitations-minieres-et-tunnels\\\/\",\"name\":\"Visserie pour carri\u00e8res, exploitations mini\u00e8res et tunnels - Industrias Laneko\",\"isPartOf\":{\"@id\":\"https:\\\/\\\/www.industriaslaneko.com\\\/fr\\\/#website\"},\"datePublished\":\"2019-05-21T10:34:55+00:00\",\"dateModified\":\"2020-07-21T08:30:48+00:00\",\"breadcrumb\":{\"@id\":\"https:\\\/\\\/www.industriaslaneko.com\\\/fr\\\/nos-produits\\\/visserie\\\/visserie-pour-carrieres-exploitations-minieres-et-tunnels\\\/#breadcrumb\"},\"inLanguage\":\"fr-FR\",\"potentialAction\":[{\"@type\":\"ReadAction\",\"target\":[\"https:\\\/\\\/www.industriaslaneko.com\\\/fr\\\/nos-produits\\\/visserie\\\/visserie-pour-carrieres-exploitations-minieres-et-tunnels\\\/\"]}]},{\"@type\":\"BreadcrumbList\",\"@id\":\"https:\\\/\\\/www.industriaslaneko.com\\\/fr\\\/nos-produits\\\/visserie\\\/visserie-pour-carrieres-exploitations-minieres-et-tunnels\\\/#breadcrumb\",\"itemListElement\":[{\"@type\":\"ListItem\",\"position\":1,\"name\":\"Portada\",\"item\":\"https:\\\/\\\/www.industriaslaneko.com\\\/fr\\\/\"},{\"@type\":\"ListItem\",\"position\":2,\"name\":\"Nos produits\",\"item\":\"https:\\\/\\\/www.industriaslaneko.com\\\/fr\\\/nos-produits\\\/\"},{\"@type\":\"ListItem\",\"position\":3,\"name\":\"Visserie\",\"item\":\"https:\\\/\\\/www.industriaslaneko.com\\\/fr\\\/nos-produits\\\/visserie\\\/\"},{\"@type\":\"ListItem\",\"position\":4,\"name\":\"Visserie pour carri\u00e8res, exploitations mini\u00e8res et tunnels\"}]},{\"@type\":\"WebSite\",\"@id\":\"https:\\\/\\\/www.industriaslaneko.com\\\/fr\\\/#website\",\"url\":\"https:\\\/\\\/www.industriaslaneko.com\\\/fr\\\/\",\"name\":\"Industrias Laneko\",\"description\":\"Industrias Laneko es una empresa especializada en la fabricaci\u00f3n de torniller\u00eda estampada en caliente, pernos, tirafondos de v\u00eda y proyectos especiales de calderer\u00eda, bienes de equipos, estructura met\u00e1lica, etc.\",\"potentialAction\":[{\"@type\":\"SearchAction\",\"target\":{\"@type\":\"EntryPoint\",\"urlTemplate\":\"https:\\\/\\\/www.industriaslaneko.com\\\/fr\\\/?s={search_term_string}\"},\"query-input\":{\"@type\":\"PropertyValueSpecification\",\"valueRequired\":true,\"valueName\":\"search_term_string\"}}],\"inLanguage\":\"fr-FR\"}]}<\/script>\n<!-- \/ Yoast SEO plugin. -->","yoast_head_json":{"title":"Visserie pour carri\u00e8res, exploitations mini\u00e8res et tunnels - Industrias Laneko","robots":{"index":"index","follow":"follow","max-snippet":"max-snippet:-1","max-image-preview":"max-image-preview:large","max-video-preview":"max-video-preview:-1"},"canonical":"https:\/\/www.industriaslaneko.com\/fr\/nos-produits\/visserie\/visserie-pour-carrieres-exploitations-minieres-et-tunnels\/","og_locale":"fr_FR","og_type":"article","og_title":"Visserie pour carri\u00e8res, exploitations mini\u00e8res et tunnels - Industrias Laneko","og_description":"[vc_row css=\u00a0\u00bb.vc_custom_1557305175793{margin-bottom: 0px !important;padding-bottom: 0px !important;}\u00a0\u00bb][vc_column][vc_single_image image=\u00a0\u00bb4239&Prime;][vc_column_text] Nous sommes fabricants de visserie sp\u00e9cifique pour carri\u00e8res, exploitations mini\u00e8res et tunnels [\/vc_column_text][\/vc_column][\/vc_row][vc_row css=\u00a0\u00bb.vc_custom_1557305197936{margin-top: 0px !important;margin-bottom: 50px !important;padding-top: 0px !important;}\u00a0\u00bb][vc_column width=\u00a0\u00bb1\/2&Prime;][vc_column_text css=\u00a0\u00bb.vc_custom_1558434888039{padding-top: 20px !important;padding-right: 20px !important;padding-bottom: 20px !important;padding-left: 20px !important;background-color: #f8f8f8 !important;}\u00a0\u00bb]Certaines des caract\u00e9ristiques et des options de nos vis pour mines : [&hellip;]","og_url":"https:\/\/www.industriaslaneko.com\/fr\/nos-produits\/visserie\/visserie-pour-carrieres-exploitations-minieres-et-tunnels\/","og_site_name":"Industrias Laneko","article_modified_time":"2020-07-21T08:30:48+00:00","twitter_card":"summary_large_image","twitter_misc":{"Dur\u00e9e de lecture estim\u00e9e":"1 minute"},"schema":{"@context":"https:\/\/schema.org","@graph":[{"@type":"WebPage","@id":"https:\/\/www.industriaslaneko.com\/fr\/nos-produits\/visserie\/visserie-pour-carrieres-exploitations-minieres-et-tunnels\/","url":"https:\/\/www.industriaslaneko.com\/fr\/nos-produits\/visserie\/visserie-pour-carrieres-exploitations-minieres-et-tunnels\/","name":"Visserie pour carri\u00e8res, exploitations mini\u00e8res et tunnels - Industrias Laneko","isPartOf":{"@id":"https:\/\/www.industriaslaneko.com\/fr\/#website"},"datePublished":"2019-05-21T10:34:55+00:00","dateModified":"2020-07-21T08:30:48+00:00","breadcrumb":{"@id":"https:\/\/www.industriaslaneko.com\/fr\/nos-produits\/visserie\/visserie-pour-carrieres-exploitations-minieres-et-tunnels\/#breadcrumb"},"inLanguage":"fr-FR","potentialAction":[{"@type":"ReadAction","target":["https:\/\/www.industriaslaneko.com\/fr\/nos-produits\/visserie\/visserie-pour-carrieres-exploitations-minieres-et-tunnels\/"]}]},{"@type":"BreadcrumbList","@id":"https:\/\/www.industriaslaneko.com\/fr\/nos-produits\/visserie\/visserie-pour-carrieres-exploitations-minieres-et-tunnels\/#breadcrumb","itemListElement":[{"@type":"ListItem","position":1,"name":"Portada","item":"https:\/\/www.industriaslaneko.com\/fr\/"},{"@type":"ListItem","position":2,"name":"Nos produits","item":"https:\/\/www.industriaslaneko.com\/fr\/nos-produits\/"},{"@type":"ListItem","position":3,"name":"Visserie","item":"https:\/\/www.industriaslaneko.com\/fr\/nos-produits\/visserie\/"},{"@type":"ListItem","position":4,"name":"Visserie pour carri\u00e8res, exploitations mini\u00e8res et tunnels"}]},{"@type":"WebSite","@id":"https:\/\/www.industriaslaneko.com\/fr\/#website","url":"https:\/\/www.industriaslaneko.com\/fr\/","name":"Industrias Laneko","description":"Industrias Laneko es una empresa especializada en la fabricaci\u00f3n de torniller\u00eda estampada en caliente, pernos, tirafondos de v\u00eda y proyectos especiales de calderer\u00eda, bienes de equipos, estructura met\u00e1lica, etc.","potentialAction":[{"@type":"SearchAction","target":{"@type":"EntryPoint","urlTemplate":"https:\/\/www.industriaslaneko.com\/fr\/?s={search_term_string}"},"query-input":{"@type":"PropertyValueSpecification","valueRequired":true,"valueName":"search_term_string"}}],"inLanguage":"fr-FR"}]}},"_links":{"self":[{"href":"https:\/\/www.industriaslaneko.com\/fr\/wp-json\/wp\/v2\/pages\/4241","targetHints":{"allow":["GET"]}}],"collection":[{"href":"https:\/\/www.industriaslaneko.com\/fr\/wp-json\/wp\/v2\/pages"}],"about":[{"href":"https:\/\/www.industriaslaneko.com\/fr\/wp-json\/wp\/v2\/types\/page"}],"author":[{"embeddable":true,"href":"https:\/\/www.industriaslaneko.com\/fr\/wp-json\/wp\/v2\/users\/1"}],"replies":[{"embeddable":true,"href":"https:\/\/www.industriaslaneko.com\/fr\/wp-json\/wp\/v2\/comments?post=4241"}],"version-history":[{"count":3,"href":"https:\/\/www.industriaslaneko.com\/fr\/wp-json\/wp\/v2\/pages\/4241\/revisions"}],"predecessor-version":[{"id":4541,"href":"https:\/\/www.industriaslaneko.com\/fr\/wp-json\/wp\/v2\/pages\/4241\/revisions\/4541"}],"up":[{"embeddable":true,"href":"https:\/\/www.industriaslaneko.com\/fr\/wp-json\/wp\/v2\/pages\/4164"}],"wp:attachment":[{"href":"https:\/\/www.industriaslaneko.com\/fr\/wp-json\/wp\/v2\/media?parent=4241"}],"curies":[{"name":"wp","href":"https:\/\/api.w.org\/{rel}","templated":true}]}}