{"id":4300,"date":"2019-05-07T15:28:12","date_gmt":"2019-05-07T13:28:12","guid":{"rendered":"https:\/\/www.industriaslaneko.com\/qualite\/"},"modified":"2024-07-02T10:20:49","modified_gmt":"2024-07-02T08:20:49","slug":"qualite","status":"publish","type":"page","link":"https:\/\/www.industriaslaneko.com\/fr\/qualite\/","title":{"rendered":"Qualit\u00e9"},"content":{"rendered":"<div class=\"wpb-content-wrapper\"><p>[vc_row][vc_column width=\u00a0\u00bb1\/6&Prime;][\/vc_column][vc_column width=\u00a0\u00bb2\/3&Prime;][vc_column_text]<\/p>\n<p style=\"text-align: center; font-family: ubuntu, Helvetica, Arial; font-style: italic; font-size: 30px; font-weight: 300;\">Notre objectif est de donner une r\u00e9ponse aux besoins des nos clients et de d\u00e9velopper des produits qui d\u00e9finissent les nouveaux standards de qualit\u00e9.<br \/>\nNous produisons sous normes ISO, EN, ASTM et ASME.<\/p>\n<p>[\/vc_column_text][\/vc_column][vc_column width=\u00a0\u00bb1\/6&Prime;][\/vc_column][\/vc_row][vc_row][vc_column][vc_column_text]Laneko dispose d\u2019un syst\u00e8me de gestion int\u00e9gr\u00e9 de Qualit\u00e9, Environnement, S\u00e9curit\u00e9 et Sant\u00e9 au travail, con\u00e7u pour donner une r\u00e9ponse satisfaisante \u00e0 ses clients. Ce syst\u00e8me est certifi\u00e9 par des entit\u00e9s et garantit le respect des exigences des clients pendant tout le processus de production afin de satisfaire les besoins et les demandes des clients.[\/vc_column_text][\/vc_column][\/vc_row][vc_row][vc_column width=\u00a0\u00bb1\/3&Prime;][vc_single_image image=\u00a0\u00bb4296&Prime; alignment=\u00a0\u00bbcenter\u00a0\u00bb onclick=\u00a0\u00bbcustom_link\u00a0\u00bb img_link_target=\u00a0\u00bb_blank\u00a0\u00bb css=\u00a0\u00bb.vc_custom_1719908314045{margin-bottom: 0px !important;padding-bottom: 0px !important;}\u00a0\u00bb link=\u00a0\u00bbhttps:\/\/www.industriaslaneko.com\/PDF\/ISO-9001-LANEKO.pdf\u00a0\u00bb][vc_column_text]<\/p>\n<p style=\"text-align: center;\"><a href=\"https:\/\/www.industriaslaneko.com\/PDF\/ISO-9001-LANEKO.pdf\" target=\"_blank\" rel=\"noopener noreferrer\"><strong>ISO 9001:2015<br \/>\nENGAG\u00c9S ENVERS NOS CLIENTS<\/strong><\/a><\/p>\n<p>[\/vc_column_text][\/vc_column][vc_column width=\u00a0\u00bb1\/3&Prime;][vc_single_image image=\u00a0\u00bb4295&Prime; alignment=\u00a0\u00bbcenter\u00a0\u00bb onclick=\u00a0\u00bbcustom_link\u00a0\u00bb img_link_target=\u00a0\u00bb_blank\u00a0\u00bb css=\u00a0\u00bb.vc_custom_1719908166590{margin-bottom: 0px !important;padding-bottom: 0px !important;}\u00a0\u00bb link=\u00a0\u00bbhttps:\/\/www.industriaslaneko.com\/PDF\/ISO-14001-LANEKO.pdf\u00a0\u00bb][vc_column_text]<\/p>\n<p style=\"text-align: center;\"><a href=\"https:\/\/www.industriaslaneko.com\/PDF\/ISO-14001-LANEKO.pdf\" target=\"_blank\" rel=\"noopener noreferrer\"><strong>ISO 14001:2015<br \/>\n<\/strong><strong>ENGAG\u00c9S ENVERS L\u2019ENVIRONNEMENT<\/strong><\/a><\/p>\n<p>[\/vc_column_text][\/vc_column][vc_column width=\u00a0\u00bb1\/3&Prime;][vc_single_image image=\u00a0\u00bb4294&Prime; alignment=\u00a0\u00bbcenter\u00a0\u00bb onclick=\u00a0\u00bbcustom_link\u00a0\u00bb img_link_target=\u00a0\u00bb_blank\u00a0\u00bb css=\u00a0\u00bb.vc_custom_1719908378980{margin-bottom: 0px !important;padding-bottom: 0px !important;}\u00a0\u00bb link=\u00a0\u00bbhttps:\/\/www.industriaslaneko.com\/PDF\/ISO-45001-LANEKO.pdf\u00a0\u00bb][vc_column_text]<\/p>\n<p style=\"text-align: center;\"><a href=\"https:\/\/www.industriaslaneko.com\/PDF\/ISO-45001-LANEKO.pdf\" target=\"_blank\" rel=\"noopener noreferrer\"><strong>OHSAS 18001:2007<br \/>\n<\/strong><strong>ENGAG\u00c9S ENVERS LA S\u00c9CURIT\u00c9<\/strong><\/a><\/p>\n<p>[\/vc_column_text][\/vc_column][\/vc_row][vc_row][vc_column][vc_column_text]<br \/>\n[\/vc_column_text][\/vc_column][\/vc_row][vc_row][vc_column][vc_column_text]<\/p>\n<div align=\"center\"><a class=\"btn btn-style-circle btn-accent btn-icon\" href=\"https:\/\/www.industriaslaneko.com\/wp-content\/uploads\/2020\/11\/Poli\u0301tica-de-calidad-medioambiente-y-seguridad.pdf\" target=\"_blank\" rel=\"noopener noreferrer\"><i class=\"fa fa-info-circle\"><\/i>Politique qualit\u00e9, environnement et s\u00e9curit\u00e9<\/a><\/div>\n<p>[\/vc_column_text][\/vc_column][\/vc_row][vc_row][vc_column][vc_column_text]<\/p>\n<p>[\/vc_column_text][\/vc_column][\/vc_row][vc_row content_placement=\u00a0\u00bbmiddle\u00a0\u00bb css=\u00a0\u00bb.vc_custom_1558343522426{margin-top: 70px !important;}\u00a0\u00bb][vc_column width=\u00a0\u00bb5\/6&Prime;][vc_column_text]Notre syst\u00e8me de qualit\u00e9 se base sur un cycle d\u2019am\u00e9lioration continue qui nous permet de d\u00e9velopper des politiques, d\u2019\u00e9tablir des objectifs et des processus et d\u2019entreprendre les actions n\u00e9cessaires \u00e0 l\u2019am\u00e9lioration constante de notre rendement.[\/vc_column_text][\/vc_column][vc_column width=\u00a0\u00bb1\/6&Prime;][vc_single_image image=\u00a0\u00bb4293&Prime; alignment=\u00a0\u00bbcenter\u00a0\u00bb][\/vc_column][\/vc_row][vc_row content_placement=\u00a0\u00bbmiddle\u00a0\u00bb bg_predefined_color=\u00a0\u00bbaccent4&Prime; css=\u00a0\u00bb.vc_custom_1557407052854{margin-bottom: 50px !important;padding-top: 30px !important;}\u00a0\u00bb][vc_column width=\u00a0\u00bb1\/2&Prime;][vc_single_image image=\u00a0\u00bb4297&Prime;][\/vc_column][vc_column width=\u00a0\u00bb1\/2&Prime;][vc_column_text]Nous disposons d\u2019un laboratoire dot\u00e9 d\u2019\u00e9quipements modernes gr\u00e2ce auxquels nous pouvons garantir la qualit\u00e9 de nos produits \u00e0 nos clients, en plus de contr\u00f4ler les livraisons de mati\u00e8re premi\u00e8re et de processus.<\/p>\n<p>Actuellement, nous disposons des moyens de laboratoire suivants :<\/p>\n<ul>\n<li>Machine pour essais de traction \u2013 UTM (60 Ton)<\/li>\n<li>Mouton pendule Charpy<\/li>\n<li>Durom\u00e8tres<\/li>\n<li>Projecteur de profils<\/li>\n<li>Magnaflux \u2013 D\u00e9tection de crevasses \u00e0 travers des particules m\u00e9talliques<\/li>\n<li>Microdurom\u00e8tre et accessoires<\/li>\n<li>Microscope<\/li>\n<\/ul>\n<p>[\/vc_column_text][\/vc_column][\/vc_row][vc_row][vc_column][vc_column_text]De plus, le d\u00e9veloppement de nouveaux produits, l\u2019am\u00e9lioration continue et l\u2019innovation sont des facteurs cl\u00e9s pour Laneko. Pour cela, nous collaborons avec des universit\u00e9s et des centres de recherche dans des projets de R+D+i.[\/vc_column_text][\/vc_column][\/vc_row][vc_row css=\u00a0\u00bb.vc_custom_1557407078564{margin-bottom: 50px !important;}\u00a0\u00bb][vc_column][vc_column_text]<\/p>\n<h3><strong>Certifications <\/strong><strong>et plus<\/strong><\/h3>\n<p>Nous disposons de certificats de qualit\u00e9 :<\/p>\n<ul>\n<li><a href=\"https:\/\/www.industriaslaneko.com\/PDF\/ISO-9001-LANEKO.pdf\" target=\"_blank\" rel=\"noopener\">ISO 9001<\/a><\/li>\n<li><a href=\"https:\/\/www.industriaslaneko.com\/PDF\/ISO-14001-LANEKO.pdf\" target=\"_blank\" rel=\"noopener\">ISO 14001<\/a><\/li>\n<li><a href=\"https:\/\/www.industriaslaneko.com\/PDF\/ISO-45001-LANEKO.pdf\" target=\"_blank\" rel=\"noopener\">ISO 45001<\/a><\/li>\n<li><a href=\"https:\/\/www.industriaslaneko.com\/PDF\/CERTIFICADO-LANEKO.pdf\" target=\"_blank\" rel=\"noopener\">Marquage CE<\/a>; certificats de conformit\u00e9 du contr\u00f4le de production en usine de raccords viss\u00e9es structurels sans pr\u00e9chargement conform\u00e9ment \u00e0 la norme EN15048-1.<\/li>\n<li>Producteurs du produit n\u00b0 REGAGE23e00020238834<\/li>\n<\/ul>\n<p>Nous avons la capacit\u00e9 de r\u00e9aliser des certifications d&rsquo;essais de mat\u00e9riaux \u00e0 la demande du client, avec la marchandise. Laneko peut fournir des documents d\u2019inspection selon EN 10 204 : TYPE 2.1, 2.2, 3.1A, 3.1B et 3.1C.<\/p>\n<p>En outre, nous sommes homologu\u00e9s en tant que fournisseurs par de grands groupes industriels.<\/p>\n<p>Par ailleurs, nous sommes favorables \u00e0 l\u2019obtention de nouvelles certifications et \u00e0 nous adapter aux \u00e9ventuelles nouvelles demandes faites par les clients.[\/vc_column_text][vc_separator][\/vc_column][\/vc_row][vc_row content_placement=\u00a0\u00bbmiddle\u00a0\u00bb css=\u00a0\u00bb.vc_custom_1614079296378{margin-bottom: 50px !important;}\u00a0\u00bb][vc_column width=\u00a0\u00bb1\/4&Prime;][vc_single_image image=\u00a0\u00bb4620&Prime;][\/vc_column][vc_column width=\u00a0\u00bb3\/4&Prime;][vc_column_text]Nous appartenons \u00e0 l&rsquo;Association des fabricants d&rsquo;\u00e9l\u00e9ments de fixation m\u00e9talliques ASEFI avec les garanties de qualit\u00e9 que cela implique.[\/vc_column_text][\/vc_column][\/vc_row]<\/p>\n<\/div>","protected":false},"excerpt":{"rendered":"<p>[vc_row][vc_column width=\u00a0\u00bb1\/6&Prime;][\/vc_column][vc_column width=\u00a0\u00bb2\/3&Prime;][vc_column_text] Notre objectif est de donner une r\u00e9ponse aux besoins des nos clients et de d\u00e9velopper des produits qui d\u00e9finissent les nouveaux standards de qualit\u00e9. Nous produisons sous normes ISO, EN, ASTM et ASME. [\/vc_column_text][\/vc_column][vc_column width=\u00a0\u00bb1\/6&Prime;][\/vc_column][\/vc_row][vc_row][vc_column][vc_column_text]Laneko dispose d\u2019un syst\u00e8me de gestion int\u00e9gr\u00e9 de Qualit\u00e9, Environnement, S\u00e9curit\u00e9 et Sant\u00e9 [&hellip;]<\/p>\n","protected":false},"author":1,"featured_media":0,"parent":0,"menu_order":0,"comment_status":"closed","ping_status":"closed","template":"","meta":{"content-type":"","footnotes":""},"class_list":["post-4300","page","type-page","status-publish","hentry"],"yoast_head":"<!-- This site is optimized with the Yoast SEO plugin v27.5 - https:\/\/yoast.com\/product\/yoast-seo-wordpress\/ -->\n<title>Qualit\u00e9 - Industrias Laneko<\/title>\n<meta name=\"robots\" content=\"index, follow, max-snippet:-1, max-image-preview:large, max-video-preview:-1\" \/>\n<link rel=\"canonical\" href=\"https:\/\/www.industriaslaneko.com\/fr\/qualite\/\" \/>\n<meta property=\"og:locale\" content=\"fr_FR\" \/>\n<meta property=\"og:type\" content=\"article\" \/>\n<meta property=\"og:title\" content=\"Qualit\u00e9 - Industrias Laneko\" \/>\n<meta property=\"og:description\" content=\"[vc_row][vc_column width=\u00a0\u00bb1\/6&Prime;][\/vc_column][vc_column width=\u00a0\u00bb2\/3&Prime;][vc_column_text] Notre objectif est de donner une r\u00e9ponse aux besoins des nos clients et de d\u00e9velopper des produits qui d\u00e9finissent les nouveaux standards de qualit\u00e9. Nous produisons sous normes ISO, EN, ASTM et ASME. [\/vc_column_text][\/vc_column][vc_column width=\u00a0\u00bb1\/6&Prime;][\/vc_column][\/vc_row][vc_row][vc_column][vc_column_text]Laneko dispose d\u2019un syst\u00e8me de gestion int\u00e9gr\u00e9 de Qualit\u00e9, Environnement, S\u00e9curit\u00e9 et Sant\u00e9 [&hellip;]\" \/>\n<meta property=\"og:url\" content=\"https:\/\/www.industriaslaneko.com\/fr\/qualite\/\" \/>\n<meta property=\"og:site_name\" content=\"Industrias Laneko\" \/>\n<meta property=\"article:modified_time\" content=\"2024-07-02T08:20:49+00:00\" \/>\n<meta name=\"twitter:card\" content=\"summary_large_image\" \/>\n<meta name=\"twitter:label1\" content=\"Dur\u00e9e de lecture estim\u00e9e\" \/>\n\t<meta name=\"twitter:data1\" content=\"4 minutes\" \/>\n<script type=\"application\/ld+json\" class=\"yoast-schema-graph\">{\"@context\":\"https:\\\/\\\/schema.org\",\"@graph\":[{\"@type\":\"WebPage\",\"@id\":\"https:\\\/\\\/www.industriaslaneko.com\\\/fr\\\/qualite\\\/\",\"url\":\"https:\\\/\\\/www.industriaslaneko.com\\\/fr\\\/qualite\\\/\",\"name\":\"Qualit\u00e9 - Industrias Laneko\",\"isPartOf\":{\"@id\":\"https:\\\/\\\/www.industriaslaneko.com\\\/fr\\\/#website\"},\"datePublished\":\"2019-05-07T13:28:12+00:00\",\"dateModified\":\"2024-07-02T08:20:49+00:00\",\"breadcrumb\":{\"@id\":\"https:\\\/\\\/www.industriaslaneko.com\\\/fr\\\/qualite\\\/#breadcrumb\"},\"inLanguage\":\"fr-FR\",\"potentialAction\":[{\"@type\":\"ReadAction\",\"target\":[\"https:\\\/\\\/www.industriaslaneko.com\\\/fr\\\/qualite\\\/\"]}]},{\"@type\":\"BreadcrumbList\",\"@id\":\"https:\\\/\\\/www.industriaslaneko.com\\\/fr\\\/qualite\\\/#breadcrumb\",\"itemListElement\":[{\"@type\":\"ListItem\",\"position\":1,\"name\":\"Portada\",\"item\":\"https:\\\/\\\/www.industriaslaneko.com\\\/fr\\\/\"},{\"@type\":\"ListItem\",\"position\":2,\"name\":\"Qualit\u00e9\"}]},{\"@type\":\"WebSite\",\"@id\":\"https:\\\/\\\/www.industriaslaneko.com\\\/fr\\\/#website\",\"url\":\"https:\\\/\\\/www.industriaslaneko.com\\\/fr\\\/\",\"name\":\"Industrias Laneko\",\"description\":\"Industrias Laneko es una empresa especializada en la fabricaci\u00f3n de torniller\u00eda estampada en caliente, pernos, tirafondos de v\u00eda y proyectos especiales de calderer\u00eda, bienes de equipos, estructura met\u00e1lica, etc.\",\"potentialAction\":[{\"@type\":\"SearchAction\",\"target\":{\"@type\":\"EntryPoint\",\"urlTemplate\":\"https:\\\/\\\/www.industriaslaneko.com\\\/fr\\\/?s={search_term_string}\"},\"query-input\":{\"@type\":\"PropertyValueSpecification\",\"valueRequired\":true,\"valueName\":\"search_term_string\"}}],\"inLanguage\":\"fr-FR\"}]}<\/script>\n<!-- \/ Yoast SEO plugin. -->","yoast_head_json":{"title":"Qualit\u00e9 - Industrias Laneko","robots":{"index":"index","follow":"follow","max-snippet":"max-snippet:-1","max-image-preview":"max-image-preview:large","max-video-preview":"max-video-preview:-1"},"canonical":"https:\/\/www.industriaslaneko.com\/fr\/qualite\/","og_locale":"fr_FR","og_type":"article","og_title":"Qualit\u00e9 - Industrias Laneko","og_description":"[vc_row][vc_column width=\u00a0\u00bb1\/6&Prime;][\/vc_column][vc_column width=\u00a0\u00bb2\/3&Prime;][vc_column_text] Notre objectif est de donner une r\u00e9ponse aux besoins des nos clients et de d\u00e9velopper des produits qui d\u00e9finissent les nouveaux standards de qualit\u00e9. Nous produisons sous normes ISO, EN, ASTM et ASME. [\/vc_column_text][\/vc_column][vc_column width=\u00a0\u00bb1\/6&Prime;][\/vc_column][\/vc_row][vc_row][vc_column][vc_column_text]Laneko dispose d\u2019un syst\u00e8me de gestion int\u00e9gr\u00e9 de Qualit\u00e9, Environnement, S\u00e9curit\u00e9 et Sant\u00e9 [&hellip;]","og_url":"https:\/\/www.industriaslaneko.com\/fr\/qualite\/","og_site_name":"Industrias Laneko","article_modified_time":"2024-07-02T08:20:49+00:00","twitter_card":"summary_large_image","twitter_misc":{"Dur\u00e9e de lecture estim\u00e9e":"4 minutes"},"schema":{"@context":"https:\/\/schema.org","@graph":[{"@type":"WebPage","@id":"https:\/\/www.industriaslaneko.com\/fr\/qualite\/","url":"https:\/\/www.industriaslaneko.com\/fr\/qualite\/","name":"Qualit\u00e9 - Industrias Laneko","isPartOf":{"@id":"https:\/\/www.industriaslaneko.com\/fr\/#website"},"datePublished":"2019-05-07T13:28:12+00:00","dateModified":"2024-07-02T08:20:49+00:00","breadcrumb":{"@id":"https:\/\/www.industriaslaneko.com\/fr\/qualite\/#breadcrumb"},"inLanguage":"fr-FR","potentialAction":[{"@type":"ReadAction","target":["https:\/\/www.industriaslaneko.com\/fr\/qualite\/"]}]},{"@type":"BreadcrumbList","@id":"https:\/\/www.industriaslaneko.com\/fr\/qualite\/#breadcrumb","itemListElement":[{"@type":"ListItem","position":1,"name":"Portada","item":"https:\/\/www.industriaslaneko.com\/fr\/"},{"@type":"ListItem","position":2,"name":"Qualit\u00e9"}]},{"@type":"WebSite","@id":"https:\/\/www.industriaslaneko.com\/fr\/#website","url":"https:\/\/www.industriaslaneko.com\/fr\/","name":"Industrias Laneko","description":"Industrias Laneko es una empresa especializada en la fabricaci\u00f3n de torniller\u00eda estampada en caliente, pernos, tirafondos de v\u00eda y proyectos especiales de calderer\u00eda, bienes de equipos, estructura met\u00e1lica, etc.","potentialAction":[{"@type":"SearchAction","target":{"@type":"EntryPoint","urlTemplate":"https:\/\/www.industriaslaneko.com\/fr\/?s={search_term_string}"},"query-input":{"@type":"PropertyValueSpecification","valueRequired":true,"valueName":"search_term_string"}}],"inLanguage":"fr-FR"}]}},"_links":{"self":[{"href":"https:\/\/www.industriaslaneko.com\/fr\/wp-json\/wp\/v2\/pages\/4300","targetHints":{"allow":["GET"]}}],"collection":[{"href":"https:\/\/www.industriaslaneko.com\/fr\/wp-json\/wp\/v2\/pages"}],"about":[{"href":"https:\/\/www.industriaslaneko.com\/fr\/wp-json\/wp\/v2\/types\/page"}],"author":[{"embeddable":true,"href":"https:\/\/www.industriaslaneko.com\/fr\/wp-json\/wp\/v2\/users\/1"}],"replies":[{"embeddable":true,"href":"https:\/\/www.industriaslaneko.com\/fr\/wp-json\/wp\/v2\/comments?post=4300"}],"version-history":[{"count":19,"href":"https:\/\/www.industriaslaneko.com\/fr\/wp-json\/wp\/v2\/pages\/4300\/revisions"}],"predecessor-version":[{"id":4731,"href":"https:\/\/www.industriaslaneko.com\/fr\/wp-json\/wp\/v2\/pages\/4300\/revisions\/4731"}],"wp:attachment":[{"href":"https:\/\/www.industriaslaneko.com\/fr\/wp-json\/wp\/v2\/media?parent=4300"}],"curies":[{"name":"wp","href":"https:\/\/api.w.org\/{rel}","templated":true}]}}