{"id":4410,"date":"2019-05-07T14:11:05","date_gmt":"2019-05-07T12:11:05","guid":{"rendered":"https:\/\/www.industriaslaneko.com\/?page_id=4410"},"modified":"2019-10-24T17:10:50","modified_gmt":"2019-10-24T15:10:50","slug":"avis-juridique","status":"publish","type":"page","link":"https:\/\/www.industriaslaneko.com\/fr\/avis-juridique\/","title":{"rendered":"Avis juridique"},"content":{"rendered":"<div class=\"logo aviso-legal\">\r\n<h2>CONFIDENTIALIT\u00c9 ET AVIS JURIDIQUE<\/h2>\r\nCet avis juridique (ci-apr\u00e8s appel\u00e9 \u00ab\u00a0Avis juridique\u00a0\u00bb) r\u00e9git l&rsquo;utilisation du service de portail Internet <a href=\"https:\/\/www.industriaslaneko.com\/\">https:\/\/www.industriaslaneko.com\/<\/a> (ci-apr\u00e8s d\u00e9nomm\u00e9 le \u00ab\u00a0Web\u00a0\u00bb) de Industrias Laneko S.A.L. Polygon Sargaitz s \/ n 31840 Uharte-Arakil (Navarre) avec CAF A-31205735.\r\n\r\n&nbsp;\r\n<h3>LEGISLATION<\/h3>\r\nEn g\u00e9n\u00e9ral, les relations entre Industrias Laneko S.A.L. Les utilisateurs de leurs services de t\u00e9l\u00e9matique, pr\u00e9sents sur le Web, sont soumis \u00e0 la l\u00e9gislation et \u00e0 la juridiction espagnoles.\r\n\r\n&nbsp;\r\n<h3>CONTENU ET UTILISATION<\/h3>\r\nL&rsquo;utilisateur est inform\u00e9 et accepte que l&rsquo;acc\u00e8s \u00e0 ce site Web n&rsquo;implique en aucun cas le d\u00e9but d&rsquo;une relation commerciale avec la soci\u00e9t\u00e9.\r\n\r\nLe propri\u00e9taire du site Web ne s&rsquo;identifie pas aux opinions exprim\u00e9es par ses collaborateurs. La Soci\u00e9t\u00e9 se r\u00e9serve le droit d&rsquo;apporter les modifications qu&rsquo;elle jugera appropri\u00e9es sur son site web sans pr\u00e9avis, pouvant changer, supprimer ou ajouter \u00e0 la fois le contenu et les services fournis par son interm\u00e9diaire, ainsi que la mani\u00e8re dont ils sont pr\u00e9sent\u00e9s ou localis\u00e9s. sur leurs serveurs.\r\n\r\n&nbsp;\r\n<h3>PROPRI\u00c9T\u00c9 INTELLECTUELLE ET INDUSTRIELLE<\/h3>\r\nLes droits de propri\u00e9t\u00e9 intellectuelle sur le contenu des pages Web, leur graphisme et leurs codes sont la propri\u00e9t\u00e9 de Industrias Laneko S.A.L. et, par cons\u00e9quent, sa reproduction, distribution, communication publique, transformation ou toute autre activit\u00e9 pouvant \u00eatre r\u00e9alis\u00e9e avec le contenu de ses pages Web ou m\u00eame en citant les sources, sauf avec l&rsquo;accord \u00e9crit de Industrias Laneko S.A.L. Tous les noms commerciaux, marques ou signes autres que ceux mentionn\u00e9s dans les pages Web de la soci\u00e9t\u00e9 sont la propri\u00e9t\u00e9 de leurs propri\u00e9taires et sont prot\u00e9g\u00e9s par la loi.\r\n\r\n&nbsp;\r\n<h3>LIENS<\/h3>\r\nLa pr\u00e9sence de liens sur les sites Internet de Industrias Laneko S.A.L. C&rsquo;est \u00e0 titre informatif seulement et en aucun cas cela n&rsquo;implique une suggestion, une invitation ou une recommandation de leur part.\r\n\r\n<\/div>\r\n<div class=\"load\">\r\n\r\n&nbsp;\r\n<h3>CONFIDENTIALIT\u00c9 ET PROTECTION DES DONN\u00c9ES<\/h3>\r\n\u00c0 l&rsquo;occasion de l&rsquo;application, le 25 mai 2018, du nouveau r\u00e8glement europ\u00e9en sur la protection des donn\u00e9es rempla\u00e7ant les r\u00e9glementations en vigueur, nous vous informons que toutes les donn\u00e9es \u00e0 caract\u00e8re personnel sont fournies dans le cadre de la relation entre Industrias Laneko S.A.L. maintient avec votre entreprise, \u00e0 tout moment et sur une base volontaire, ils seront trait\u00e9s et conserv\u00e9s avec les mesures de s\u00e9curit\u00e9 requises par la l\u00e9gislation sur la protection des donn\u00e9es \u00e0 caract\u00e8re personnel en vigueur.\r\n<h4>Gestionnaire de traitement<\/h4>\r\nLe responsable du traitement des donn\u00e9es personnelles est Industrias Laneko S.A.L.\r\n<h4>Objectifs<\/h4>\r\nLes donn\u00e9es personnelles seront trait\u00e9es exclusivement aux fins suivantes:\r\n&#8211; Processus d&rsquo;enregistrement et de maintenance des fournisseurs\r\n&#8211; gestion des relations\r\n\r\nLes donn\u00e9es personnelles seront conserv\u00e9es tant que la relation commerciale sera maintenue, et ensuite pendant la p\u00e9riode au cours de laquelle un type de responsabilit\u00e9 peut \u00eatre requis du fait de l&rsquo;existence de la relation ou du contrat.\r\n\r\nNous informons les parties int\u00e9ress\u00e9es que leurs donn\u00e9es personnelles ne seront pas soumises \u00e0 des d\u00e9cisions automatis\u00e9es, des profils ou une logique appliqu\u00e9e.\r\n<h4>La l\u00e9gitimation<\/h4>\r\nLa base juridique qui nous autorise \u00e0 collecter et \u00e0 traiter des donn\u00e9es \u00e0 caract\u00e8re personnel est la relation commerciale \u00e9tablie par Industrias Laneko S.A.L. Restez avec votre entreprise ou votre niveau d&rsquo;utilisateur.\r\n<h4>Destinataires<\/h4>\r\nAucun transfert de donn\u00e9es ni transfert vers des pays tiers n&rsquo;est pr\u00e9vu. Les donn\u00e9es seront stock\u00e9es sur des serveurs situ\u00e9s en Europe.\r\n<h4>Droits<\/h4>\r\nIls peuvent exercer leurs droits d&rsquo;acc\u00e8s, de rectification, d&rsquo;opposition, de portabilit\u00e9 et de limitation des donn\u00e9es sur la partie responsable. Pour ce faire, ils doivent adresser une communication par courrier au d\u00e9l\u00e9gu\u00e9 \u00e0 la protection des donn\u00e9es ou par courrier \u00e9lectronique \u00e0 l&rsquo;adresse suivante: comercial @ Industriaslaneko. com, en indiquant dans les deux cas votre nom et votre pr\u00e9nom. Si vous comprenez que vos droits ont \u00e9t\u00e9 viol\u00e9s ou qu\u2019ils n\u2019ont pas \u00e9t\u00e9 pris en charge avec diligence, vous pouvez d\u00e9poser une plainte aupr\u00e8s de l\u2019autorit\u00e9 de surveillance correspondante.\r\n\r\n&nbsp;\r\n<h3>EXACTITUDE ET VERITE DES DONNEES FOURNIES<\/h3>\r\nL&rsquo;utilisateur enregistr\u00e9 ou l&rsquo;abonn\u00e9 aux newsletters est seul responsable de la v\u00e9racit\u00e9 et de l&rsquo;exactitude des donn\u00e9es incluses, en s&rsquo;affranchissant de Industrias Laneko S.A.L. de toute responsabilit\u00e9 \u00e0 cet \u00e9gard. Les utilisateurs garantissent et r\u00e9pondent, dans tous les cas, \u00e0 l&rsquo;exactitude, \u00e0 la validit\u00e9 et \u00e0 l&rsquo;authenticit\u00e9 des donn\u00e9es personnelles fournies, et s&rsquo;engagent \u00e0 les tenir d\u00fbment mises \u00e0 jour. L&rsquo;utilisateur enregistr\u00e9 ou abonn\u00e9 s&rsquo;engage \u00e0 fournir des informations compl\u00e8tes et correctes sur le formulaire d&rsquo;inscription ou d&rsquo;abonnement. de Industrias Laneko S.A.L. Il n&rsquo;est pas responsable de la v\u00e9racit\u00e9 des informations qui ne sont pas sa propre \u00e9laboration et qui sont indiqu\u00e9es par une autre source. Il n&rsquo;assume donc aucune responsabilit\u00e9 quant aux dommages hypoth\u00e9tiques pouvant \u00eatre caus\u00e9s par l&rsquo;utilisation de ces informations par Industrias Laneko S.A.L. se r\u00e9serve le droit de mettre \u00e0 jour, de modifier ou de supprimer les informations contenues dans ses pages Web et peut m\u00eame limiter ou interdire l&rsquo;acc\u00e8s \u00e0 ces informations. Industrias Laneko S.A.L. de responsabilit\u00e9 pour tout dommage ou perte que l&rsquo;utilisateur pourrait subir en raison d&rsquo;erreurs, de d\u00e9fauts ou d&rsquo;omissions, dans les informations fournies par de Industrias Laneko S.A.L. \u00e0 condition qu&rsquo;il provienne d&rsquo;autres sources que Industrias Laneko S.A.L.\r\n\r\n&nbsp;\r\n<h3>TRANSFERT DE DONN\u00c9ES \u00c0 DES TIERS<\/h3>\r\nIndustrias Laneko S.A.L. ne transf\u00e9rera pas les donn\u00e9es de l&rsquo;utilisateur \u00e0 des tiers.\r\n\r\n&nbsp;\r\n<h3>EXERCICE DE DROITS D&rsquo;ACC\u00c8S, DE RECTIFICATION, D&rsquo;ANNULATION ET D&rsquo;OPPOSITION<\/h3>\r\nVous pouvez diriger vos communications et exercer vos droits d&rsquo;acc\u00e8s, de rectification, annulation et opposition \u00e0 l&rsquo;adresse Internet estudio@ilune.com ou par courrier ordinaire \u00e0 l&rsquo;adresse de Industrias Laneko S.A.L. Polygone Sargaitz s \/ n 31840 Uharte-Arakil (Navarre). Pour exercer ces droits et conform\u00e9ment \u00e0 l&rsquo;Instruction 1\/1998 du 19 janvier de l&rsquo;Agence de protection des donn\u00e9es, il est n\u00e9cessaire que vous prouviez votre personnalit\u00e9 contre Industrias Laneko S.A.L. en envoyant une photocopie du document d&rsquo;identit\u00e9 national ou tout autre moyen valable en droit.\r\n\r\n&nbsp;\r\n<h3>MESURE DE S\u00c9CURIT\u00c9<\/h3>\r\nIndustrias Laneko S.A.L. a adopt\u00e9 les niveaux de s\u00e9curit\u00e9 de protection des donn\u00e9es \u00e0 caract\u00e8re personnel l\u00e9galement requis et tente d&rsquo;installer ces autres moyens ainsi que les mesures techniques suppl\u00e9mentaires \u00e0 leur disposition pour \u00e9viter la perte, l&rsquo;utilisation abusive, la modification, l&rsquo;acc\u00e8s non autoris\u00e9 et le vol des donn\u00e9es \u00e0 caract\u00e8re personnel fournies aux industries Laneko SAL ne peut \u00eatre tenu responsable des dommages ou pertes pouvant r\u00e9sulter d&rsquo;interf\u00e9rences, d&rsquo;omissions, d&rsquo;interruptions, de virus informatiques, de pannes de t\u00e9l\u00e9phone ou de d\u00e9connexions dans le fonctionnement de ce syst\u00e8me \u00e9lectronique, motiv\u00e9s par des causes autres que Industrias Laneko S.A.L. des retards ou des blocages dans l&rsquo;utilisation de ce syst\u00e8me \u00e9lectronique caus\u00e9s par des d\u00e9faillances ou des surcharges de lignes t\u00e9l\u00e9phoniques ou des surcharges dans le centre de traitement des donn\u00e9es, le syst\u00e8me Internet ou d&rsquo;autres syst\u00e8mes \u00e9lectroniques, ainsi que des dommages pouvant \u00eatre caus\u00e9s par des tiers des personnes par ing\u00e9rence ill\u00e9gitime \u00e9chappant au contr\u00f4le de Laneko SAL Industries Toutefois, l&rsquo;utilisateur doit savoir que les mesures de s\u00e9curit\u00e9 sur Internet ne sont pas imprenables.\r\n\r\n&nbsp;\r\n<h3>ACCEPTATION ET CONSENTEMENT<\/h3>\r\nL&rsquo;utilisateur d\u00e9clare avoir \u00e9t\u00e9 inform\u00e9 des conditions relatives \u00e0 la protection des donn\u00e9es personnelles, en acceptant et en acceptant le traitement automatis\u00e9 de celles-ci par Industrias Laneko S.A.L. de la mani\u00e8re et aux fins indiqu\u00e9es dans la pr\u00e9sente politique de protection des donn\u00e9es personnelles. Certains services fournis sur le portail peuvent contenir des conditions particuli\u00e8res avec des dispositions sp\u00e9cifiques concernant la protection des donn\u00e9es personnelles.\r\n\r\n&nbsp;\r\n<h3>CONCOURS JUDICIAIRE<\/h3>\r\nLes parties se soumettent, \u00e0 leur choix, aux tribunaux de Pampelune pour la r\u00e9solution des conflits et la renonciation \u00e0 toute autre juridiction.\r\n\r\n<\/div>\r\n\r\n\r\n<!-- \/wp:post-content --><!-- \/wp:freeform -->","protected":false},"excerpt":{"rendered":"<p>CONFIDENTIALIT\u00c9 ET AVIS JURIDIQUE Cet avis juridique (ci-apr\u00e8s appel\u00e9 \u00ab\u00a0Avis juridique\u00a0\u00bb) r\u00e9git l&rsquo;utilisation du service de portail Internet https:\/\/www.industriaslaneko.com\/ (ci-apr\u00e8s d\u00e9nomm\u00e9 le \u00ab\u00a0Web\u00a0\u00bb) de Industrias Laneko S.A.L. Polygon Sargaitz s \/ n 31840 Uharte-Arakil (Navarre) avec CAF A-31205735. &nbsp; LEGISLATION En g\u00e9n\u00e9ral, les relations entre Industrias Laneko S.A.L. Les utilisateurs [&hellip;]<\/p>\n","protected":false},"author":1,"featured_media":0,"parent":0,"menu_order":0,"comment_status":"closed","ping_status":"closed","template":"","meta":{"content-type":"","footnotes":""},"class_list":["post-4410","page","type-page","status-publish","hentry"],"yoast_head":"<!-- This site is optimized with the Yoast SEO plugin v27.5 - https:\/\/yoast.com\/product\/yoast-seo-wordpress\/ -->\n<title>Avis juridique - Industrias Laneko<\/title>\n<meta name=\"robots\" content=\"index, follow, max-snippet:-1, max-image-preview:large, max-video-preview:-1\" \/>\n<link rel=\"canonical\" href=\"https:\/\/www.industriaslaneko.com\/fr\/avis-juridique\/\" \/>\n<meta property=\"og:locale\" content=\"fr_FR\" \/>\n<meta property=\"og:type\" content=\"article\" \/>\n<meta property=\"og:title\" content=\"Avis juridique - Industrias Laneko\" \/>\n<meta property=\"og:description\" content=\"CONFIDENTIALIT\u00c9 ET AVIS JURIDIQUE Cet avis juridique (ci-apr\u00e8s appel\u00e9 \u00ab\u00a0Avis juridique\u00a0\u00bb) r\u00e9git l&rsquo;utilisation du service de portail Internet https:\/\/www.industriaslaneko.com\/ (ci-apr\u00e8s d\u00e9nomm\u00e9 le \u00ab\u00a0Web\u00a0\u00bb) de Industrias Laneko S.A.L. Polygon Sargaitz s \/ n 31840 Uharte-Arakil (Navarre) avec CAF A-31205735. &nbsp; LEGISLATION En g\u00e9n\u00e9ral, les relations entre Industrias Laneko S.A.L. Les utilisateurs [&hellip;]\" \/>\n<meta property=\"og:url\" content=\"https:\/\/www.industriaslaneko.com\/fr\/avis-juridique\/\" \/>\n<meta property=\"og:site_name\" content=\"Industrias Laneko\" \/>\n<meta property=\"article:modified_time\" content=\"2019-10-24T15:10:50+00:00\" \/>\n<meta name=\"twitter:card\" content=\"summary_large_image\" \/>\n<meta name=\"twitter:label1\" content=\"Dur\u00e9e de lecture estim\u00e9e\" \/>\n\t<meta name=\"twitter:data1\" content=\"7 minutes\" \/>\n<script type=\"application\/ld+json\" class=\"yoast-schema-graph\">{\"@context\":\"https:\\\/\\\/schema.org\",\"@graph\":[{\"@type\":\"WebPage\",\"@id\":\"https:\\\/\\\/www.industriaslaneko.com\\\/fr\\\/avis-juridique\\\/\",\"url\":\"https:\\\/\\\/www.industriaslaneko.com\\\/fr\\\/avis-juridique\\\/\",\"name\":\"Avis juridique - Industrias Laneko\",\"isPartOf\":{\"@id\":\"https:\\\/\\\/www.industriaslaneko.com\\\/fr\\\/#website\"},\"datePublished\":\"2019-05-07T12:11:05+00:00\",\"dateModified\":\"2019-10-24T15:10:50+00:00\",\"breadcrumb\":{\"@id\":\"https:\\\/\\\/www.industriaslaneko.com\\\/fr\\\/avis-juridique\\\/#breadcrumb\"},\"inLanguage\":\"fr-FR\",\"potentialAction\":[{\"@type\":\"ReadAction\",\"target\":[\"https:\\\/\\\/www.industriaslaneko.com\\\/fr\\\/avis-juridique\\\/\"]}]},{\"@type\":\"BreadcrumbList\",\"@id\":\"https:\\\/\\\/www.industriaslaneko.com\\\/fr\\\/avis-juridique\\\/#breadcrumb\",\"itemListElement\":[{\"@type\":\"ListItem\",\"position\":1,\"name\":\"Portada\",\"item\":\"https:\\\/\\\/www.industriaslaneko.com\\\/fr\\\/\"},{\"@type\":\"ListItem\",\"position\":2,\"name\":\"Avis juridique\"}]},{\"@type\":\"WebSite\",\"@id\":\"https:\\\/\\\/www.industriaslaneko.com\\\/fr\\\/#website\",\"url\":\"https:\\\/\\\/www.industriaslaneko.com\\\/fr\\\/\",\"name\":\"Industrias Laneko\",\"description\":\"Industrias Laneko es una empresa especializada en la fabricaci\u00f3n de torniller\u00eda estampada en caliente, pernos, tirafondos de v\u00eda y proyectos especiales de calderer\u00eda, bienes de equipos, estructura met\u00e1lica, etc.\",\"potentialAction\":[{\"@type\":\"SearchAction\",\"target\":{\"@type\":\"EntryPoint\",\"urlTemplate\":\"https:\\\/\\\/www.industriaslaneko.com\\\/fr\\\/?s={search_term_string}\"},\"query-input\":{\"@type\":\"PropertyValueSpecification\",\"valueRequired\":true,\"valueName\":\"search_term_string\"}}],\"inLanguage\":\"fr-FR\"}]}<\/script>\n<!-- \/ Yoast SEO plugin. -->","yoast_head_json":{"title":"Avis juridique - Industrias Laneko","robots":{"index":"index","follow":"follow","max-snippet":"max-snippet:-1","max-image-preview":"max-image-preview:large","max-video-preview":"max-video-preview:-1"},"canonical":"https:\/\/www.industriaslaneko.com\/fr\/avis-juridique\/","og_locale":"fr_FR","og_type":"article","og_title":"Avis juridique - Industrias Laneko","og_description":"CONFIDENTIALIT\u00c9 ET AVIS JURIDIQUE Cet avis juridique (ci-apr\u00e8s appel\u00e9 \u00ab\u00a0Avis juridique\u00a0\u00bb) r\u00e9git l&rsquo;utilisation du service de portail Internet https:\/\/www.industriaslaneko.com\/ (ci-apr\u00e8s d\u00e9nomm\u00e9 le \u00ab\u00a0Web\u00a0\u00bb) de Industrias Laneko S.A.L. Polygon Sargaitz s \/ n 31840 Uharte-Arakil (Navarre) avec CAF A-31205735. &nbsp; LEGISLATION En g\u00e9n\u00e9ral, les relations entre Industrias Laneko S.A.L. Les utilisateurs [&hellip;]","og_url":"https:\/\/www.industriaslaneko.com\/fr\/avis-juridique\/","og_site_name":"Industrias Laneko","article_modified_time":"2019-10-24T15:10:50+00:00","twitter_card":"summary_large_image","twitter_misc":{"Dur\u00e9e de lecture estim\u00e9e":"7 minutes"},"schema":{"@context":"https:\/\/schema.org","@graph":[{"@type":"WebPage","@id":"https:\/\/www.industriaslaneko.com\/fr\/avis-juridique\/","url":"https:\/\/www.industriaslaneko.com\/fr\/avis-juridique\/","name":"Avis juridique - Industrias Laneko","isPartOf":{"@id":"https:\/\/www.industriaslaneko.com\/fr\/#website"},"datePublished":"2019-05-07T12:11:05+00:00","dateModified":"2019-10-24T15:10:50+00:00","breadcrumb":{"@id":"https:\/\/www.industriaslaneko.com\/fr\/avis-juridique\/#breadcrumb"},"inLanguage":"fr-FR","potentialAction":[{"@type":"ReadAction","target":["https:\/\/www.industriaslaneko.com\/fr\/avis-juridique\/"]}]},{"@type":"BreadcrumbList","@id":"https:\/\/www.industriaslaneko.com\/fr\/avis-juridique\/#breadcrumb","itemListElement":[{"@type":"ListItem","position":1,"name":"Portada","item":"https:\/\/www.industriaslaneko.com\/fr\/"},{"@type":"ListItem","position":2,"name":"Avis juridique"}]},{"@type":"WebSite","@id":"https:\/\/www.industriaslaneko.com\/fr\/#website","url":"https:\/\/www.industriaslaneko.com\/fr\/","name":"Industrias Laneko","description":"Industrias Laneko es una empresa especializada en la fabricaci\u00f3n de torniller\u00eda estampada en caliente, pernos, tirafondos de v\u00eda y proyectos especiales de calderer\u00eda, bienes de equipos, estructura met\u00e1lica, etc.","potentialAction":[{"@type":"SearchAction","target":{"@type":"EntryPoint","urlTemplate":"https:\/\/www.industriaslaneko.com\/fr\/?s={search_term_string}"},"query-input":{"@type":"PropertyValueSpecification","valueRequired":true,"valueName":"search_term_string"}}],"inLanguage":"fr-FR"}]}},"_links":{"self":[{"href":"https:\/\/www.industriaslaneko.com\/fr\/wp-json\/wp\/v2\/pages\/4410","targetHints":{"allow":["GET"]}}],"collection":[{"href":"https:\/\/www.industriaslaneko.com\/fr\/wp-json\/wp\/v2\/pages"}],"about":[{"href":"https:\/\/www.industriaslaneko.com\/fr\/wp-json\/wp\/v2\/types\/page"}],"author":[{"embeddable":true,"href":"https:\/\/www.industriaslaneko.com\/fr\/wp-json\/wp\/v2\/users\/1"}],"replies":[{"embeddable":true,"href":"https:\/\/www.industriaslaneko.com\/fr\/wp-json\/wp\/v2\/comments?post=4410"}],"version-history":[{"count":3,"href":"https:\/\/www.industriaslaneko.com\/fr\/wp-json\/wp\/v2\/pages\/4410\/revisions"}],"predecessor-version":[{"id":4413,"href":"https:\/\/www.industriaslaneko.com\/fr\/wp-json\/wp\/v2\/pages\/4410\/revisions\/4413"}],"wp:attachment":[{"href":"https:\/\/www.industriaslaneko.com\/fr\/wp-json\/wp\/v2\/media?parent=4410"}],"curies":[{"name":"wp","href":"https:\/\/api.w.org\/{rel}","templated":true}]}}