{"id":4422,"date":"2019-05-07T14:09:30","date_gmt":"2019-05-07T12:09:30","guid":{"rendered":"https:\/\/www.industriaslaneko.com\/?page_id=4422"},"modified":"2019-10-24T17:37:32","modified_gmt":"2019-10-24T15:37:32","slug":"politique-de-cookies","status":"publish","type":"page","link":"https:\/\/www.industriaslaneko.com\/fr\/politique-de-cookies\/","title":{"rendered":"Politique de cookies"},"content":{"rendered":"<p>Ce portail, comme la plupart des portails Internet, utilise des cookies pour am\u00e9liorer l&rsquo;exp\u00e9rience de l&rsquo;utilisateur. Vous trouverez ci-dessous des informations sur les cookies, le type de cookies utilis\u00e9s par ce portail, les moyens de d\u00e9sactiver les cookies sur votre navigateur et les moyens de d\u00e9sactiver l&rsquo;installation de cookies tiers. Si vous ne trouvez pas les informations sp\u00e9cifiques que vous recherchez, veuillez vous adresser \u00e0 <a href=\"mailto:comercial@industriaslaneko.com\">comercial@industriaslaneko.com<\/a><\/p>\n<h2>Que sont les cookies?<\/h2>\n<p>Les cookies sont de petits fichiers que certaines plates-formes, telles que les pages Web, peuvent installer sur votre ordinateur, votre smartphone, votre tablette ou votre t\u00e9l\u00e9viseur connect\u00e9. Ses fonctions peuvent \u00eatre vari\u00e9es: enregistrez vos pr\u00e9f\u00e9rences de navigation, collectez des informations statistiques, autorisez certaines fonctionnalit\u00e9s techniques, etc. Parfois, les cookies sont utilis\u00e9s pour stocker des informations de base sur les habitudes de navigation de l&rsquo;utilisateur ou de son \u00e9quipe, au point, selon le cas, de pouvoir les reconna\u00eetre.<\/p>\n<h2>Pourquoi sont-ils importants?<\/h2>\n<p>Les cookies sont utiles pour plusieurs raisons. D&rsquo;un point de vue technique, elles permettent aux pages Web de fonctionner de mani\u00e8re plus agile et adapt\u00e9e \u00e0 vos pr\u00e9f\u00e9rences, telles que le stockage de votre langue ou la devise de votre pays. En outre, ils aident les responsables de sites Web \u00e0 am\u00e9liorer leurs services gr\u00e2ce aux informations statistiques qu\u2019ils collectent. Enfin, ils servent \u00e0 rendre plus efficace la publicit\u00e9 que nous vous montrons, gr\u00e2ce \u00e0 laquelle nous pouvons vous offrir des services gratuitement.<\/p>\n<h2>Comment utilisons-nous les cookies?<\/h2>\n<p>La navigation sur ce portail signifie que les types de cookies suivants peuvent \u00eatre install\u00e9s:<\/p>\n<h3>Cookies d&rsquo;am\u00e9lioration des performances<\/h3>\n<p>Ce type de cookies conserve vos pr\u00e9f\u00e9rences pour certains outils ou services afin que vous n&rsquo;ayez pas \u00e0 les reconfigurer chaque fois que vous visitez notre portail et, dans certains cas, ils peuvent \u00eatre fournis par des tiers. En voici quelques exemples: volume des lecteurs audiovisuels, pr\u00e9f\u00e9rences de tri des articles ou vitesses de lecture vid\u00e9o compatibles. Dans le cas du commerce \u00e9lectronique, ils vous permettent de conserver des informations sur votre panier.<\/p>\n<h3>Cookies d&rsquo;analyse statistique<\/h3>\n<p>Sont ceux qui, bien trait\u00e9s par nous ou par des tiers, permettent de quantifier le nombre de visiteurs et d\u2019analyser statistiquement l\u2019utilisation faite par les utilisateurs de nos services. Gr\u00e2ce \u00e0 cela, nous pouvons \u00e9tudier la navigation sur notre site Web et ainsi am\u00e9liorer l&rsquo;offre de produits ou services que nous proposons.<\/p>\n<h3>Cookies de g\u00e9olocalisation<\/h3>\n<p>Ces cookies sont utilis\u00e9s par les programmes qui tentent de localiser g\u00e9ographiquement la situation de l\u2019ordinateur, du smartphone, de la tablette ou de la t\u00e9l\u00e9vision connect\u00e9s, afin de vous offrir un contenu et des services plus ad\u00e9quats.<\/p>\n<h3>Cookies d&rsquo;inscription<\/h3>\n<p>Lorsque vous vous inscrivez sur notre portail, des cookies sont g\u00e9n\u00e9r\u00e9s pour vous identifier en tant qu&rsquo;utilisateur enregistr\u00e9 et indiquer \u00e0 quel moment vous vous \u00eates identifi\u00e9 sur le portail.<br \/>\nCes cookies sont utilis\u00e9s pour identifier votre compte d&rsquo;utilisateur et ses services associ\u00e9s. Ces cookies sont conserv\u00e9s tant que vous ne quittez pas le compte, ne fermez pas le navigateur ou n&rsquo;\u00e9teignez pas l&rsquo;appareil.<\/p>\n<p>Ces cookies peuvent \u00eatre utilis\u00e9s en combinaison avec des donn\u00e9es analytiques pour identifier individuellement vos pr\u00e9f\u00e9rences sur notre portail.<\/p>\n<h3>Cookies publicitaires<\/h3>\n<p>Ce sont ceux qui, bien trait\u00e9s par nous ou par des tiers, permettent de g\u00e9rer efficacement les espaces publicitaires de notre site Web, en adaptant le contenu de la publicit\u00e9 au contenu du service demand\u00e9 ou \u00e0 l&rsquo;utilisation que vous faites de notre site Web. Gr\u00e2ce \u00e0 cela, nous pouvons conna\u00eetre vos habitudes de navigation sur Internet et vous montrer des publicit\u00e9s en rapport avec votre profil de navigation.<\/p>\n<h2>Autres cookies tiers<\/h2>\n<p>Dans certaines de nos pages, vous pouvez installer des cookies tiers qui vous permettent de g\u00e9rer et d&rsquo;am\u00e9liorer les services qu&rsquo;ils proposent. Un exemple de cette utilisation sont les liens vers les r\u00e9seaux sociaux qui nous permettent de partager notre contenu.<\/p>\n<h2>Comment puis-je d\u00e9finir mes pr\u00e9f\u00e9rences?<\/h2>\n<p>Vous pouvez autoriser, bloquer ou supprimer les cookies install\u00e9s sur votre appareil en configurant les options de votre navigateur Internet. Si vous les bloquez, certains services n\u00e9cessitant leur utilisation risquent de ne pas \u00eatre disponibles.<br \/>\nCi-dessous, nous proposons des liens o\u00f9 vous trouverez des informations sur la mani\u00e8re d&rsquo;activer vos pr\u00e9f\u00e9rences dans les principaux navigateurs:<\/p>\n<ul>\n<li><a href=\"http:\/\/support.google.com\/chrome\/bin\/answer.py?hl=es&amp;answer=95647\" target=\"_blank\" rel=\"noopener noreferrer\">Google Chrome<\/a><\/li>\n<li><a href=\"http:\/\/support.mozilla.org\/es\/kb\/cookies-informacion-que-los-sitios-web-guardan-en-?redirectlocale=en-US&amp;redirectslug=Cookies\" target=\"_blank\" rel=\"noopener noreferrer\">Mozilla Firefox<\/a><\/li>\n<li><a href=\"http:\/\/support.microsoft.com\/kb\/196955\/es\" target=\"_blank\" rel=\"noopener noreferrer\">Internet Explorer<\/a><\/li>\n<li><a href=\"http:\/\/www.lavanguardia.com\/cookiesSafari.html\" target=\"_blank\" rel=\"noopener noreferrer\">Safari<\/a><\/li>\n<li><a href=\"http:\/\/support.apple.com\/kb\/HT1677?viewlocale=es_ES\" target=\"_blank\" rel=\"noopener noreferrer\">Safari para IOS (iPhone, iPad)<\/a><\/li>\n<li><a href=\"http:\/\/www.macromedia.com\/support\/documentation\/es\/flashplayer\/help\/settings_manager07.html\" target=\"_blank\" rel=\"noopener noreferrer\">Cookies Flash<\/a><\/li>\n<\/ul>\n<p>Enfin, vous pouvez acc\u00e9der au portail <a href=\"http:\/\/www.youronlinechoices.com\/fr\/\">Vos choix en ligne<\/a> o\u00f9, en plus de rechercher des informations utiles, vous pouvez configurer, fournisseur par fournisseur, vos pr\u00e9f\u00e9rences en mati\u00e8re de cookies publicitaires tiers.<\/p>\n<p>Si vous souhaitez nous contacter concernant notre politique de cookies, vous pouvez le faire \u00e0 l&rsquo;adresse <a href=\"mailto:comercial@industriaslaneko.com\">comercial@industriaslaneko.com<\/a><\/p>\n","protected":false},"excerpt":{"rendered":"<p>Ce portail, comme la plupart des portails Internet, utilise des cookies pour am\u00e9liorer l&rsquo;exp\u00e9rience de l&rsquo;utilisateur. Vous trouverez ci-dessous des informations sur les cookies, le type de cookies utilis\u00e9s par ce portail, les moyens de d\u00e9sactiver les cookies sur votre navigateur et les moyens de d\u00e9sactiver l&rsquo;installation de cookies tiers. [&hellip;]<\/p>\n","protected":false},"author":1,"featured_media":0,"parent":0,"menu_order":0,"comment_status":"closed","ping_status":"closed","template":"","meta":{"content-type":"","footnotes":""},"class_list":["post-4422","page","type-page","status-publish","hentry"],"yoast_head":"<!-- This site is optimized with the Yoast SEO plugin v27.5 - https:\/\/yoast.com\/product\/yoast-seo-wordpress\/ -->\n<title>Politique de cookies - Industrias Laneko<\/title>\n<meta name=\"robots\" content=\"index, follow, max-snippet:-1, max-image-preview:large, max-video-preview:-1\" \/>\n<link rel=\"canonical\" href=\"https:\/\/www.industriaslaneko.com\/fr\/politique-de-cookies\/\" \/>\n<meta property=\"og:locale\" content=\"fr_FR\" \/>\n<meta property=\"og:type\" content=\"article\" \/>\n<meta property=\"og:title\" content=\"Politique de cookies - Industrias Laneko\" \/>\n<meta property=\"og:description\" content=\"Ce portail, comme la plupart des portails Internet, utilise des cookies pour am\u00e9liorer l&rsquo;exp\u00e9rience de l&rsquo;utilisateur. Vous trouverez ci-dessous des informations sur les cookies, le type de cookies utilis\u00e9s par ce portail, les moyens de d\u00e9sactiver les cookies sur votre navigateur et les moyens de d\u00e9sactiver l&rsquo;installation de cookies tiers. [&hellip;]\" \/>\n<meta property=\"og:url\" content=\"https:\/\/www.industriaslaneko.com\/fr\/politique-de-cookies\/\" \/>\n<meta property=\"og:site_name\" content=\"Industrias Laneko\" \/>\n<meta property=\"article:modified_time\" content=\"2019-10-24T15:37:32+00:00\" \/>\n<meta name=\"twitter:card\" content=\"summary_large_image\" \/>\n<meta name=\"twitter:label1\" content=\"Dur\u00e9e de lecture estim\u00e9e\" \/>\n\t<meta name=\"twitter:data1\" content=\"4 minutes\" \/>\n<script type=\"application\/ld+json\" class=\"yoast-schema-graph\">{\"@context\":\"https:\\\/\\\/schema.org\",\"@graph\":[{\"@type\":\"WebPage\",\"@id\":\"https:\\\/\\\/www.industriaslaneko.com\\\/fr\\\/politique-de-cookies\\\/\",\"url\":\"https:\\\/\\\/www.industriaslaneko.com\\\/fr\\\/politique-de-cookies\\\/\",\"name\":\"Politique de cookies - Industrias Laneko\",\"isPartOf\":{\"@id\":\"https:\\\/\\\/www.industriaslaneko.com\\\/fr\\\/#website\"},\"datePublished\":\"2019-05-07T12:09:30+00:00\",\"dateModified\":\"2019-10-24T15:37:32+00:00\",\"breadcrumb\":{\"@id\":\"https:\\\/\\\/www.industriaslaneko.com\\\/fr\\\/politique-de-cookies\\\/#breadcrumb\"},\"inLanguage\":\"fr-FR\",\"potentialAction\":[{\"@type\":\"ReadAction\",\"target\":[\"https:\\\/\\\/www.industriaslaneko.com\\\/fr\\\/politique-de-cookies\\\/\"]}]},{\"@type\":\"BreadcrumbList\",\"@id\":\"https:\\\/\\\/www.industriaslaneko.com\\\/fr\\\/politique-de-cookies\\\/#breadcrumb\",\"itemListElement\":[{\"@type\":\"ListItem\",\"position\":1,\"name\":\"Portada\",\"item\":\"https:\\\/\\\/www.industriaslaneko.com\\\/fr\\\/\"},{\"@type\":\"ListItem\",\"position\":2,\"name\":\"Politique de cookies\"}]},{\"@type\":\"WebSite\",\"@id\":\"https:\\\/\\\/www.industriaslaneko.com\\\/fr\\\/#website\",\"url\":\"https:\\\/\\\/www.industriaslaneko.com\\\/fr\\\/\",\"name\":\"Industrias Laneko\",\"description\":\"Industrias Laneko es una empresa especializada en la fabricaci\u00f3n de torniller\u00eda estampada en caliente, pernos, tirafondos de v\u00eda y proyectos especiales de calderer\u00eda, bienes de equipos, estructura met\u00e1lica, etc.\",\"potentialAction\":[{\"@type\":\"SearchAction\",\"target\":{\"@type\":\"EntryPoint\",\"urlTemplate\":\"https:\\\/\\\/www.industriaslaneko.com\\\/fr\\\/?s={search_term_string}\"},\"query-input\":{\"@type\":\"PropertyValueSpecification\",\"valueRequired\":true,\"valueName\":\"search_term_string\"}}],\"inLanguage\":\"fr-FR\"}]}<\/script>\n<!-- \/ Yoast SEO plugin. -->","yoast_head_json":{"title":"Politique de cookies - Industrias Laneko","robots":{"index":"index","follow":"follow","max-snippet":"max-snippet:-1","max-image-preview":"max-image-preview:large","max-video-preview":"max-video-preview:-1"},"canonical":"https:\/\/www.industriaslaneko.com\/fr\/politique-de-cookies\/","og_locale":"fr_FR","og_type":"article","og_title":"Politique de cookies - Industrias Laneko","og_description":"Ce portail, comme la plupart des portails Internet, utilise des cookies pour am\u00e9liorer l&rsquo;exp\u00e9rience de l&rsquo;utilisateur. Vous trouverez ci-dessous des informations sur les cookies, le type de cookies utilis\u00e9s par ce portail, les moyens de d\u00e9sactiver les cookies sur votre navigateur et les moyens de d\u00e9sactiver l&rsquo;installation de cookies tiers. [&hellip;]","og_url":"https:\/\/www.industriaslaneko.com\/fr\/politique-de-cookies\/","og_site_name":"Industrias Laneko","article_modified_time":"2019-10-24T15:37:32+00:00","twitter_card":"summary_large_image","twitter_misc":{"Dur\u00e9e de lecture estim\u00e9e":"4 minutes"},"schema":{"@context":"https:\/\/schema.org","@graph":[{"@type":"WebPage","@id":"https:\/\/www.industriaslaneko.com\/fr\/politique-de-cookies\/","url":"https:\/\/www.industriaslaneko.com\/fr\/politique-de-cookies\/","name":"Politique de cookies - Industrias Laneko","isPartOf":{"@id":"https:\/\/www.industriaslaneko.com\/fr\/#website"},"datePublished":"2019-05-07T12:09:30+00:00","dateModified":"2019-10-24T15:37:32+00:00","breadcrumb":{"@id":"https:\/\/www.industriaslaneko.com\/fr\/politique-de-cookies\/#breadcrumb"},"inLanguage":"fr-FR","potentialAction":[{"@type":"ReadAction","target":["https:\/\/www.industriaslaneko.com\/fr\/politique-de-cookies\/"]}]},{"@type":"BreadcrumbList","@id":"https:\/\/www.industriaslaneko.com\/fr\/politique-de-cookies\/#breadcrumb","itemListElement":[{"@type":"ListItem","position":1,"name":"Portada","item":"https:\/\/www.industriaslaneko.com\/fr\/"},{"@type":"ListItem","position":2,"name":"Politique de cookies"}]},{"@type":"WebSite","@id":"https:\/\/www.industriaslaneko.com\/fr\/#website","url":"https:\/\/www.industriaslaneko.com\/fr\/","name":"Industrias Laneko","description":"Industrias Laneko es una empresa especializada en la fabricaci\u00f3n de torniller\u00eda estampada en caliente, pernos, tirafondos de v\u00eda y proyectos especiales de calderer\u00eda, bienes de equipos, estructura met\u00e1lica, etc.","potentialAction":[{"@type":"SearchAction","target":{"@type":"EntryPoint","urlTemplate":"https:\/\/www.industriaslaneko.com\/fr\/?s={search_term_string}"},"query-input":{"@type":"PropertyValueSpecification","valueRequired":true,"valueName":"search_term_string"}}],"inLanguage":"fr-FR"}]}},"_links":{"self":[{"href":"https:\/\/www.industriaslaneko.com\/fr\/wp-json\/wp\/v2\/pages\/4422","targetHints":{"allow":["GET"]}}],"collection":[{"href":"https:\/\/www.industriaslaneko.com\/fr\/wp-json\/wp\/v2\/pages"}],"about":[{"href":"https:\/\/www.industriaslaneko.com\/fr\/wp-json\/wp\/v2\/types\/page"}],"author":[{"embeddable":true,"href":"https:\/\/www.industriaslaneko.com\/fr\/wp-json\/wp\/v2\/users\/1"}],"replies":[{"embeddable":true,"href":"https:\/\/www.industriaslaneko.com\/fr\/wp-json\/wp\/v2\/comments?post=4422"}],"version-history":[{"count":3,"href":"https:\/\/www.industriaslaneko.com\/fr\/wp-json\/wp\/v2\/pages\/4422\/revisions"}],"predecessor-version":[{"id":4426,"href":"https:\/\/www.industriaslaneko.com\/fr\/wp-json\/wp\/v2\/pages\/4422\/revisions\/4426"}],"wp:attachment":[{"href":"https:\/\/www.industriaslaneko.com\/fr\/wp-json\/wp\/v2\/media?parent=4422"}],"curies":[{"name":"wp","href":"https:\/\/api.w.org\/{rel}","templated":true}]}}